{"id":6435,"date":"2022-01-18T01:43:48","date_gmt":"2022-01-18T00:43:48","guid":{"rendered":"https:\/\/ipg-fragrances.com\/?page_id=6435"},"modified":"2024-02-16T09:43:23","modified_gmt":"2024-02-16T08:43:23","slug":"%d0%be-%d0%bd%d0%b0%d1%81-%d0%b4%d1%83%d1%85%d0%b8-%d0%bf%d0%be%d0%b4-%d0%b7%d0%b0%d0%ba%d0%b0%d0%b7","status":"publish","type":"page","link":"https:\/\/ipg-fragrances.com\/ru\/%d0%be-%d0%bd%d0%b0%d1%81-%d0%b4%d1%83%d1%85%d0%b8-%d0%bf%d0%be%d0%b4-%d0%b7%d0%b0%d0%ba%d0%b0%d0%b7\/","title":{"rendered":"\u041e \u043d\u0430\u0441"},"content":{"rendered":"<div class=\"wpb-content-wrapper\"><p>[vc_row][vc_column][vc_custom_heading text=&#8221;\u041e \u043d\u0430\u0441&#8221; font_container=&#8221;tag:h1|text_align:center&#8221; use_theme_fonts=&#8221;yes&#8221; source=&#8221;post_title&#8221;][\/vc_column][\/vc_row][vc_row el_class=&#8221;p-t-xxl p-b-lg&#8221;][vc_column][vc_custom_heading text=&#8221;<strong>\u0412\u041a\u0420\u0410\u0422\u0426\u0415<\/strong>&#8221; font_container=&#8221;tag:h3|text_align:left&#8221; use_theme_fonts=&#8221;yes&#8221; el_class=&#8221;about-titles&#8221;][\/vc_column][\/vc_row][vc_row][vc_column width=&#8221;1\/3&#8243;]<div class=\"porto-carousel owl-carousel has-ccols has-ccols-spacing ccols-xl-1 ccols-lg-1 ccols-md-1 ccols-sm-1 ccols-1 wpb_custom_e7ff2f73e399f108e428c717da9bcc45\" data-plugin-options=\"{&quot;themeConfig&quot;:true,&quot;stagePadding&quot;:0,&quot;margin&quot;:10,&quot;autoplay&quot;:&quot;yes&quot;,&quot;mouseDrag&quot;:true,&quot;touchDrag&quot;:true,&quot;autoplayTimeout&quot;:3000,&quot;autoplayHoverPause&quot;:false,&quot;items&quot;:1,&quot;xl&quot;:1,&quot;lg&quot;:1,&quot;md&quot;:1,&quot;sm&quot;:1,&quot;xs&quot;:1,&quot;nav&quot;:false,&quot;dots&quot;:&quot;yes&quot;,&quot;animateIn&quot;:&quot;&quot;,&quot;animateOut&quot;:&quot;fadeOut&quot;,&quot;loop&quot;:&quot;yes&quot;,&quot;center&quot;:false,&quot;video&quot;:false,&quot;lazyLoad&quot;:false,&quot;fullscreen&quot;:false}\">[vc_single_image image=&#8221;6350&#8243; img_size=&#8221;full&#8221; alignment=&#8221;center&#8221; style=&#8221;vc_box_outline&#8221;]<\/div>[\/vc_column][vc_column width=&#8221;2\/3&#8243;][vc_column_text]<strong>\u041d\u0410\u0428\u0410 \u0418\u0421\u0422\u041e\u0420\u0418\u042f<\/strong><\/p>\n<p>\u0412\u0441\u0435 \u043d\u0430\u0447\u0430\u043b\u043e\u0441\u044c \u043e\u043a\u043e\u043b\u043e 150 \u043b\u0435\u0442 \u043d\u0430\u0437\u0430\u0434, \u043a\u043e\u0433\u0434\u0430 \u043f\u0440\u0435\u0434\u043a\u0438 \u0418\u0437\u0430\u0431\u0435\u043b\u044c \u041c\u0435\u0439\u043b\u043b\u0435\u0431\u0438\u0430\u0443, \u043d\u0430\u0448\u0435\u0433\u043e \u0441\u043e\u0443\u0447\u0440\u0435\u0434\u0438\u0442\u0435\u043b\u044f \u0438 \u0433\u043b\u0430\u0432\u043d\u043e\u0433\u043e \u043f\u0430\u0440\u0444\u044e\u043c\u0435\u0440\u0430, \u043e\u0441\u043d\u043e\u0432\u0430\u043b\u0438 \u0441\u0432\u043e\u0439 \u043f\u0430\u0440\u0444\u044e\u043c\u0435\u0440\u043d\u044b\u0439 \u0431\u0438\u0437\u043d\u0435\u0441 \u0432 \u0413\u0440\u0430\u0441\u0441\u0435, \u0424\u0440\u0430\u043d\u0446\u0438\u044f. \u041e\u043a\u043e\u043b\u043e 15 \u043b\u0435\u0442 \u043d\u0430\u0437\u0430\u0434 \u0418\u0437\u0430\u0431\u0435\u043b\u044c \u0438 \u041f\u0430\u043d\u0430\u0439\u043e \u0432\u0437\u044f\u043b\u0438\u0441\u044c \u0437\u0430 \u043f\u0440\u043e\u0434\u043e\u043b\u0436\u0435\u043d\u0438\u0435 \u044d\u0442\u043e\u0439 \u0434\u0430\u0432\u043d\u0435\u0439 \u0441\u0435\u043c\u0435\u0439\u043d\u043e\u0439 \u0442\u0440\u0430\u0434\u0438\u0446\u0438\u0438 \u0438 \u0443\u0432\u0435\u043a\u043e\u0432\u0435\u0447\u0438\u0432\u0430\u043d\u0438\u0435 \u0432\u044b\u0441\u043e\u043a\u043e\u0433\u043e \u0438\u0441\u043a\u0443\u0441\u0441\u0442\u0432\u0430 \u043f\u0430\u0440\u0444\u044e\u043c\u0435\u0440\u0438\u0438. \u041c\u044b \u0433\u043e\u0440\u0434\u0438\u043c\u0441\u044f \u0442\u0435\u043c, \u0447\u0442\u043e \u043f\u0440\u043e\u0434\u043e\u043b\u0436\u0430\u0435\u043c \u044d\u0442\u0443 \u0442\u0440\u0430\u0434\u0438\u0446\u0438\u044e \u043f\u043e \u0441\u0435\u0439 \u0434\u0435\u043d\u044c \u0438 \u043d\u0430\u0434\u0435\u0435\u043c\u0441\u044f \u043f\u0435\u0440\u0435\u0434\u0430\u0442\u044c \u044d\u0442\u043e \u0434\u0440\u0430\u0433\u043e\u0446\u0435\u043d\u043d\u043e\u0435 \u043c\u0430\u0441\u0442\u0435\u0440\u0441\u0442\u0432\u043e \u0441\u043b\u0435\u0434\u0443\u044e\u0449\u0435\u043c\u0443 \u043f\u043e\u043a\u043e\u043b\u0435\u043d\u0438\u044e.<\/p>\n<p><strong>\u041d\u0410\u0428 \u0413\u041b\u0410\u0412\u041d\u042b\u0419 \u041f\u0410\u0420\u0424\u042e\u041c\u0415\u0420<\/strong><\/p>\n<p>\u0417\u0430 \u043f\u043e\u0441\u043b\u0435\u0434\u043d\u0438\u0435 25 \u043b\u0435\u0442 Isabelle Maillebiau \u0441\u043e\u0437\u0434\u0430\u043b\u0430 \u0440\u0430\u0437\u043d\u043e\u043e\u0431\u0440\u0430\u0437\u043d\u0443\u044e \u0438 \u0441\u0442\u0440\u0430\u0441\u0442\u043d\u0443\u044e \u0432\u0441\u0435\u043b\u0435\u043d\u043d\u0443\u044e, \u0432 \u0447\u0430\u0441\u0442\u043d\u043e\u0441\u0442\u0438, \u0432 \u043c\u0438\u0440\u0435 \u043f\u0430\u0440\u0444\u044e\u043c\u0435\u0440\u043d\u043e\u0439 \u043f\u0440\u043e\u0434\u0443\u043a\u0446\u0438\u0438. \u0417\u0430 \u0441\u0432\u043e\u044e \u043a\u0430\u0440\u044c\u0435\u0440\u0443 \u043e\u043d\u0430 \u043f\u043e\u0434\u043f\u0438\u0441\u0430\u043b\u0430 \u043a\u043e\u043d\u0442\u0440\u0430\u043a\u0442\u044b \u0441 Gucci, Christofle, Lancel, Manolo Blahnik, Dior, C\u00e9line, Boucheron, Patek Philippe, Lacroix, Sonia Rykiel, Sisley, Boucheron, &#8230; \u043d\u0435 \u0437\u0430\u0431\u044b\u0432\u0430\u044f \u043e \u0441\u043e\u0437\u0434\u0430\u043d\u0438\u0438 \u043e\u0431\u043e\u043d\u044f\u0442\u0435\u043b\u044c\u043d\u044b\u0445 \u0430\u0440\u043e\u043c\u0430\u0442\u043e\u0432 \u0434\u043b\u044f \u0441\u0430\u043c\u044b\u0445 \u0438\u0437\u0432\u0435\u0441\u0442\u043d\u044b\u0445 \u043e\u0442\u0435\u043b\u0435\u0439 \u043c\u0438\u0440\u0430: le Plaza Ath\u00e9n\u00e9e, le Meurice, le George V, Grand H\u00f4tel du Lac Switzerland&#8230;..<\/p>\n<p><strong>\u0421\u0415\u0420\u0422\u0418\u0424\u0418\u041a\u0410\u0422\u042b<\/strong><\/p>\n<p>\u041c\u044b \u0440\u0430\u0431\u043e\u0442\u0430\u0435\u043c \u0438\u0437 \u0428\u0432\u0435\u0439\u0446\u0430\u0440\u0438\u0438 \u0438 \u0411\u043e\u043b\u0433\u0430\u0440\u0438\u0438 (\u0441\u0442\u0440\u0430\u043d\u044b, \u043d\u0435 \u0432\u0445\u043e\u0434\u044f\u0449\u0438\u0435 \u0438 \u0432\u0445\u043e\u0434\u044f\u0449\u0438\u0435 \u0432 \u0415\u0421 \u0441\u043e\u043e\u0442\u0432\u0435\u0442\u0441\u0442\u0432\u0435\u043d\u043d\u043e). \u0418\u043c\u0435\u044f \u0441\u0435\u0440\u0442\u0438\u0444\u0438\u043a\u0430\u0442 <a href=\"https:\/\/ec.europa.eu\/growth\/single-market\/european-standards\/harmonised-standards\/cosmetic-products_en\" target=\"_blank\" rel=\"noopener\"><strong>EU GMP CERTIFIED<\/strong><\/a> (EUROPEAN UNION GMP) \u043d\u0430 \u043f\u0430\u0440\u0444\u044e\u043c\u0435\u0440\u043d\u043e-\u043a\u043e\u0441\u043c\u0435\u0442\u0438\u0447\u0435\u0441\u043a\u0443\u044e \u043f\u0440\u043e\u0434\u0443\u043a\u0446\u0438\u044e, \u043c\u044b \u043f\u0440\u043e\u0438\u0437\u0432\u043e\u0434\u0438\u043c \u0438 \u043f\u043e\u0441\u0442\u0430\u0432\u043b\u044f\u0435\u043c \u043d\u0430 \u0440\u044b\u043d\u043e\u043a \u043f\u0440\u043e\u0434\u0443\u043a\u0446\u0438\u044e \u043d\u0430 \u0442\u0435\u0440\u0440\u0438\u0442\u043e\u0440\u0438\u0438 \u0428\u0432\u0435\u0439\u0446\u0430\u0440\u0438\u0438, \u0415\u0432\u0440\u043e\u043f\u0435\u0439\u0441\u043a\u043e\u0433\u043e \u0421\u043e\u044e\u0437\u0430 \u0438 \u0437\u0430 \u0435\u0433\u043e \u043f\u0440\u0435\u0434\u0435\u043b\u0430\u043c\u0438. \u041b\u0438\u0446\u0435\u043d\u0437\u0438\u044f \u2116 2219024393.<\/p>\n<p><strong>\u041a\u041e\u041c\u041f\u041b\u0415\u041a\u0421\u041d\u042b\u0415 \u0420\u0415\u0428\u0415\u041d\u0418\u042f<\/strong><\/p>\n<p>\u041e\u0442 \u0437\u0430\u0434\u0443\u043c\u043a\u0438 \u0434\u043e \u043f\u0440\u043e\u0438\u0437\u0432\u043e\u0434\u0441\u0442\u0432\u0430, \u0442\u0435\u0441\u0442\u0438\u0440\u043e\u0432\u0430\u043d\u0438\u044f, \u0445\u0440\u0430\u043d\u0435\u043d\u0438\u044f \u0438 \u0441\u043e\u0431\u043b\u044e\u0434\u0435\u043d\u0438\u044f \u0437\u0430\u043a\u043e\u043d\u043e\u0434\u0430\u0442\u0435\u043b\u044c\u0441\u0442\u0432\u0430 &#8211; \u043e\u0431\u043e \u0432\u0441\u0435\u043c \u044d\u0442\u043e\u043c \u043c\u044b \u043f\u043e\u0437\u0430\u0431\u043e\u0442\u0438\u043c\u0441\u044f. \u041a\u0430\u043a \u0432\u0430\u0448 \u043f\u0430\u0440\u0444\u044e\u043c\u0435\u0440 \u0438 \u043f\u0440\u043e\u0438\u0437\u0432\u043e\u0434\u0438\u0442\u0435\u043b\u044c, \u043c\u044b \u043f\u043e\u043c\u043e\u0436\u0435\u043c \u0432\u0430\u043c \u0432 \u0441\u043e\u0437\u0434\u0430\u043d\u0438\u0438 \u0438 \u043f\u0440\u043e\u0438\u0437\u0432\u043e\u0434\u0441\u0442\u0432\u0435 \u0432\u0430\u0448\u0435\u0439 \u043f\u0430\u0440\u0444\u044e\u043c\u0435\u0440\u0438\u0438, \u0441\u0432\u0435\u0447\u0435\u0439, \u043a\u043e\u0441\u043c\u0435\u0442\u0438\u043a\u0438, \u0440\u0435\u043a\u043b\u0430\u043c\u043d\u043e\u0439 \u043f\u0440\u043e\u0434\u0443\u043a\u0446\u0438\u0438 \u043d\u0430 \u0437\u0430\u043a\u0430\u0437&#8230;.. \u041f\u0440\u0438 \u043d\u0435\u043e\u0431\u0445\u043e\u0434\u0438\u043c\u043e\u0441\u0442\u0438 \u043c\u044b \u043c\u043e\u0436\u0435\u043c \u043f\u043e\u0434\u0433\u043e\u0442\u043e\u0432\u0438\u0442\u044c <strong>\u044d\u043a\u0441\u043f\u043e\u0440\u0442\u043d\u0443\u044e \u0434\u043e\u043a\u0443\u043c\u0435\u043d\u0442\u0430\u0446\u0438\u044e \u0438 \u0441\u0435\u0440\u0442\u0438\u0444\u0438\u043a\u0430\u0442\u044b<\/strong> <strong><a href=\"https:\/\/www.tuv.com\/world\/en\/\" target=\"_blank\" rel=\"noopener\">TUV<\/a> \/ <a href=\"https:\/\/www.sgs.com\/\" target=\"_blank\" rel=\"noopener\">SGS<\/a> \/ <a href=\"https:\/\/www.intertek.com\/\" target=\"_blank\" rel=\"noopener\">Intertek<\/a><\/strong>. \u0417\u0430 \u044d\u0442\u0438 \u0443\u0441\u043b\u0443\u0433\u0438 \u0432\u0437\u0438\u043c\u0430\u0435\u0442\u0441\u044f \u0434\u043e\u043f\u043e\u043b\u043d\u0438\u0442\u0435\u043b\u044c\u043d\u0430\u044f \u043f\u043b\u0430\u0442\u0430.[\/vc_column_text][\/vc_column][\/vc_row][vc_row el_class=&#8221;p-b-lg&#8221;][vc_column][vc_separator color=&#8221;custom&#8221; gap=&#8221;tall&#8221; accent_color=&#8221;#dbdbdb&#8221;][vc_row_inner][vc_column_inner width=&#8221;1\/2&#8243; animation_duration=&#8221;100000&#8243; offset=&#8221;vc_col-md-3&#8243;][vc_pie value=&#8221;1260&#8243; type=&#8221;default&#8221; title=&#8221;\u041f\u0440\u043e\u0435\u043a\u0442\u044b&#8221; units=&#8221;1000&#8243;][\/vc_column_inner][vc_column_inner width=&#8221;1\/2&#8243; animation_duration=&#8221;10000&#8243; offset=&#8221;vc_col-md-3&#8243;][vc_pie value=&#8221;600&#8243; type=&#8221;default&#8221; title=&#8221;\u0422\u043e\u0432\u0430\u0440\u044b&#8221; units=&#8221;685000&#8243;][\/vc_column_inner][vc_column_inner width=&#8221;1\/2&#8243; animation_duration=&#8221;100000000&#8243; animation_delay=&#8221;10000000&#8243; offset=&#8221;vc_col-md-3&#8243;][vc_pie value=&#8221;4&#8243; type=&#8221;default&#8221; title=&#8221;\u041d\u0430 \u043a\u043e\u043d\u0442\u0438\u043d\u0435\u043d\u0442\u0430\u0445&#8221;][\/vc_column_inner][vc_column_inner width=&#8221;1\/2&#8243; animation_duration=&#8221;10000&#8243; offset=&#8221;vc_col-md-3&#8243;][vc_pie value=&#8221;16&#8243; type=&#8221;default&#8221; title=&#8221;\u041a\u0430\u0442\u0435\u0433\u043e\u0440\u0438\u0438&#8221; units=&#8221;0&#8243;][\/vc_column_inner][\/vc_row_inner][vc_separator color=&#8221;custom&#8221; gap=&#8221;tall&#8221; accent_color=&#8221;#dbdbdb&#8221;][\/vc_column][\/vc_row][vc_row][vc_column][vc_custom_heading text=&#8221;\u041d\u0410\u0428 <strong>\u041c\u0418\u0421\u0421\u0418\u042f<\/strong>&#8221; font_container=&#8221;tag:h3|text_align:left&#8221; use_theme_fonts=&#8221;yes&#8221; el_class=&#8221;about-titles&#8221;][vc_column_text]\u0423\u043b\u0430\u0432\u043b\u0438\u0432\u0430\u0439\u0442\u0435 \u043d\u0435\u0437\u0430\u043c\u0435\u0442\u043d\u043e\u0435, \u0447\u0442\u043e\u0431\u044b \u0432\u044b\u0440\u0430\u0441\u0442\u0438\u0442\u044c \u0443\u043d\u0438\u043a\u0430\u043b\u044c\u043d\u043e\u0435[\/vc_column_text][\/vc_column][\/vc_row][vc_row][vc_column][vc_custom_heading text=&#8221;\u041d\u0410\u0428\u0410 <strong>\u0421\u0422\u0420\u0410\u0421\u0422\u042c<\/strong>&#8221; font_container=&#8221;tag:h3|text_align:left&#8221; use_theme_fonts=&#8221;yes&#8221; el_class=&#8221;about-titles&#8221;][vc_column_text]\u0422\u0432\u043e\u0440\u0447\u0435\u0441\u0442\u0432\u043e. \u041c\u044b \u0441\u0442\u0440\u0435\u043c\u0438\u043c\u0441\u044f \u0431\u044b\u0442\u044c \u0443\u043d\u0438\u043a\u0430\u043b\u044c\u043d\u044b\u043c\u0438, \u0441\u043e\u0447\u0435\u0442\u0430\u044f \u0432\u044b\u0441\u043e\u0447\u0430\u0439\u0448\u0435\u0435 \u043a\u0430\u0447\u0435\u0441\u0442\u0432\u043e \u0441 \u0434\u043e\u0441\u0442\u0443\u043f\u043d\u043e\u0441\u0442\u044c\u044e \u0438 \u0433\u0438\u0431\u043a\u043e\u0441\u0442\u044c\u044e. <strong><a href=\"https:\/\/ipg-fragrances.com\/gallery\/\">\u041d\u0430\u0448\u0438 \u0442\u0432\u043e\u0440\u0435\u043d\u0438\u044f<\/a><\/strong> \u0433\u043e\u0432\u043e\u0440\u044f\u0442 \u0441\u0430\u043c\u0438 \u0437\u0430 \u0441\u0435\u0431\u044f. \u041a\u0430\u043a \u043d\u0430\u0448 \u043f\u0430\u0440\u0444\u044e\u043c\u0435\u0440, \u043c\u044b \u043f\u043e\u043c\u043e\u0436\u0435\u043c \u0432\u0430\u043c \u0432 \u0441\u043e\u0437\u0434\u0430\u043d\u0438\u0438 \u043f\u0430\u0440\u0444\u044e\u043c\u0435\u0440\u0438\u0438 \u043d\u0430 \u0437\u0430\u043a\u0430\u0437, \u0441\u0432\u0435\u0447\u0435\u0439, \u043a\u043e\u0441\u043c\u0435\u0442\u0438\u043a\u0438, \u0440\u0435\u043a\u043b\u0430\u043c\u043d\u043e\u0439 \u043f\u0440\u043e\u0434\u0443\u043a\u0446\u0438\u0438 \u0438 \u043c\u043d\u043e\u0433\u043e\u0433\u043e \u0434\u0440\u0443\u0433\u043e\u0433\u043e.[\/vc_column_text][\/vc_column][\/vc_row][vc_row][vc_column][vc_custom_heading text=&#8221;\u041d\u0410\u0428\u0410 <strong>\u041f\u041b\u0410\u041d\u0415\u0422\u0410<\/strong>&#8221; font_container=&#8221;tag:h3|text_align:left&#8221; use_theme_fonts=&#8221;yes&#8221; el_class=&#8221;about-titles&#8221;][vc_column_text]\u041f\u0440\u0438\u0440\u043e\u0434\u0430 \u0438 \u0435\u0435 \u0440\u0430\u0437\u043d\u043e\u043e\u0431\u0440\u0430\u0437\u0438\u0435 &#8211; \u043d\u0430\u0448 \u0433\u043b\u0430\u0432\u043d\u044b\u0439 \u0438\u0441\u0442\u043e\u0447\u043d\u0438\u043a \u0432\u0434\u043e\u0445\u043d\u043e\u0432\u0435\u043d\u0438\u044f. \u041d\u0430\u0448\u0430 \u043c\u0438\u0441\u0441\u0438\u044f &#8211; \u0441\u043e\u0445\u0440\u0430\u043d\u0438\u0442\u044c \u0435\u0435 \u0438 \u043c\u0438\u043d\u0438\u043c\u0438\u0437\u0438\u0440\u043e\u0432\u0430\u0442\u044c \u0432\u043e\u0437\u0434\u0435\u0439\u0441\u0442\u0432\u0438\u0435 \u043d\u0430\u0448\u0435\u0439 \u0434\u0435\u044f\u0442\u0435\u043b\u044c\u043d\u043e\u0441\u0442\u0438 \u043d\u0430 \u043e\u043a\u0440\u0443\u0436\u0430\u044e\u0449\u0443\u044e \u0441\u0440\u0435\u0434\u0443.<\/p>\n<p>\u041c\u044b \u0438\u0441\u043f\u043e\u043b\u044c\u0437\u0443\u0435\u043c \u0432 \u043c\u0430\u043a\u0441\u0438\u043c\u0430\u043b\u044c\u043d\u043e \u0432\u043e\u0437\u043c\u043e\u0436\u043d\u043e\u0439 \u0441\u0442\u0435\u043f\u0435\u043d\u0438 100% \u043f\u0435\u0440\u0435\u0440\u0430\u0431\u0430\u0442\u044b\u0432\u0430\u0435\u043c\u044b\u0435 \u043c\u0430\u0442\u0435\u0440\u0438\u0430\u043b\u044b, \u0442\u0430\u043a\u0438\u0435 \u043a\u0430\u043a \u0441\u0442\u0435\u043a\u043b\u043e, \u043c\u0435\u0442\u0430\u043b\u043b \u0438 \u043f\u0435\u0440\u0435\u0440\u0430\u0431\u043e\u0442\u0430\u043d\u043d\u0430\u044f \u0431\u0443\u043c\u0430\u0433\u0430. \u041c\u044b \u0443\u0447\u0430\u0441\u0442\u0432\u0443\u0435\u043c \u0432 \u0440\u0430\u0437\u043b\u0438\u0447\u043d\u044b\u0445 \u0433\u043e\u0441\u0443\u0434\u0430\u0440\u0441\u0442\u0432\u0435\u043d\u043d\u044b\u0445 \u0430\u0441\u0441\u043e\u0446\u0438\u0430\u0446\u0438\u044f\u0445 \u043f\u043e \u043f\u0435\u0440\u0435\u0440\u0430\u0431\u043e\u0442\u043a\u0435 \u043e\u0442\u0445\u043e\u0434\u043e\u0432 (Citeo, Ecopak&#8230;).[\/vc_column_text][\/vc_column][\/vc_row]<\/p>\n<\/div>","protected":false},"excerpt":{"rendered":"<p>[vc_row][vc_column][vc_custom_heading text=&#8221;\u041e \u043d\u0430\u0441&#8221; font_container=&#8221;tag:h1|text_align:center&#8221; use_theme_fonts=&#8221;yes&#8221; source=&#8221;post_title&#8221;][\/vc_column][\/vc_row][vc_row el_class=&#8221;p-t-xxl p-b-lg&#8221;][vc_column][vc_custom_heading text=&#8221;\u0412\u041a\u0420\u0410\u0422\u0426\u0415&#8221; font_container=&#8221;tag:h3|text_align:left&#8221; use_theme_fonts=&#8221;yes&#8221; el_class=&#8221;about-titles&#8221;][\/vc_column][\/vc_row][vc_row][vc_column width=&#8221;1\/3&#8243;][\/vc_column][vc_column width=&#8221;2\/3&#8243;][vc_column_text]\u041d\u0410\u0428\u0410 \u0418\u0421\u0422\u041e\u0420\u0418\u042f \u0412\u0441\u0435 \u043d\u0430\u0447\u0430\u043b\u043e\u0441\u044c \u043e\u043a\u043e\u043b\u043e 150 \u043b\u0435\u0442 \u043d\u0430\u0437\u0430\u0434, \u043a\u043e\u0433\u0434\u0430 \u043f\u0440\u0435\u0434\u043a\u0438 \u0418\u0437\u0430\u0431\u0435\u043b\u044c \u041c\u0435\u0439\u043b\u043b\u0435\u0431\u0438\u0430\u0443, \u043d\u0430\u0448\u0435\u0433\u043e \u0441\u043e\u0443\u0447\u0440\u0435\u0434\u0438\u0442\u0435\u043b\u044f \u0438 \u0433\u043b\u0430\u0432\u043d\u043e\u0433\u043e \u043f\u0430\u0440\u0444\u044e\u043c\u0435\u0440\u0430, \u043e\u0441\u043d\u043e\u0432\u0430\u043b\u0438 \u0441\u0432\u043e\u0439 \u043f\u0430\u0440\u0444\u044e\u043c\u0435\u0440\u043d\u044b\u0439 \u0431\u0438\u0437\u043d\u0435\u0441 \u0432 \u0413\u0440\u0430\u0441\u0441\u0435, \u0424\u0440\u0430\u043d\u0446\u0438\u044f. \u041e\u043a\u043e\u043b\u043e 15 \u043b\u0435\u0442 \u043d\u0430\u0437\u0430\u0434 \u0418\u0437\u0430\u0431\u0435\u043b\u044c \u0438 \u041f\u0430\u043d\u0430\u0439\u043e \u0432\u0437\u044f\u043b\u0438\u0441\u044c \u0437\u0430 \u043f\u0440\u043e\u0434\u043e\u043b\u0436\u0435\u043d\u0438\u0435 \u044d\u0442\u043e\u0439 \u0434\u0430\u0432\u043d\u0435\u0439 \u0441\u0435\u043c\u0435\u0439\u043d\u043e\u0439 \u0442\u0440\u0430\u0434\u0438\u0446\u0438\u0438 \u0438 \u0443\u0432\u0435\u043a\u043e\u0432\u0435\u0447\u0438\u0432\u0430\u043d\u0438\u0435 \u0432\u044b\u0441\u043e\u043a\u043e\u0433\u043e \u0438\u0441\u043a\u0443\u0441\u0441\u0442\u0432\u0430 [&hellip;]<\/p>\n","protected":false},"author":2,"featured_media":0,"parent":0,"menu_order":0,"comment_status":"closed","ping_status":"closed","template":"","meta":{"footnotes":""},"class_list":["post-6435","page","type-page","status-publish","hentry"],"_links":{"self":[{"href":"https:\/\/ipg-fragrances.com\/ru\/wp-json\/wp\/v2\/pages\/6435","targetHints":{"allow":["GET"]}}],"collection":[{"href":"https:\/\/ipg-fragrances.com\/ru\/wp-json\/wp\/v2\/pages"}],"about":[{"href":"https:\/\/ipg-fragrances.com\/ru\/wp-json\/wp\/v2\/types\/page"}],"author":[{"embeddable":true,"href":"https:\/\/ipg-fragrances.com\/ru\/wp-json\/wp\/v2\/users\/2"}],"replies":[{"embeddable":true,"href":"https:\/\/ipg-fragrances.com\/ru\/wp-json\/wp\/v2\/comments?post=6435"}],"version-history":[{"count":9,"href":"https:\/\/ipg-fragrances.com\/ru\/wp-json\/wp\/v2\/pages\/6435\/revisions"}],"predecessor-version":[{"id":6926,"href":"https:\/\/ipg-fragrances.com\/ru\/wp-json\/wp\/v2\/pages\/6435\/revisions\/6926"}],"wp:attachment":[{"href":"https:\/\/ipg-fragrances.com\/ru\/wp-json\/wp\/v2\/media?parent=6435"}],"curies":[{"name":"wp","href":"https:\/\/api.w.org\/{rel}","templated":true}]}}