{"id":4173,"date":"2020-10-10T09:39:40","date_gmt":"2020-10-10T07:39:40","guid":{"rendered":"https:\/\/ipg-fragrances.com\/?post_type=product&#038;p=4173"},"modified":"2026-02-07T08:20:18","modified_gmt":"2026-02-07T07:20:18","slug":"perfumes-for-scent-diffusers","status":"publish","type":"product","link":"https:\/\/ipg-fragrances.com\/fr\/produkt\/perfumes-for-scent-diffusers\/","title":{"rendered":"Parfums pour diffuseurs"},"content":{"rendered":"<p>Concentr\u00e9 de parfum pour nos machines de diffusion (200 ml).<\/p>\n<p><span data-language-for-alternatives=\"fr\" data-language-to-translate-into=\"en\" data-phrase-index=\"0\" data-number-of-phrases=\"1\">Jusqu&#8217;\u00e0 3 mois de consommation (intensit\u00e9 moyenne , 8 heures par jour, 5 jours par semaine)<\/span><\/p>\n","protected":false},"excerpt":{"rendered":"<p>Concentr\u00e9 de parfum pour nos machines de diffusion (200 ml). Jusqu&#8217;\u00e0 3 mois de consommation (intensit\u00e9 moyenne , 8 heures par jour, 5 jours par semaine)<\/p>\n","protected":false},"featured_media":4140,"template":"","meta":[],"product_brand":[],"product_cat":[207,209,208,206,205],"product_tag":[],"class_list":{"0":"post-4173","1":"product","2":"type-product","3":"status-publish","4":"has-post-thumbnail","6":"product_cat-solutions-batiment-mall","7":"product_cat-solutions-boutique","8":"product_cat-solutions-bureau","9":"product_cat-solutions-hotel-spa-gym","10":"product_cat-solutions-maison","12":"first","13":"instock","14":"taxable","15":"shipping-taxable","16":"product-type-simple"},"_links":{"self":[{"href":"https:\/\/ipg-fragrances.com\/fr\/wp-json\/wp\/v2\/product\/4173","targetHints":{"allow":["GET"]}}],"collection":[{"href":"https:\/\/ipg-fragrances.com\/fr\/wp-json\/wp\/v2\/product"}],"about":[{"href":"https:\/\/ipg-fragrances.com\/fr\/wp-json\/wp\/v2\/types\/product"}],"wp:featuredmedia":[{"embeddable":true,"href":"https:\/\/ipg-fragrances.com\/fr\/wp-json\/wp\/v2\/media\/4140"}],"wp:attachment":[{"href":"https:\/\/ipg-fragrances.com\/fr\/wp-json\/wp\/v2\/media?parent=4173"}],"wp:term":[{"taxonomy":"product_brand","embeddable":true,"href":"https:\/\/ipg-fragrances.com\/fr\/wp-json\/wp\/v2\/product_brand?post=4173"},{"taxonomy":"product_cat","embeddable":true,"href":"https:\/\/ipg-fragrances.com\/fr\/wp-json\/wp\/v2\/product_cat?post=4173"},{"taxonomy":"product_tag","embeddable":true,"href":"https:\/\/ipg-fragrances.com\/fr\/wp-json\/wp\/v2\/product_tag?post=4173"}],"curies":[{"name":"wp","href":"https:\/\/api.w.org\/{rel}","templated":true}]}}