{"id":4504,"date":"2020-08-06T23:40:29","date_gmt":"2020-08-06T21:40:29","guid":{"rendered":"https:\/\/ipg-fragrances.com\/?page_id=4504"},"modified":"2026-02-12T21:52:41","modified_gmt":"2026-02-12T20:52:41","slug":"informations-sur-la-securite-et-la-confidentialite","status":"publish","type":"page","link":"https:\/\/ipg-fragrances.com\/fr\/informations-sur-la-securite-et-la-confidentialite\/","title":{"rendered":"Informations sur la s\u00e9curit\u00e9 et la confidentialit\u00e9"},"content":{"rendered":"\t\t<div data-elementor-type=\"wp-page\" data-elementor-id=\"4504\" class=\"elementor elementor-4504 elementor-1802\" data-elementor-post-type=\"page\">\n\t\t\t\t\t\t<section class=\"elementor-section elementor-top-section elementor-element elementor-element-65b582e elementor-section-boxed elementor-section-height-default elementor-section-height-default\" data-id=\"65b582e\" data-element_type=\"section\" data-e-type=\"section\">\r\n\t\t\r\n\t\t\t\t\t\t\t<div class=\"elementor-container elementor-column-gap-default\">\r\n\t\t\t\t\t\t\t\t\t\t\t<div class=\"elementor-column elementor-col-100 elementor-top-column elementor-element elementor-element-28ba9d9\" data-id=\"28ba9d9\" data-element_type=\"column\" data-e-type=\"column\">\r\n\t\t\t\t\t<div class=\"elementor-widget-wrap elementor-element-populated\">\r\n\t\t\t\t\t\t\t\t<div class=\"elementor-element elementor-element-1d729ca elementor-widget elementor-widget-heading\" data-id=\"1d729ca\" data-element_type=\"widget\" data-e-type=\"widget\" data-widget_type=\"heading.default\">\n\t\t\t\t<div class=\"elementor-widget-container\">\n\t\t\t\t\t<h1 class=\"elementor-heading-title elementor-size-default\">Informations sur la s\u00e9curit\u00e9 et la confidentialit\u00e9<\/h1>\t\t\t\t<\/div>\n\t\t\t\t<\/div>\n\t\t\t\t\t<\/div>\r\n\t\t\t\t<\/div>\r\n\t\t\t\t\t<\/div>\r\n\t\t\t\t<\/section>\r\n\t\t\t\t<section class=\"elementor-section elementor-top-section elementor-element elementor-element-b7ee7f0 elementor-section-boxed elementor-section-height-default elementor-section-height-default\" data-id=\"b7ee7f0\" data-element_type=\"section\" data-e-type=\"section\">\r\n\t\t\r\n\t\t\t\t\t\t\t<div class=\"elementor-container elementor-column-gap-default\">\r\n\t\t\t\t\t\t\t\t\t\t\t<div class=\"elementor-column elementor-col-100 elementor-top-column elementor-element elementor-element-1e28096\" data-id=\"1e28096\" data-element_type=\"column\" data-e-type=\"column\">\r\n\t\t\t\t\t<div class=\"elementor-widget-wrap elementor-element-populated\">\r\n\t\t\t\t\t\t\t\t<div class=\"elementor-element elementor-element-f1c09ab elementor-widget elementor-widget-text-editor\" data-id=\"f1c09ab\" data-element_type=\"widget\" data-e-type=\"widget\" data-widget_type=\"text-editor.default\">\n\t\t\t\t<div class=\"elementor-widget-container\">\n\t\t\t\t\t\t\t\t\t<p>VEUILLEZ LIRE ATTENTIVEMENT LES CONDITIONS SUIVANTES AVANT D&#8217;UTILISER CE SITE WEB&nbsp;:<\/p>\n<h3>POLITIQUE DE CONFIDENTIALIT\u00c9<\/h3>\n<p>IPG Fragrances Sarl et ses soci\u00e9t\u00e9s affili\u00e9es ont fourni ci-joint la politique de confidentialit\u00e9 (&#8220;Politique&#8221;) qui traite des processus de traitement des informations personnelles. En commandant nos produits et\/ou services, en acc\u00e9dant, en parcourant et en utilisant les sites Web d&#8217;IPG Fragrances Sarl, vous reconnaissez avoir lu, compris et accept\u00e9, sans r\u00e9serve, la Politique, telle que modifi\u00e9e de temps \u00e0 autre par nous. Si vous n&#8217;acceptez pas ces conditions, vous ne pouvez pas utiliser ce site ou commander nos produits\/services. Nous nous r\u00e9servons le droit de modifier la Politique \u00e0 tout moment et sans pr\u00e9avis. Dans de tels cas, la date de la politique sera modifi\u00e9e pour refl\u00e9ter le dernier changement. Veuillez vous r\u00e9f\u00e9rer fr\u00e9quemment \u00e0 cette page pour consulter nos derniers termes et conditions. Les termes de la Politique compl\u00e8tent tout autre accord que vous pourriez avoir avec IPG Fragrances Sarl, sans pr\u00e9judice de ceux-ci. Les autres termes de l&#8217;accord pr\u00e9vaudront en cas de conflit avec la pr\u00e9sente politique de confidentialit\u00e9.<\/p>\n<h3>DONN\u00c9ES PERSONNELLES<\/h3>\n<p>Chaque fois que vous achetez nos produits ou services et utilisez nos sites Web, IPG Fragrances Sarl collecte et traite des donn\u00e9es afin de vous servir au mieux. Ces donn\u00e9es sont utilis\u00e9es \u00e0 des fins telles que la commercialisation de produits ou de services, les informations de facturation, les v\u00e9rifications de carte de cr\u00e9dit, le traitement des candidatures, la newsletter et d&#8217;autres services d&#8217;information. Ces donn\u00e9es peuvent inclure votre nom, adresse, t\u00e9l\u00e9phone, e-mail, date de naissance, donn\u00e9es de carte de cr\u00e9dit, go\u00fbts et pr\u00e9f\u00e9rences et autres informations personnelles. En outre, nous pouvons utiliser vos Donn\u00e9es pour \u00e9valuer nos processus et notre service client, pour nos statistiques internes ainsi que pour des \u00e9tudes de march\u00e9 et des analyses de tendances visant nos produits et services existants et futurs. Nous collectons en outre des informations non personnelles sur les utilisateurs du site Web, que nous pouvons partager avec des soci\u00e9t\u00e9s affili\u00e9es et des soci\u00e9t\u00e9s ext\u00e9rieures.<br>En soumettant vos Donn\u00e9es, vous consentez express\u00e9ment \u00e0 une telle utilisation. IPG Fragrances Sarl conservera vos Donn\u00e9es conform\u00e9ment aux lois l\u00e9gales ou \u00e9thiques applicables en mati\u00e8re de d\u00e9claration et de conservation des documents dans la Conf\u00e9d\u00e9ration suisse. Dans le cas o\u00f9 vous conservez certaines informations requises pour l&#8217;enregistrement, l&#8217;achat ou la v\u00e9rification, il peut vous \u00eatre impossible d&#8217;acc\u00e9der \u00e0 certaines parties de nos produits, services et sites Web.<\/p>\n<h3>DONN\u00c9ES ANONYMES \/ COOKIES, BALISES WEB<\/h3>\n<p>Lorsque vous visitez l&#8217;un des sites Web d&#8217;IPG Fragrances Sarl, nous collectons des informations anonymes concernant les statistiques des visiteurs, les visites de pages, le temps pass\u00e9, etc. Nous ne collectons pas de donn\u00e9es personnelles \u00e0 moins que vous ne nous ayez sp\u00e9cifiquement et avec votre consentement fourni les donn\u00e9es.<br>Nous utilisons en outre des cookies et des balises Web pour garder une trace de votre carte d&#8217;achat (lorsqu&#8217;elle est disponible) et pour vous rappeler lorsque vous revenez sur le site Web et identifier les pages sur lesquelles vous cliquez imm\u00e9diatement avant et pendant votre visite sur nos sites Web. Ces informations client sont stock\u00e9es dans notre base de donn\u00e9es et nous les utilisons pour am\u00e9liorer les s\u00e9lections de produits, les promotions sp\u00e9ciales et d&#8217;autres services clients. Vous pouvez d\u00e9sactiver les cookies (un petit fichier qui est stock\u00e9 sur votre navigateur Web sur votre disque dur) et la &#8220;balise Web&#8221; ou &#8220;pixel tag&#8221; ou &#8220;clear gif&#8221; qui est g\u00e9n\u00e9ralement une image d&#8217;un pixel, qui transmet des informations \u00e0 partir de votre ordinateur \u00e0 un site Web. Veuillez indiquer vos pr\u00e9f\u00e9rences pour les d\u00e9sactiver dans les menus d&#8217;options de votre navigateur. Veuillez noter que dans de tels cas, il est possible que vous ne puissiez pas acc\u00e9der et utiliser certaines parties du site Web.<\/p>\n<h3>DIVULGATION, UTILISATION ET TRANSFERT DES DONN\u00c9ES<\/h3>\n<p>IPG FRAGRANCES SARL NE DISTRIBUE PAS VOS DONN\u00c9ES \u00c0 DES TIERS, SANS VOTRE CONSENTEMENT EXPRESS.<br>LES EXCEPTIONS \u00c0 CETTE R\u00c8GLE SONT NOS FILIALES OU SUCCURSALES ET SOCI\u00c9T\u00c9S AGISSANT POUR OU AU NOM D&#8217;IPG FRAGRANCES SARL, TELLES QUE LES ENTREPRISES DE TRANSPORT, LES ENTREPRISES DE GESTION DE BASES DE DONN\u00c9ES INFORMATIQUES, ETC. AU SEIN DE NOTRE ORGANISATION ET DE NOS AFFILI\u00c9S, L&#8217;ACC\u00c8S AUX DONN\u00c9ES EST RESTREINT AUX COLLABORATEURS SUR DES BASES DE CONNAISSANCE. VOUS ACCEPTEZ EXPRESS\u00c9MENT LE TRANSFERT DE DONN\u00c9ES COMME D\u00c9CRIT CI-DESSUS ET LA TRANSMISSION TRANSFRONTALI\u00c8RE DE DONN\u00c9ES QUI PEUVENT SE PRODUIRE DANS DIFF\u00c9RENTES JURIDICTIONS AVEC DIFF\u00c9RENTES L\u00c9GISLATIONS.<br>DANS LE CAS D&#8217;UNE TRANSITION COMMERCIALE, TELLE QU&#8217;UNE FUSION, UNE ACQUISITION PAR UNE AUTRE SOCI\u00c9T\u00c9 OU LA VENTE D&#8217;UNE PARTIE DE L&#8217;ACTIF, VOS INFORMATIONS PERSONNELLES SERONT TRANSF\u00c9R\u00c9ES AUX NOUVEAUX PROPRI\u00c9TAIRES. RIEN DANS CETTE POLITIQUE DE CONFIDENTIALIT\u00c9 N&#8217;EST DESTIN\u00c9 \u00c0 INTERF\u00c9RER LA CAPACIT\u00c9 D&#8217;IPG FRAGRANCES SARL ET DE SES FILIALES \u00c0 TRANSF\u00c9RER TOUT OU PARTIE DE SES ACTIVIT\u00c9S ET\/OU ACTIFS \u00c0 UNE FILIALE OU \u00c0 UN TIERS \u00c0 TOUT MOMENT, \u00c0 QUELQUE FIN ET SANS AUCUNE LIMITATION.<br>VOUS AVEZ LE DROIT D&#8217;ACC\u00c9DER ET DE METTRE \u00c0 JOUR VOS DONN\u00c9ES \u00c0 TOUT MOMENT OU D&#8217;EXIGER LEUR SUPPRESSION. DANS CES CAS, VOUS \u00caTES PRI\u00c9 DE CONTACTER NOS BUREAUX AUX ADRESSES DE LA SECTION CONTACTEZ-NOUS. VEUILLEZ NOTER QUE DE NOMBREUSES PROMOTIONS ET ENVOIS SONT BIEN FAIT \u00c0 L&#8217;AVANCE, ET VOUS POUVEZ DONC CONTINUER \u00c0 RECEVOIR DES OFFRES ET D&#8217;AUTRES INFORMATIONS PENDANT UN TEMPS APR\u00c8S QU&#8217;UN PROFIL A \u00c9T\u00c9 MIS \u00c0 JOUR OU SUPPRIM\u00c9.<\/p>\n<h3><span lang=\"fr\"><span data-language-for-alternatives=\"fr\" data-language-to-translate-into=\"en\" data-phrase-index=\"0\" data-number-of-phrases=\"1\">S\u00c9CURIT\u00c9 \/ CONFIDENTIALIT\u00c9 \/ VIE PRIV\u00c9E DES ENFANTS<\/span><\/span><\/h3>\n<p>IPG Fragrances Sarl utilise Secure Socket Layering (SSL), la technologie de cryptage standard de l&#8217;industrie, garantissant une transmission Internet s\u00e9curis\u00e9e des informations personnelles. Veuillez noter que travailler dans un environnement en ligne n&#8217;est pas consid\u00e9r\u00e9 comme la m\u00e9thode de transmission et de stockage de donn\u00e9es la plus s\u00e9curis\u00e9e. IPG Fragrances Sarl ne garantit pas la confidentialit\u00e9 des Donn\u00e9es que vous fournissez ou de tout autre mat\u00e9riel envoy\u00e9 par vous par courrier \u00e9lectronique ou via nos sites Web, ou acc\u00e9d\u00e9 de cette mani\u00e8re. De plus, nous ne pouvons \u00eatre tenus pour responsables de la s\u00e9curit\u00e9 de vos Donn\u00e9es lors de leur transit via Internet jusqu&#8217;\u00e0 nous.<br>IPG Fragrances Sarl respecte la vie priv\u00e9e des enfants et se conforme pleinement \u00e0 la l\u00e9gislation en la mati\u00e8re. IPG Fragrances Sarl ne sait pas collecter d&#8217;informations personnelles aupr\u00e8s d&#8217;enfants de moins de 18 ans. Il est important de noter qu&#8217;aucune personne de moins de 18 ans ne doit transmettre d&#8217;informations personnelles aux sites Web d&#8217;IPG Fragrances Sarl ou \u00e0 tout autre site Web sans l&#8217;autorisation de consentement pr\u00e9alable d&#8217;un parent ou tuteur l\u00e9gal. Nous exhortons en outre les parents \u00e0 superviser les activit\u00e9s en ligne de leurs enfants.<\/p>\n<h3>LIENS \/ AUCUN APPROBATION<\/h3>\n<p>En tant que service \u00e0 nos clients, IPG Fragrances Sarl peut inclure des liens vers des sites Web d\u00e9tenus ou exploit\u00e9s par des tiers. Ces liens sont uniquement pour votre commodit\u00e9 et vous y acc\u00e9dez \u00e0 vos risques et p\u00e9rils. Un lien vers un site Web non-IPG Fragrances Sarl n&#8217;implique pas que IPG Fragrances Sarl parraine, approuve, est affili\u00e9 ou associ\u00e9 \u00e0, ou a \u00e9t\u00e9 l\u00e9galement autoris\u00e9 \u00e0 utiliser une marque de commerce, une marque de service, un nom commercial, un logo, un symbole, un design ou autre les documents prot\u00e9g\u00e9s par le droit d&#8217;auteur affich\u00e9s sur les sites tiers. En vous connectant \u00e0 un site tiers, m\u00eame si ce site est affili\u00e9 \u00e0 IPG Fragrances Sarl, vous vous engagez \u00e0 consulter les mentions l\u00e9gales du site avant de l&#8217;utiliser. Vous acceptez express\u00e9ment que vous serez soumis \u00e0 la politique de confidentialit\u00e9 de l&#8217;op\u00e9rateur tiers et \u00e0 ses mentions l\u00e9gales. Nous vous encourageons \u00e0 les consulter avant toute transmission de vos informations personnelles.<\/p>\n<h3>E-MAILS<\/h3>\n<p>IPG Fragrances Sarl ne vous enverra des e-mails promotionnels que si vous avez demand\u00e9 ce service. De plus, chaque fois que vous recevrez un tel e-mail, vous aurez la possibilit\u00e9 de vous \u00ab d\u00e9sinscrire \u00bb ou de ne plus les recevoir. Comme certaines campagnes marketing sont pr\u00e9par\u00e9es bien \u00e0 l&#8217;avance, veuillez noter que vous pouvez continuer \u00e0 recevoir certaines offres apr\u00e8s avoir choisi de vous d\u00e9sinscrire. Nous nous excusons par avance pour ce d\u00e9sagr\u00e9ment.<\/p>\n<h3>OPPORTUNIT\u00c9S DE CARRI\u00c8RE<\/h3>\n<p>IPG Fragrances Sarl accueille les candidatures spontan\u00e9es et les r\u00e9ponses aux candidatures publi\u00e9es. Dans de tels cas, vous pouvez nous fournir votre Curriculum Vitae (\u00ab&nbsp;CV&nbsp;\u00bb). Nous allons l&#8217;examiner et l&#8217;adapter \u00e0 n&#8217;importe quelle position d&#8217;ouverture. En postulant \u00e0 IPG Fragrances Sarl, vous acceptez express\u00e9ment que vos informations soient transmises au sein de l&#8217;entreprise et que vos Donn\u00e9es soient communiqu\u00e9es aux employ\u00e9s et aux services de recrutement et \u00e0 d&#8217;autres parties ext\u00e9rieures \u00e0 l&#8217;entreprise qui travaillent avec nous en ce qui concerne les opportunit\u00e9s de carri\u00e8re au sein d&#8217;IPG Fragrances. Sarl.<\/p>\n<h3>RUBRIQUES<\/h3>\n<p>Les titres de la politique de confidentialit\u00e9 ne sont fournis qu&#8217;\u00e0 des fins de commodit\u00e9 et n&#8217;auront aucun effet sur les interpr\u00e9tations de la politique.<span style=\"letter-spacing: 0px;\">.<\/span><\/p>\n<h3>NOUS CONTACTER<\/h3>\n<p>IPG Fragrances Sarl accueille toutes les questions, recommandations, requ\u00eates et plaintes concernant notre politique de confidentialit\u00e9 et son application. Vous pouvez nous contacter \u00e0 l&#8217;adresse suivante:<\/p>\n<p>IPG Fragrances Sarl<br>rue Bonivard 1<br>1820 Veytaux<br>Suisse<\/p>\n<p>Nous vous invitons \u00e0 consulter nos Mentions L\u00e9gales pour plus d&#8217;informations sur nos sites internet.<\/p>\n<p><span>d\u00e9cembre 2021. <\/span>IPG Fragrances Sarl<\/p>\n<p><br><\/p>\t\t\t\t\t\t\t\t<\/div>\n\t\t\t\t<\/div>\n\t\t\t\t\t<\/div>\r\n\t\t\t\t<\/div>\r\n\t\t\t\t\t<\/div>\r\n\t\t\t\t<\/section>\r\n\t\t\t\t<\/div>\n\t\t","protected":false},"excerpt":{"rendered":"<p>[vc_row][vc_column][vc_column_text]VEUILLEZ LIRE ATTENTIVEMENT LES CONDITIONS SUIVANTES AVANT D&#8217;UTILISER CE SITE WEB\u00a0: POLITIQUE DE CONFIDENTIALIT\u00c9 IPG Fragrances Sarl et ses soci\u00e9t\u00e9s affili\u00e9es ont fourni ci-joint la politique de confidentialit\u00e9 (&#8220;Politique&#8221;) qui traite des processus de traitement des informations personnelles. En commandant nos produits et\/ou services, en acc\u00e9dant, en parcourant et en utilisant les sites Web d&#8217;IPG [&hellip;]<\/p>\n","protected":false},"author":2,"featured_media":0,"parent":0,"menu_order":0,"comment_status":"closed","ping_status":"closed","template":"","meta":{"footnotes":""},"class_list":["post-4504","page","type-page","status-publish","hentry"],"_links":{"self":[{"href":"https:\/\/ipg-fragrances.com\/fr\/wp-json\/wp\/v2\/pages\/4504","targetHints":{"allow":["GET"]}}],"collection":[{"href":"https:\/\/ipg-fragrances.com\/fr\/wp-json\/wp\/v2\/pages"}],"about":[{"href":"https:\/\/ipg-fragrances.com\/fr\/wp-json\/wp\/v2\/types\/page"}],"author":[{"embeddable":true,"href":"https:\/\/ipg-fragrances.com\/fr\/wp-json\/wp\/v2\/users\/2"}],"replies":[{"embeddable":true,"href":"https:\/\/ipg-fragrances.com\/fr\/wp-json\/wp\/v2\/comments?post=4504"}],"version-history":[{"count":8,"href":"https:\/\/ipg-fragrances.com\/fr\/wp-json\/wp\/v2\/pages\/4504\/revisions"}],"predecessor-version":[{"id":4513,"href":"https:\/\/ipg-fragrances.com\/fr\/wp-json\/wp\/v2\/pages\/4504\/revisions\/4513"}],"wp:attachment":[{"href":"https:\/\/ipg-fragrances.com\/fr\/wp-json\/wp\/v2\/media?parent=4504"}],"curies":[{"name":"wp","href":"https:\/\/api.w.org\/{rel}","templated":true}]}}