{"id":4393,"date":"2021-12-07T08:12:01","date_gmt":"2021-12-07T07:12:01","guid":{"rendered":"https:\/\/ipg-fragrances.com\/?page_id=4393"},"modified":"2021-12-10T22:51:21","modified_gmt":"2021-12-10T20:51:21","slug":"faq","status":"publish","type":"page","link":"https:\/\/ipg-fragrances.com\/fr\/tout-savoir-sur-le-parfum\/faq\/","title":{"rendered":"FAQ"},"content":{"rendered":"\t\t<div data-elementor-type=\"wp-page\" data-elementor-id=\"4393\" class=\"elementor elementor-4393 elementor-1784\" data-elementor-post-type=\"page\">\n\t\t\t\t\t\t<section class=\"elementor-section elementor-top-section elementor-element elementor-element-46b8ca3 elementor-section-boxed elementor-section-height-default elementor-section-height-default\" data-id=\"46b8ca3\" data-element_type=\"section\" data-e-type=\"section\">\r\n\t\t\r\n\t\t\t\t\t\t\t<div class=\"elementor-container elementor-column-gap-default\">\r\n\t\t\t\t\t\t\t\t\t\t\t<div class=\"elementor-column elementor-col-100 elementor-top-column elementor-element elementor-element-1bbc417\" data-id=\"1bbc417\" data-element_type=\"column\" data-e-type=\"column\">\r\n\t\t\t\t\t<div class=\"elementor-widget-wrap elementor-element-populated\">\r\n\t\t\t\t\t\t\t\t<div class=\"elementor-element elementor-element-9940718 elementor-widget elementor-widget-toggle\" data-id=\"9940718\" data-element_type=\"widget\" data-e-type=\"widget\" data-widget_type=\"toggle.default\">\n\t\t\t\t<div class=\"elementor-widget-container\">\n\t\t\t\t\t\t\t<div class=\"elementor-toggle\">\n\t\t\t\t\t\t\t<div class=\"elementor-toggle-item\">\n\t\t\t\t\t<div id=\"elementor-tab-title-1601\" class=\"elementor-tab-title\" data-tab=\"1\" role=\"button\" aria-controls=\"elementor-tab-content-1601\" aria-expanded=\"false\">\n\t\t\t\t\t\t\t\t\t\t\t\t<span class=\"elementor-toggle-icon elementor-toggle-icon-left\" aria-hidden=\"true\">\n\t\t\t\t\t\t\t\t\t\t\t\t\t\t\t<span class=\"elementor-toggle-icon-closed\"><i class=\"fas fa-caret-right\"><\/i><\/span>\n\t\t\t\t\t\t\t\t<span class=\"elementor-toggle-icon-opened\"><i class=\"elementor-toggle-icon-opened fas fa-caret-up\"><\/i><\/span>\n\t\t\t\t\t\t\t\t\t\t\t\t\t<\/span>\n\t\t\t\t\t\t\t\t\t\t\t\t<a class=\"elementor-toggle-title\" tabindex=\"0\">Comment prot\u00e9ger mon parfum ?<\/a>\n\t\t\t\t\t<\/div>\n\n\t\t\t\t\t<div id=\"elementor-tab-content-1601\" class=\"elementor-tab-content elementor-clearfix\" data-tab=\"1\" role=\"region\" aria-labelledby=\"elementor-tab-title-1601\"><p>Le parfum est une substance vivante et d\u00e9licate et vous devez le prot\u00e9ger en le fermant fermement et en le stockant dans un endroit sec et frais. Si vous souhaitez prolonger consid\u00e9rablement sa dur\u00e9e de vie, vous pouvez le conserver au r\u00e9frig\u00e9rateur.<\/p><\/div>\n\t\t\t\t<\/div>\n\t\t\t\t\t\t\t<div class=\"elementor-toggle-item\">\n\t\t\t\t\t<div id=\"elementor-tab-title-1602\" class=\"elementor-tab-title\" data-tab=\"2\" role=\"button\" aria-controls=\"elementor-tab-content-1602\" aria-expanded=\"false\">\n\t\t\t\t\t\t\t\t\t\t\t\t<span class=\"elementor-toggle-icon elementor-toggle-icon-left\" aria-hidden=\"true\">\n\t\t\t\t\t\t\t\t\t\t\t\t\t\t\t<span class=\"elementor-toggle-icon-closed\"><i class=\"fas fa-caret-right\"><\/i><\/span>\n\t\t\t\t\t\t\t\t<span class=\"elementor-toggle-icon-opened\"><i class=\"elementor-toggle-icon-opened fas fa-caret-up\"><\/i><\/span>\n\t\t\t\t\t\t\t\t\t\t\t\t\t<\/span>\n\t\t\t\t\t\t\t\t\t\t\t\t<a class=\"elementor-toggle-title\" tabindex=\"0\">Le parfum peut-il tacher mes v\u00eatements ? <\/a>\n\t\t\t\t\t<\/div>\n\n\t\t\t\t\t<div id=\"elementor-tab-content-1602\" class=\"elementor-tab-content elementor-clearfix\" data-tab=\"2\" role=\"region\" aria-labelledby=\"elementor-tab-title-1602\"><p>Oui, il faut \u00eatre prudent, surtout avec les tissus fins comme la soie et les parfums color\u00e9s.<\/p><\/div>\n\t\t\t\t<\/div>\n\t\t\t\t\t\t\t<div class=\"elementor-toggle-item\">\n\t\t\t\t\t<div id=\"elementor-tab-title-1603\" class=\"elementor-tab-title\" data-tab=\"3\" role=\"button\" aria-controls=\"elementor-tab-content-1603\" aria-expanded=\"false\">\n\t\t\t\t\t\t\t\t\t\t\t\t<span class=\"elementor-toggle-icon elementor-toggle-icon-left\" aria-hidden=\"true\">\n\t\t\t\t\t\t\t\t\t\t\t\t\t\t\t<span class=\"elementor-toggle-icon-closed\"><i class=\"fas fa-caret-right\"><\/i><\/span>\n\t\t\t\t\t\t\t\t<span class=\"elementor-toggle-icon-opened\"><i class=\"elementor-toggle-icon-opened fas fa-caret-up\"><\/i><\/span>\n\t\t\t\t\t\t\t\t\t\t\t\t\t<\/span>\n\t\t\t\t\t\t\t\t\t\t\t\t<a class=\"elementor-toggle-title\" tabindex=\"0\">A quelle fr\u00e9quence mettre un parfum ?<\/a>\n\t\t\t\t\t<\/div>\n\n\t\t\t\t\t<div id=\"elementor-tab-content-1603\" class=\"elementor-tab-content elementor-clearfix\" data-tab=\"3\" role=\"region\" aria-labelledby=\"elementor-tab-title-1603\"><p>Cela d\u00e9pend de sa concentration et de sa l\u00e9g\u00e8ret\u00e9. Dans le cas du Parfum et de l&#8217;Eau de parfum \u2013 seulement quelques gouttes sur les points chauds. Pour l&#8217;Eau de toilette et les concentrations plus l\u00e9g\u00e8res \u2013 3 \u00e0 4 applications toutes les 4 \u00e0 7 heures. Naturellement, cela d\u00e9pendra de la force du parfum, de votre peau et d&#8217;autres variables.<\/p><\/div>\n\t\t\t\t<\/div>\n\t\t\t\t\t\t\t<div class=\"elementor-toggle-item\">\n\t\t\t\t\t<div id=\"elementor-tab-title-1604\" class=\"elementor-tab-title\" data-tab=\"4\" role=\"button\" aria-controls=\"elementor-tab-content-1604\" aria-expanded=\"false\">\n\t\t\t\t\t\t\t\t\t\t\t\t<span class=\"elementor-toggle-icon elementor-toggle-icon-left\" aria-hidden=\"true\">\n\t\t\t\t\t\t\t\t\t\t\t\t\t\t\t<span class=\"elementor-toggle-icon-closed\"><i class=\"fas fa-caret-right\"><\/i><\/span>\n\t\t\t\t\t\t\t\t<span class=\"elementor-toggle-icon-opened\"><i class=\"elementor-toggle-icon-opened fas fa-caret-up\"><\/i><\/span>\n\t\t\t\t\t\t\t\t\t\t\t\t\t<\/span>\n\t\t\t\t\t\t\t\t\t\t\t\t<a class=\"elementor-toggle-title\" tabindex=\"0\">Mon parfum n'a plus la m\u00eame odeur.<\/a>\n\t\t\t\t\t<\/div>\n\n\t\t\t\t\t<div id=\"elementor-tab-content-1604\" class=\"elementor-tab-content elementor-clearfix\" data-tab=\"4\" role=\"region\" aria-labelledby=\"elementor-tab-title-1604\"><p>Cela peut arriver. Peut \u00eatre d\u00fb \u00e0 la r\u00e9action des ingr\u00e9dients du parfum au fil du temps, ou simplement d\u00fb au fait que vous avez une fatigue olfactive. Cela peut aussi \u00eatre le r\u00e9sultat d&#8217;un changement dans votre mode de vie \u2013 m\u00e9dicaments, saison, grossesse.<\/p><\/div>\n\t\t\t\t<\/div>\n\t\t\t\t\t\t\t<div class=\"elementor-toggle-item\">\n\t\t\t\t\t<div id=\"elementor-tab-title-1605\" class=\"elementor-tab-title\" data-tab=\"5\" role=\"button\" aria-controls=\"elementor-tab-content-1605\" aria-expanded=\"false\">\n\t\t\t\t\t\t\t\t\t\t\t\t<span class=\"elementor-toggle-icon elementor-toggle-icon-left\" aria-hidden=\"true\">\n\t\t\t\t\t\t\t\t\t\t\t\t\t\t\t<span class=\"elementor-toggle-icon-closed\"><i class=\"fas fa-caret-right\"><\/i><\/span>\n\t\t\t\t\t\t\t\t<span class=\"elementor-toggle-icon-opened\"><i class=\"elementor-toggle-icon-opened fas fa-caret-up\"><\/i><\/span>\n\t\t\t\t\t\t\t\t\t\t\t\t\t<\/span>\n\t\t\t\t\t\t\t\t\t\t\t\t<a class=\"elementor-toggle-title\" tabindex=\"0\">Comment se fait-il que les prix puissent \u00eatre si diff\u00e9rents ?<\/a>\n\t\t\t\t\t<\/div>\n\n\t\t\t\t\t<div id=\"elementor-tab-content-1605\" class=\"elementor-tab-content elementor-clearfix\" data-tab=\"5\" role=\"region\" aria-labelledby=\"elementor-tab-title-1605\"><p>Les parfums sont une combinaison tr\u00e8s sophistiqu\u00e9e d&#8217;ingr\u00e9dients, dont certains peuvent \u00eatre tr\u00e8s co\u00fbteux. En fonction du produit que vous achetez, la concentration des ingr\u00e9dients sera plus \u00e9lev\u00e9e, tout comme le prix. Pour cette raison, un parfum est tr\u00e8s cher, l&#8217;eau de parfum moins, mais c&#8217;est quand m\u00eame assez co\u00fbteux, et les concentrations d&#8217;eau de toilette et plus l\u00e9g\u00e8res deviennent plus abordables. Il faut ajouter aujourd&#8217;hui les co\u00fbts \u00e9lev\u00e9s <span>d\u00fb<\/span> au ph\u00e9nom\u00e8ne marketing, o\u00f9 des gros budgets sont consacr\u00e9s \u00e0 la communication.<\/p><\/div>\n\t\t\t\t<\/div>\n\t\t\t\t\t\t\t<div class=\"elementor-toggle-item\">\n\t\t\t\t\t<div id=\"elementor-tab-title-1606\" class=\"elementor-tab-title\" data-tab=\"6\" role=\"button\" aria-controls=\"elementor-tab-content-1606\" aria-expanded=\"false\">\n\t\t\t\t\t\t\t\t\t\t\t\t<span class=\"elementor-toggle-icon elementor-toggle-icon-left\" aria-hidden=\"true\">\n\t\t\t\t\t\t\t\t\t\t\t\t\t\t\t<span class=\"elementor-toggle-icon-closed\"><i class=\"fas fa-caret-right\"><\/i><\/span>\n\t\t\t\t\t\t\t\t<span class=\"elementor-toggle-icon-opened\"><i class=\"elementor-toggle-icon-opened fas fa-caret-up\"><\/i><\/span>\n\t\t\t\t\t\t\t\t\t\t\t\t\t<\/span>\n\t\t\t\t\t\t\t\t\t\t\t\t<a class=\"elementor-toggle-title\" tabindex=\"0\">Comment se fait-il que le parfum ne sente pas sur moi la m\u00eame odeur que sur mes amis ?<\/a>\n\t\t\t\t\t<\/div>\n\n\t\t\t\t\t<div id=\"elementor-tab-content-1606\" class=\"elementor-tab-content elementor-clearfix\" data-tab=\"6\" role=\"region\" aria-labelledby=\"elementor-tab-title-1606\"><p>Tout simplement parce que chacun de nous a une peau diff\u00e9rente, modifiant ainsi la r\u00e9action du parfum. En r\u00e8gle g\u00e9n\u00e9rale, les \u00e9l\u00e9ments suivants sont pris en compte\u00a0:<br \/><br \/><\/p><ul><li>\u00a0\u00a0\u00a0\u00a0 Votre PH (acide ou basique)<\/li><li>\u00a0\u00a0\u00a0\u00a0 La structure de la peau, dont certaines retient plus ou moins les odeurs<\/li><li>\u00a0\u00a0\u00a0\u00a0 Le niveau d&#8217;huile (peau s\u00e8che ou grasse)<\/li><li>\u00a0\u00a0\u00a0\u00a0 Temp\u00e9rature corporelle<\/li><li>\u00a0\u00a0\u00a0\u00a0 Habitudes alimentaires<\/li><li>\u00a0\u00a0\u00a0\u00a0 Facteurs externes<\/li><\/ul><\/div>\n\t\t\t\t<\/div>\n\t\t\t\t\t\t\t<div class=\"elementor-toggle-item\">\n\t\t\t\t\t<div id=\"elementor-tab-title-1607\" class=\"elementor-tab-title\" data-tab=\"7\" role=\"button\" aria-controls=\"elementor-tab-content-1607\" aria-expanded=\"false\">\n\t\t\t\t\t\t\t\t\t\t\t\t<span class=\"elementor-toggle-icon elementor-toggle-icon-left\" aria-hidden=\"true\">\n\t\t\t\t\t\t\t\t\t\t\t\t\t\t\t<span class=\"elementor-toggle-icon-closed\"><i class=\"fas fa-caret-right\"><\/i><\/span>\n\t\t\t\t\t\t\t\t<span class=\"elementor-toggle-icon-opened\"><i class=\"elementor-toggle-icon-opened fas fa-caret-up\"><\/i><\/span>\n\t\t\t\t\t\t\t\t\t\t\t\t\t<\/span>\n\t\t\t\t\t\t\t\t\t\t\t\t<a class=\"elementor-toggle-title\" tabindex=\"0\">Le parfum est-il nocif pour la peau ?<\/a>\n\t\t\t\t\t<\/div>\n\n\t\t\t\t\t<div id=\"elementor-tab-content-1607\" class=\"elementor-tab-content elementor-clearfix\" data-tab=\"7\" role=\"region\" aria-labelledby=\"elementor-tab-title-1607\"><p>G\u00e9n\u00e9ralement non, sauf si vous vous exposez directement au soleil, qui peut produire des taches irr\u00e9versibles sur votre peau. Comme les parfums contiennent des produits naturels, vous pouvez avoir une allergie \u00e0 un ingr\u00e9dient. Testez sur une petite partie de votre peau (pas du visage) avant d&#8217;adopter<\/p><\/div>\n\t\t\t\t<\/div>\n\t\t\t\t\t\t\t\t<\/div>\n\t\t\t\t\t\t<\/div>\n\t\t\t\t<\/div>\n\t\t\t\t\t<\/div>\r\n\t\t\t\t<\/div>\r\n\t\t\t\t\t<\/div>\r\n\t\t\t\t<\/section>\r\n\t\t\t\t<\/div>\n\t\t","protected":false},"excerpt":{"rendered":"<p>Comment prot\u00e9ger mon parfum ? Le parfum est une substance vivante et d\u00e9licate et vous devez le prot\u00e9ger en le fermant fermement et en le stockant dans un endroit sec et frais. Si vous souhaitez prolonger consid\u00e9rablement sa dur\u00e9e de vie, vous pouvez le conserver au r\u00e9frig\u00e9rateur. Le parfum peut-il tacher mes v\u00eatements ? Oui, [&hellip;]<\/p>\n","protected":false},"author":2,"featured_media":0,"parent":4350,"menu_order":0,"comment_status":"closed","ping_status":"closed","template":"","meta":{"footnotes":""},"class_list":["post-4393","page","type-page","status-publish","hentry"],"_links":{"self":[{"href":"https:\/\/ipg-fragrances.com\/fr\/wp-json\/wp\/v2\/pages\/4393","targetHints":{"allow":["GET"]}}],"collection":[{"href":"https:\/\/ipg-fragrances.com\/fr\/wp-json\/wp\/v2\/pages"}],"about":[{"href":"https:\/\/ipg-fragrances.com\/fr\/wp-json\/wp\/v2\/types\/page"}],"author":[{"embeddable":true,"href":"https:\/\/ipg-fragrances.com\/fr\/wp-json\/wp\/v2\/users\/2"}],"replies":[{"embeddable":true,"href":"https:\/\/ipg-fragrances.com\/fr\/wp-json\/wp\/v2\/comments?post=4393"}],"version-history":[{"count":11,"href":"https:\/\/ipg-fragrances.com\/fr\/wp-json\/wp\/v2\/pages\/4393\/revisions"}],"predecessor-version":[{"id":4407,"href":"https:\/\/ipg-fragrances.com\/fr\/wp-json\/wp\/v2\/pages\/4393\/revisions\/4407"}],"up":[{"embeddable":true,"href":"https:\/\/ipg-fragrances.com\/fr\/wp-json\/wp\/v2\/pages\/4350"}],"wp:attachment":[{"href":"https:\/\/ipg-fragrances.com\/fr\/wp-json\/wp\/v2\/media?parent=4393"}],"curies":[{"name":"wp","href":"https:\/\/api.w.org\/{rel}","templated":true}]}}