{"id":4384,"date":"2020-08-06T23:00:39","date_gmt":"2020-08-06T21:00:39","guid":{"rendered":"https:\/\/ipg-fragrances.com\/?page_id=4384"},"modified":"2026-02-14T11:59:32","modified_gmt":"2026-02-14T10:59:32","slug":"familles-olfactives","status":"publish","type":"page","link":"https:\/\/ipg-fragrances.com\/fr\/tout-savoir-sur-le-parfum\/familles-olfactives\/","title":{"rendered":"Familles olfactives"},"content":{"rendered":"\t\t<div data-elementor-type=\"wp-page\" data-elementor-id=\"4384\" class=\"elementor elementor-4384 elementor-1782\" data-elementor-post-type=\"page\">\n\t\t\t\t\t\t<section class=\"elementor-section elementor-top-section elementor-element elementor-element-5f73a01 elementor-section-boxed elementor-section-height-default elementor-section-height-default\" data-id=\"5f73a01\" data-element_type=\"section\" data-e-type=\"section\">\r\n\t\t\r\n\t\t\t\t\t\t\t<div class=\"elementor-container elementor-column-gap-default\">\r\n\t\t\t\t\t\t\t\t\t\t\t<div class=\"elementor-column elementor-col-100 elementor-top-column elementor-element elementor-element-ecb83a2\" data-id=\"ecb83a2\" data-element_type=\"column\" data-e-type=\"column\">\r\n\t\t\t\t\t<div class=\"elementor-widget-wrap elementor-element-populated\">\r\n\t\t\t\t\t\t\t\t<div class=\"elementor-element elementor-element-acfbbc3 elementor-widget elementor-widget-heading\" data-id=\"acfbbc3\" data-element_type=\"widget\" data-e-type=\"widget\" data-widget_type=\"heading.default\">\n\t\t\t\t<div class=\"elementor-widget-container\">\n\t\t\t\t\t<h1 class=\"elementor-heading-title elementor-size-default\">Familles de parfums<\/h1>\t\t\t\t<\/div>\n\t\t\t\t<\/div>\n\t\t\t\t\t<\/div>\r\n\t\t\t\t<\/div>\r\n\t\t\t\t\t<\/div>\r\n\t\t\t\t<\/section>\r\n\t\t\t\t<section class=\"elementor-section elementor-top-section elementor-element elementor-element-645a664 elementor-section-boxed elementor-section-height-default elementor-section-height-default\" data-id=\"645a664\" data-element_type=\"section\" data-e-type=\"section\">\r\n\t\t\r\n\t\t\t\t\t\t\t<div class=\"elementor-container elementor-column-gap-default\">\r\n\t\t\t\t\t\t\t\t\t\t\t<div class=\"elementor-column elementor-col-100 elementor-top-column elementor-element elementor-element-8532829\" data-id=\"8532829\" data-element_type=\"column\" data-e-type=\"column\">\r\n\t\t\t\t\t<div class=\"elementor-widget-wrap elementor-element-populated\">\r\n\t\t\t\t\t\t\t\t<div class=\"elementor-element elementor-element-53cc696 elementor-widget elementor-widget-text-editor\" data-id=\"53cc696\" data-element_type=\"widget\" data-e-type=\"widget\" data-widget_type=\"text-editor.default\">\n\t\t\t\t<div class=\"elementor-widget-container\">\n\t\t\t\t\t\t\t\t\t<h4>Hesp\u00e9rid\u00e9<\/h4><p>La famille de la fra\u00eecheur et de la l\u00e9g\u00e8ret\u00e9, une touche d&#8217;Eau de Cologne, un souvenir de la M\u00e9diterran\u00e9e. Elle est construite autour d&#8217;Agrumes et d&#8217;huiles essentielles de Citron, Orange, Pamplemousse, Mandarine ou Bergamote.<\/p><h4>Aromatique<\/h4><p>La famille de la garrigue, un bouquet de campagne printani\u00e8re aux notes toniques d&#8217;herbes vertes. Un souvenir de l&#8217;armoire de la Provence fran\u00e7aise parfum\u00e9e \u00e0 la lavande; d&#8217;une infusion sur un patio en Corse. Construite autour de Lavande, Thym ou Romarin. Un caract\u00e8re viril d\u00e9finissant cette famille masculine classique.<\/p><h4>Vert<\/h4><p>La famille des plantes, avec leurs odeurs \u00e9clatantes et croustillantes \u00e9voquant l&#8217;herbe coup\u00e9e, le <span lang=\"fr\"><span data-language-for-alternatives=\"fr\" data-language-to-translate-into=\"en\" data-phrase-index=\"0\" data-number-of-phrases=\"1\">go\u00fbt d&#8217;amertume<\/span><\/span>, les souvenirs de vents forts dans une prairie ou une tasse de th\u00e9 vert. Elle est construite autour de la feu ille de Violette, Petitgrain ou Galbanum..<\/p><h4>Marine<\/h4><p>La famille de l&#8217;eau et de l&#8217;air, des odeurs transparentes et rafra\u00eechissantes, un souvenir de chutes d&#8217;eau froides tombant sur les galets ou une promenade le long du front de mer. Elle est construite autour des notes d&#8217;ozone, du concombre ou du Calone.<\/p><h4>Florale<\/h4><p>La plus grande de toutes les familles, regroupant les parfums Soliflore (autour d&#8217;une fleur unique) et les bouquets grandioses et somptueux. C&#8217;est la famille de la d\u00e9licatesse, du romantisme, de la sensibilit\u00e9 f\u00e9minine, construite autour de la Rose, la Violette, le Jasmin ou la Tub\u00e9reuse.<\/p><h4>Fruit\u00e9e<\/h4><p>La famille de la tendresse &#8211; le juteux, le sucr\u00e9-sal\u00e9, les souvenirs d&#8217;un fruit d&#8217;\u00e9t\u00e9 qui coule le long du menton. Elle est construite autour du melon, de la p\u00eache, de la framboise ou de la pomme.<\/p><h4>Gourmande<\/h4><p>La famille des souvenirs d&#8217;enfance &#8211; le go\u00fbt et l&#8217;odeur du sucre, de la p\u00e2tisserie, de la barbe \u00e0 papa et du chocolat chaud. Construite autour du Caf\u00e9, du Cacao, de la Vanille ou d&#8217;un Massepain.<\/p><h4>\u00c9pic\u00e9e<\/h4><p>La famille de la chaleur troublante et \u00e9pic\u00e9e, l&#8217;exaltation riche et intense, un souvenir d&#8217;une promenade dans un souk ou d&#8217;un curry indien. Elle est construite autour de la cannelle, du cumin ou de la muscade.<\/p><h4>Orientale<\/h4><p>la famille de l&#8217;ambre, la chaleur, la sensualit\u00e9, les souvenirs de voyages exotiques. Elle est construite autour de la Vanille, de l&#8217;Ambre, des bois pr\u00e9cieux ou du Musc.<\/p><h4>Cuir<\/h4><p>Une des plus anciennes familles de la parfumerie, avec ses notes tanniques bois\u00e9es, animales, fum\u00e9es et suaves et goudronn\u00e9es. Elle \u00e9voque les souvenirs d&#8217;un th\u00e9 Lapsang Souchong \u00e0 bord du M\u00e9kong, la caresse d&#8217;une peau de cuir ou une escapade dans une sellerie anglaise. Construit autour des notes du Musky Daim, du Bouleau ou du Styrax.<\/p><h4>Bois\u00e9e<\/h4><p>La famille de la chaleur vibrante, \u00e9l\u00e9gante, habill\u00e9e d&#8217;un caract\u00e8re opulent ou plus sec. C&#8217;est un souvenir de la terre humide, d&#8217;une promenade dans une for\u00eat de pins. Construit autour de Patchouli, Vetyver, Bois de Santal, Bois de C\u00e8dre.<\/p><h4>Chypre<\/h4><p>Une famille f\u00e9minine issue du parfum Chypre cr\u00e9\u00e9 par Coty en 1917. C&#8217;est une famille de caract\u00e8re, sophistiqu\u00e9e, myst\u00e9rieuse et belle, construite autour de l&#8217;accord classique de Bergamote, Rose, Jasmin, Patchouli et Mousse de Ch\u00eane.<\/p><h4>Foug\u00e8re<\/h4><p>La famille traditionnelle masculine, cr\u00e9\u00e9e en 1882 par Paul Parquet, le parfumeur de la maison Houbigant. C&#8217;est la famille du bon vieux savon \u00e0 barbe, construit autour d&#8217;un m\u00e9lange de notes aromatiques de lavande, de bois et de mousse de ch\u00eane.<\/p>\t\t\t\t\t\t\t\t<\/div>\n\t\t\t\t<\/div>\n\t\t\t\t\t<\/div>\r\n\t\t\t\t<\/div>\r\n\t\t\t\t\t<\/div>\r\n\t\t\t\t<\/section>\r\n\t\t\t\t<\/div>\n\t\t","protected":false},"excerpt":{"rendered":"<p>[vc_row][vc_column][vc_column_text] Familles olfactives Hesp\u00e9rid\u00e9 La famille de la fra\u00eecheur et de la l\u00e9g\u00e8ret\u00e9, une touche d&#8217;Eau de Cologne, un souvenir de la M\u00e9diterran\u00e9e. Elle est construite autour d&#8217;Agrumes et d&#8217;huiles essentielles de Citron, Orange, Pamplemousse, Mandarine ou Bergamote. Aromatique La famille de la garrigue, un bouquet de campagne printani\u00e8re aux notes toniques d&#8217;herbes vertes. Un [&hellip;]<\/p>\n","protected":false},"author":2,"featured_media":0,"parent":4350,"menu_order":0,"comment_status":"closed","ping_status":"closed","template":"","meta":{"footnotes":""},"class_list":["post-4384","page","type-page","status-publish","hentry"],"_links":{"self":[{"href":"https:\/\/ipg-fragrances.com\/fr\/wp-json\/wp\/v2\/pages\/4384","targetHints":{"allow":["GET"]}}],"collection":[{"href":"https:\/\/ipg-fragrances.com\/fr\/wp-json\/wp\/v2\/pages"}],"about":[{"href":"https:\/\/ipg-fragrances.com\/fr\/wp-json\/wp\/v2\/types\/page"}],"author":[{"embeddable":true,"href":"https:\/\/ipg-fragrances.com\/fr\/wp-json\/wp\/v2\/users\/2"}],"replies":[{"embeddable":true,"href":"https:\/\/ipg-fragrances.com\/fr\/wp-json\/wp\/v2\/comments?post=4384"}],"version-history":[{"count":8,"href":"https:\/\/ipg-fragrances.com\/fr\/wp-json\/wp\/v2\/pages\/4384\/revisions"}],"predecessor-version":[{"id":7776,"href":"https:\/\/ipg-fragrances.com\/fr\/wp-json\/wp\/v2\/pages\/4384\/revisions\/7776"}],"up":[{"embeddable":true,"href":"https:\/\/ipg-fragrances.com\/fr\/wp-json\/wp\/v2\/pages\/4350"}],"wp:attachment":[{"href":"https:\/\/ipg-fragrances.com\/fr\/wp-json\/wp\/v2\/media?parent=4384"}],"curies":[{"name":"wp","href":"https:\/\/api.w.org\/{rel}","templated":true}]}}