{"id":4380,"date":"2020-08-06T23:00:07","date_gmt":"2020-08-06T21:00:07","guid":{"rendered":"https:\/\/ipg-fragrances.com\/?page_id=4380"},"modified":"2021-12-10T21:47:32","modified_gmt":"2021-12-10T19:47:32","slug":"the-art-of-perfumery","status":"publish","type":"page","link":"https:\/\/ipg-fragrances.com\/fr\/tout-savoir-sur-le-parfum\/the-art-of-perfumery\/","title":{"rendered":"The art of perfumery"},"content":{"rendered":"\t\t<div data-elementor-type=\"wp-page\" data-elementor-id=\"4380\" class=\"elementor elementor-4380 elementor-1780\" data-elementor-post-type=\"page\">\n\t\t\t\t\t\t<section class=\"elementor-section elementor-top-section elementor-element elementor-element-729e1de elementor-section-boxed elementor-section-height-default elementor-section-height-default\" data-id=\"729e1de\" data-element_type=\"section\" data-e-type=\"section\">\r\n\t\t\r\n\t\t\t\t\t\t\t<div class=\"elementor-container elementor-column-gap-default\">\r\n\t\t\t\t\t\t\t\t\t\t\t<div class=\"elementor-column elementor-col-100 elementor-top-column elementor-element elementor-element-ae784c2\" data-id=\"ae784c2\" data-element_type=\"column\" data-e-type=\"column\">\r\n\t\t\t\t\t<div class=\"elementor-widget-wrap elementor-element-populated\">\r\n\t\t\t\t\t\t\t\t<div class=\"elementor-element elementor-element-0344a9b elementor-widget elementor-widget-heading\" data-id=\"0344a9b\" data-element_type=\"widget\" data-e-type=\"widget\" data-widget_type=\"heading.default\">\n\t\t\t\t<div class=\"elementor-widget-container\">\n\t\t\t\t\t<h1 class=\"elementor-heading-title elementor-size-default\">L'ART DE LA PARFUMERIE<\/h1>\t\t\t\t<\/div>\n\t\t\t\t<\/div>\n\t\t\t\t\t<\/div>\r\n\t\t\t\t<\/div>\r\n\t\t\t\t\t<\/div>\r\n\t\t\t\t<\/section>\r\n\t\t\t\t<section class=\"elementor-section elementor-top-section elementor-element elementor-element-d57d6af elementor-section-boxed elementor-section-height-default elementor-section-height-default\" data-id=\"d57d6af\" data-element_type=\"section\" data-e-type=\"section\">\r\n\t\t\r\n\t\t\t\t\t\t\t<div class=\"elementor-container elementor-column-gap-default\">\r\n\t\t\t\t\t\t\t\t\t\t\t<div class=\"elementor-column elementor-col-100 elementor-top-column elementor-element elementor-element-68fe137\" data-id=\"68fe137\" data-element_type=\"column\" data-e-type=\"column\">\r\n\t\t\t\t\t<div class=\"elementor-widget-wrap elementor-element-populated\">\r\n\t\t\t\t\t\t\t\t<div class=\"elementor-element elementor-element-8724127 elementor-widget elementor-widget-text-editor\" data-id=\"8724127\" data-element_type=\"widget\" data-e-type=\"widget\" data-widget_type=\"text-editor.default\">\n\t\t\t\t<div class=\"elementor-widget-container\">\n\t\t\t\t\t\t\t\t\t<p><span lang=\"fr\"><span data-language-for-alternatives=\"fr\" data-language-to-translate-into=\"en\" data-phrase-index=\"0\" data-number-of-phrases=\"3\">Le parfum est une relation tr\u00e8s complexe d&#8217;ingr\u00e9dients avec leurs r\u00e9actions et leurs diff\u00e9rents niveaux de volatilit\u00e9.<\/span> <span data-language-for-alternatives=\"fr\" data-language-to-translate-into=\"en\" data-phrase-index=\"1\" data-number-of-phrases=\"3\">C&#8217;est une cr\u00e9ation vivante qui change et \u00e9volue chaque jour.<\/span> <span data-language-for-alternatives=\"fr\" data-language-to-translate-into=\"en\" data-phrase-index=\"2\" data-number-of-phrases=\"3\">La structure traditionnelle du parfum peut \u00eatre d\u00e9crite comme une pyramide divis\u00e9e en 3 niveaux selon les notes que l&#8217;on d\u00e9couvre :<\/span><\/span><\/p>\n<h2><span lang=\"fr\"><span data-language-for-alternatives=\"fr\" data-language-to-translate-into=\"en\" data-phrase-index=\"0\" data-number-of-phrases=\"1\">La note de t\u00eate<\/span><\/span><\/h2>\n<p><span lang=\"fr\"><span data-language-for-alternatives=\"fr\" data-language-to-translate-into=\"en\" data-phrase-index=\"0\" data-number-of-phrases=\"3\">La note de t\u00eate est la plus volatile et elle peut \u00eatre <\/span><\/span><span lang=\"fr\"><span data-language-for-alternatives=\"fr\" data-language-to-translate-into=\"en\" data-phrase-index=\"0\" data-number-of-phrases=\"3\">sentie juste apr\u00e8s l&#8217;application du parfum.<\/span> <span data-language-for-alternatives=\"fr\" data-language-to-translate-into=\"en\" data-phrase-index=\"1\" data-number-of-phrases=\"3\">C&#8217;est la premi\u00e8re impression que l&#8217;on a quand on sent une cr\u00e9ation, elle est \u00e9ph\u00e9m\u00e8re et donc s&#8217;estompe assez rapidement (5 \u00e0 30 minutes, disparaissant compl\u00e8tement au bout de 2 heures).<\/span> <span data-language-for-alternatives=\"fr\" data-language-to-translate-into=\"en\" data-phrase-index=\"2\" data-number-of-phrases=\"3\">Cette note se compose typiquement de senteurs fra\u00eeches, d&#8217;agrumes et des notes vertes telles que la lavande, les agrumes, la fleur d&#8217;oranger, l&#8217;eucalyptus.<\/span><\/span><\/p>\n<h2><span lang=\"fr\"><span data-language-for-alternatives=\"fr\" data-language-to-translate-into=\"en\" data-phrase-index=\"0\" data-number-of-phrases=\"1\">La note de c\u0153ur<\/span><\/span><\/h2>\n<p>Les notes de c\u0153ur se r\u00e9v\u00e8lent lorsque les notes de t\u00eate commencent \u00e0 s&#8217;estomper. Le C\u0153ur est l&#8217;essence du parfum ; c&#8217;est la note qui r\u00e9v\u00e8le son caract\u00e8re et le th\u00e8me dominant de la composition, la partie de la cr\u00e9ation qui d\u00e9finit son appartenance \u00e0 une famille donn\u00e9e. La dur\u00e9e du Coeur est comprise entre 2 et 10 heures et il prolonge la fra\u00eecheur des notes de t\u00eate et annonce l&#8217;arriv\u00e9e de la chaleur des Notes de Fond. Des exemples typiques de c\u0153ur peuvent \u00eatre des roses et des \u00e9pices.<\/p>\n<h2><span lang=\"fr\"><span data-language-for-alternatives=\"fr\" data-language-to-translate-into=\"en\" data-phrase-index=\"0\" data-number-of-phrases=\"1\">La note de fond<\/span><\/span><\/h2>\n<p>La troisi\u00e8me et derni\u00e8re partie de la composition parfum\u00e9e est la Note de Fond dont le r\u00f4le est de fixer le parfum. C&#8217;est l&#8217;\u00e2me de la cr\u00e9ation, qui donne une personnalit\u00e9 au parfum, sa chaleur et sa sensualit\u00e9, vos derni\u00e8res impressions. La note de fond est la plus durable et peut durer 24 heures ou plus, selon la composition du parfum. Des exemples typiques peuvent \u00eatre la Vanille, le Bois, le Musc, le Santal, le Patchouli et l&#8217;Ambre.<\/p>\n<h3>GOUTTE \u00c0 GOUTTE<\/h3>\n<p>Les parfums sont divis\u00e9s en diff\u00e9rentes cat\u00e9gories, selon le niveau d&#8217;huiles <span>parfum\u00e9es <\/span>qu&#8217;ils contiennent. Il n&#8217;y a pas d&#8217;\u00e9chelles d\u00e9finies que nous utilisons dans notre profession, mais les \u00e9l\u00e9ments suivants peuvent servir de lignes directrices approximatives&nbsp;:<\/p>\n<p>&nbsp;&nbsp;&nbsp;&nbsp; Parfum &#8211; 20% + de concentration<br>&nbsp;&nbsp;&nbsp;&nbsp; Eau de parfum 15-20% de concentration<br>&nbsp;&nbsp;&nbsp;&nbsp; Eau de toilette 8-15% de concentration<br>&nbsp;&nbsp;&nbsp;&nbsp; Eau de Cologne 3-8% de concentration<br>&nbsp;&nbsp;&nbsp;&nbsp; Eau <span>Fra\u00eeche <\/span> 0,5-3% de concentration<\/p>\t\t\t\t\t\t\t\t<\/div>\n\t\t\t\t<\/div>\n\t\t\t\t\t<\/div>\r\n\t\t\t\t<\/div>\r\n\t\t\t\t\t<\/div>\r\n\t\t\t\t<\/section>\r\n\t\t\t\t<\/div>\n\t\t","protected":false},"excerpt":{"rendered":"<p>L&#8217;ART DE LA PARFUMERIE Le parfum est une relation tr\u00e8s complexe d&#8217;ingr\u00e9dients avec leurs r\u00e9actions et leurs diff\u00e9rents niveaux de volatilit\u00e9. C&#8217;est une cr\u00e9ation vivante qui change et \u00e9volue chaque jour. La structure traditionnelle du parfum peut \u00eatre d\u00e9crite comme une pyramide divis\u00e9e en 3 niveaux selon les notes que l&#8217;on d\u00e9couvre : La note [&hellip;]<\/p>\n","protected":false},"author":2,"featured_media":0,"parent":4350,"menu_order":0,"comment_status":"closed","ping_status":"closed","template":"","meta":{"footnotes":""},"class_list":["post-4380","page","type-page","status-publish","hentry"],"_links":{"self":[{"href":"https:\/\/ipg-fragrances.com\/fr\/wp-json\/wp\/v2\/pages\/4380","targetHints":{"allow":["GET"]}}],"collection":[{"href":"https:\/\/ipg-fragrances.com\/fr\/wp-json\/wp\/v2\/pages"}],"about":[{"href":"https:\/\/ipg-fragrances.com\/fr\/wp-json\/wp\/v2\/types\/page"}],"author":[{"embeddable":true,"href":"https:\/\/ipg-fragrances.com\/fr\/wp-json\/wp\/v2\/users\/2"}],"replies":[{"embeddable":true,"href":"https:\/\/ipg-fragrances.com\/fr\/wp-json\/wp\/v2\/comments?post=4380"}],"version-history":[{"count":3,"href":"https:\/\/ipg-fragrances.com\/fr\/wp-json\/wp\/v2\/pages\/4380\/revisions"}],"predecessor-version":[{"id":4383,"href":"https:\/\/ipg-fragrances.com\/fr\/wp-json\/wp\/v2\/pages\/4380\/revisions\/4383"}],"up":[{"embeddable":true,"href":"https:\/\/ipg-fragrances.com\/fr\/wp-json\/wp\/v2\/pages\/4350"}],"wp:attachment":[{"href":"https:\/\/ipg-fragrances.com\/fr\/wp-json\/wp\/v2\/media?parent=4380"}],"curies":[{"name":"wp","href":"https:\/\/api.w.org\/{rel}","templated":true}]}}