{"id":4361,"date":"2020-08-06T22:59:15","date_gmt":"2020-08-06T20:59:15","guid":{"rendered":"https:\/\/ipg-fragrances.com\/?page_id=4361"},"modified":"2021-12-10T21:32:00","modified_gmt":"2021-12-10T19:32:00","slug":"histoire","status":"publish","type":"page","link":"https:\/\/ipg-fragrances.com\/fr\/tout-savoir-sur-le-parfum\/histoire\/","title":{"rendered":"Histoire"},"content":{"rendered":"\t\t<div data-elementor-type=\"wp-page\" data-elementor-id=\"4361\" class=\"elementor elementor-4361 elementor-1778\" data-elementor-post-type=\"page\">\n\t\t\t\t\t\t<section class=\"elementor-section elementor-top-section elementor-element elementor-element-b5b8ce9 elementor-section-boxed elementor-section-height-default elementor-section-height-default\" data-id=\"b5b8ce9\" data-element_type=\"section\" data-e-type=\"section\">\r\n\t\t\r\n\t\t\t\t\t\t\t<div class=\"elementor-container elementor-column-gap-default\">\r\n\t\t\t\t\t\t\t\t\t\t\t<div class=\"elementor-column elementor-col-100 elementor-top-column elementor-element elementor-element-e3551a3\" data-id=\"e3551a3\" data-element_type=\"column\" data-e-type=\"column\">\r\n\t\t\t\t\t<div class=\"elementor-widget-wrap elementor-element-populated\">\r\n\t\t\t\t\t\t\t\t<div class=\"elementor-element elementor-element-cf3c2d3 elementor-widget elementor-widget-toggle\" data-id=\"cf3c2d3\" data-element_type=\"widget\" data-e-type=\"widget\" data-widget_type=\"toggle.default\">\n\t\t\t\t<div class=\"elementor-widget-container\">\n\t\t\t\t\t\t\t<div class=\"elementor-toggle\">\n\t\t\t\t\t\t\t<div class=\"elementor-toggle-item\">\n\t\t\t\t\t<div id=\"elementor-tab-title-2171\" class=\"elementor-tab-title\" data-tab=\"1\" role=\"button\" aria-controls=\"elementor-tab-content-2171\" aria-expanded=\"false\">\n\t\t\t\t\t\t\t\t\t\t\t\t<span class=\"elementor-toggle-icon elementor-toggle-icon-left\" aria-hidden=\"true\">\n\t\t\t\t\t\t\t\t\t\t\t\t\t\t\t<span class=\"elementor-toggle-icon-closed\"><i class=\"fas fa-caret-right\"><\/i><\/span>\n\t\t\t\t\t\t\t\t<span class=\"elementor-toggle-icon-opened\"><i class=\"elementor-toggle-icon-opened fas fa-caret-up\"><\/i><\/span>\n\t\t\t\t\t\t\t\t\t\t\t\t\t<\/span>\n\t\t\t\t\t\t\t\t\t\t\t\t<a class=\"elementor-toggle-title\" tabindex=\"0\">M\u00e9sopotamie<\/a>\n\t\t\t\t\t<\/div>\n\n\t\t\t\t\t<div id=\"elementor-tab-content-2171\" class=\"elementor-tab-content elementor-clearfix\" data-tab=\"1\" role=\"region\" aria-labelledby=\"elementor-tab-title-2171\"><p>La premi\u00e8re documentation \u00e9crite sur la parfumerie a \u00e9t\u00e9 trouv\u00e9e dans la civilisation m\u00e9sopotamienne. Les Sum\u00e9riens nous ont laiss\u00e9 de nombreuses prescriptions d&#8217;onguents et de parfums, et la reine Schubab qui v\u00e9cut en 3 500 ans AJ est la premi\u00e8re royaut\u00e9 connue enterr\u00e9e avec des cosm\u00e9tiques. La culture m\u00e9sopotamienne a influenc\u00e9 les \u00c9gyptiens.<\/p><\/div>\n\t\t\t\t<\/div>\n\t\t\t\t\t\t\t<div class=\"elementor-toggle-item\">\n\t\t\t\t\t<div id=\"elementor-tab-title-2172\" class=\"elementor-tab-title\" data-tab=\"2\" role=\"button\" aria-controls=\"elementor-tab-content-2172\" aria-expanded=\"false\">\n\t\t\t\t\t\t\t\t\t\t\t\t<span class=\"elementor-toggle-icon elementor-toggle-icon-left\" aria-hidden=\"true\">\n\t\t\t\t\t\t\t\t\t\t\t\t\t\t\t<span class=\"elementor-toggle-icon-closed\"><i class=\"fas fa-caret-right\"><\/i><\/span>\n\t\t\t\t\t\t\t\t<span class=\"elementor-toggle-icon-opened\"><i class=\"elementor-toggle-icon-opened fas fa-caret-up\"><\/i><\/span>\n\t\t\t\t\t\t\t\t\t\t\t\t\t<\/span>\n\t\t\t\t\t\t\t\t\t\t\t\t<a class=\"elementor-toggle-title\" tabindex=\"0\">l'Egypte ancienne<\/a>\n\t\t\t\t\t<\/div>\n\n\t\t\t\t\t<div id=\"elementor-tab-content-2172\" class=\"elementor-tab-content elementor-clearfix\" data-tab=\"2\" role=\"region\" aria-labelledby=\"elementor-tab-title-2172\"><p>Jusqu&#8217;au d\u00e9but de l&#8217;\u00e2ge d&#8217;or \u00e9gyptien, les parfums n&#8217;\u00e9taient utilis\u00e9s que dans les rituels des dieux. Les pharaons \u00e9taient accompagn\u00e9s de plus de deux cents servantes aux encensoirs enfum\u00e9s, parfumant leur itin\u00e9raire. Cl\u00e9op\u00e2tre, connue pour sa beaut\u00e9 et sa f\u00e9minit\u00e9, \u00e9tait \u00e9galement l\u00e9gendaire pour la puissance de son parfum. Elle est arriv\u00e9e en \u00c9gypte depuis Rome pour devenir reine, avec des nuages de parfum annon\u00e7ant son arriv\u00e9e avant que sa p\u00e9niche ne soit vue. Elle a accueilli Mark Anthony sur un navire aux voiles parfum\u00e9es.<br \/><br \/>Avec le temps, les parfums sont devenus disponibles pour les citoyens qui ont re\u00e7u l&#8217;ordre de se parfumer au moins une fois par semaine. Les \u00c9gyptiens portaient le parfum de la naissance \u00e0 l&#8217;au-del\u00e0 de la mort, accompagnant l&#8217;\u00e2me dans l&#8217;Autre Monde. Ils \u00e9taient tr\u00e8s fiers des vases qui conservaient leurs parfums, et lorsque le verre est apparu vers 1500 avant JC, il \u00e9tait plus cher que les bijoux.<\/p><\/div>\n\t\t\t\t<\/div>\n\t\t\t\t\t\t\t<div class=\"elementor-toggle-item\">\n\t\t\t\t\t<div id=\"elementor-tab-title-2173\" class=\"elementor-tab-title\" data-tab=\"3\" role=\"button\" aria-controls=\"elementor-tab-content-2173\" aria-expanded=\"false\">\n\t\t\t\t\t\t\t\t\t\t\t\t<span class=\"elementor-toggle-icon elementor-toggle-icon-left\" aria-hidden=\"true\">\n\t\t\t\t\t\t\t\t\t\t\t\t\t\t\t<span class=\"elementor-toggle-icon-closed\"><i class=\"fas fa-caret-right\"><\/i><\/span>\n\t\t\t\t\t\t\t\t<span class=\"elementor-toggle-icon-opened\"><i class=\"elementor-toggle-icon-opened fas fa-caret-up\"><\/i><\/span>\n\t\t\t\t\t\t\t\t\t\t\t\t\t<\/span>\n\t\t\t\t\t\t\t\t\t\t\t\t<a class=\"elementor-toggle-title\" tabindex=\"0\">Gr\u00e8ce antique et Ph\u00e9nicie <\/a>\n\t\t\t\t\t<\/div>\n\n\t\t\t\t\t<div id=\"elementor-tab-content-2173\" class=\"elementor-tab-content elementor-clearfix\" data-tab=\"3\" role=\"region\" aria-labelledby=\"elementor-tab-title-2173\"><p>Les anciens Grecs consid\u00e9raient la beaut\u00e9, l&#8217;harmonie esth\u00e9tique, les proportions et l&#8217;\u00e9quilibre comme divins. Les dieux grecs de la mythologie enseignaient aux mortels \u00e0 utiliser des parfums. V\u00e9nus a clou\u00e9 une \u00e9pine de rosier et \u00e0 partir de ce jour, la l\u00e9gende veut que la rose soit rouge, et non plus blanche, et porte son ar\u00f4me.<br \/><br \/>Les Grecs ont d\u00e9velopp\u00e9 la parfumerie \u00e0 travers la Cr\u00e8te, la Syrie et d&#8217;autres villes. Les produits \u00e9taient utilis\u00e9s en si grande abondance que Solon, l&#8217;un des sept sages, a interdit les importations au 6\u00e8me si\u00e8cle en raison de leurs co\u00fbts \u00e9lev\u00e9s. Cette interdiction n&#8217;a pas dur\u00e9 longtemps, car les Grecs \u00e9taient si friands de parfums, que rien ne pouvait les arr\u00eater.<br \/><br \/>La contribution majeure des Grecs \u00e0 la parfumerie n&#8217;est pas dans les senteurs elles-m\u00eames, mais dans l&#8217;art de les pr\u00e9senter. Les Grecs ont cr\u00e9\u00e9 la poterie qui est consid\u00e9r\u00e9e jusqu&#8217;\u00e0 aujourd&#8217;hui comme in\u00e9gal\u00e9e. Ils ont cr\u00e9\u00e9 sept formes de flacons et les ont d\u00e9cor\u00e9s avec les movites g\u00e9om\u00e9triques mythiques, des sc\u00e8nes mythologiques et des animaux fantastiques.<br \/><br \/>Pendant cette p\u00e9riode, les Ph\u00e9niciens ont jou\u00e9 un r\u00f4le commercial important dans l&#8217;industrie. Cette culture ancienne avec plus de 7000 ans d&#8217;histoire s&#8217;\u00e9tait install\u00e9e entre la mer et les monts du Liban. Grands navigateurs et commer\u00e7ants, ce sont des gens capables et intelligents qui s&#8217;enrichissent rapidement gr\u00e2ce au commerce du c\u00e8dre et du murex. Leur go\u00fbt pour le commerce et les voyages en font les premiers distributeurs de parfums en M\u00e9diterran\u00e9e.<\/p><\/div>\n\t\t\t\t<\/div>\n\t\t\t\t\t\t\t<div class=\"elementor-toggle-item\">\n\t\t\t\t\t<div id=\"elementor-tab-title-2174\" class=\"elementor-tab-title\" data-tab=\"4\" role=\"button\" aria-controls=\"elementor-tab-content-2174\" aria-expanded=\"false\">\n\t\t\t\t\t\t\t\t\t\t\t\t<span class=\"elementor-toggle-icon elementor-toggle-icon-left\" aria-hidden=\"true\">\n\t\t\t\t\t\t\t\t\t\t\t\t\t\t\t<span class=\"elementor-toggle-icon-closed\"><i class=\"fas fa-caret-right\"><\/i><\/span>\n\t\t\t\t\t\t\t\t<span class=\"elementor-toggle-icon-opened\"><i class=\"elementor-toggle-icon-opened fas fa-caret-up\"><\/i><\/span>\n\t\t\t\t\t\t\t\t\t\t\t\t\t<\/span>\n\t\t\t\t\t\t\t\t\t\t\t\t<a class=\"elementor-toggle-title\" tabindex=\"0\">Rome<\/a>\n\t\t\t\t\t<\/div>\n\n\t\t\t\t\t<div id=\"elementor-tab-content-2174\" class=\"elementor-tab-content elementor-clearfix\" data-tab=\"4\" role=\"region\" aria-labelledby=\"elementor-tab-title-2174\"><p>Rome &#8211; une ville en prose et aust\u00e8re a \u00e9t\u00e9 profond\u00e9ment modifi\u00e9e par l&#8217;influence grecque se livrant \u00e0 l&#8217;amour des parfums dans tout l&#8217;empire. Avec la fin de la r\u00e9publique et les premiers si\u00e8cles de l&#8217;empire, Rome est devenue une ville tr\u00e8s riche et prosp\u00e8re, o\u00f9 les parfums ont grandi pour faire partie de la culture. Ils ont \u00e9t\u00e9 appliqu\u00e9s trois fois par jour non seulement sur les humains, mais aussi sur les chiens de compagnie et les chevaux. Les oiseaux \u00e9taient lib\u00e9r\u00e9s de leurs cages lors des festins pour r\u00e9pandre le parfum de leurs ailes. Les tentures, les tables et tous les accessoires \u00e9taient parfum\u00e9s et les serviteurs portaient du musc, de la marjolaine, du nard et d&#8217;autres parfums.<br \/><br \/>Les parfumeurs romains \u00e9taient situ\u00e9s dans le quartier &#8220;Vicus unguentarium&#8221;, o\u00f9 ils pr\u00e9paraient et vendaient leurs parfums et onguents et construisaient leurs noms. Avec la chute des Romains et l&#8217;essor du christianisme, qui pr\u00f4nait l&#8217;aust\u00e9rit\u00e9 et la mod\u00e9ration, l&#8217;usage des parfums d\u00e9clina consid\u00e9rablement et se limita aux cours royales et \u00e0 la noblesse.<\/p><\/div>\n\t\t\t\t<\/div>\n\t\t\t\t\t\t\t<div class=\"elementor-toggle-item\">\n\t\t\t\t\t<div id=\"elementor-tab-title-2175\" class=\"elementor-tab-title\" data-tab=\"5\" role=\"button\" aria-controls=\"elementor-tab-content-2175\" aria-expanded=\"false\">\n\t\t\t\t\t\t\t\t\t\t\t\t<span class=\"elementor-toggle-icon elementor-toggle-icon-left\" aria-hidden=\"true\">\n\t\t\t\t\t\t\t\t\t\t\t\t\t\t\t<span class=\"elementor-toggle-icon-closed\"><i class=\"fas fa-caret-right\"><\/i><\/span>\n\t\t\t\t\t\t\t\t<span class=\"elementor-toggle-icon-opened\"><i class=\"elementor-toggle-icon-opened fas fa-caret-up\"><\/i><\/span>\n\t\t\t\t\t\t\t\t\t\t\t\t\t<\/span>\n\t\t\t\t\t\t\t\t\t\t\t\t<a class=\"elementor-toggle-title\" tabindex=\"0\">Byzantine et Arabie <\/a>\n\t\t\t\t\t<\/div>\n\n\t\t\t\t\t<div id=\"elementor-tab-content-2175\" class=\"elementor-tab-content elementor-clearfix\" data-tab=\"5\" role=\"region\" aria-labelledby=\"elementor-tab-title-2175\"><p>L&#8217;empire byzantin, h\u00e9ritier de Rome, a perp\u00e9tu\u00e9 les traditions de la parfumerie en Orient. Le sud de l&#8217;Arabie, le d\u00e9sert d&#8217;aujourd&#8217;hui, \u00e9tait autrefois une r\u00e9gion mythique et verte. Au fil du temps, elle s&#8217;empare des traditions du monde et devient le Pays des parfums, commercialisant des essences \u00e0 travers le monde. \u00c9tant de grands experts, les Arabes non seulement assimil\u00e8rent et perfectionn\u00e8rent les connaissances des civilisations pr\u00e9c\u00e9dentes, mais introduisirent l&#8217;art de la distillation de l&#8217;alcool comme support d&#8217;essence et commenc\u00e8rent l&#8217;\u00e9laboration de parfums. Avicenne, le docteur arabe \u00e9tait aussi un chimiste, d&#8217;abord exp\u00e9riment\u00e9 avec la rose, cr\u00e9ant l&#8217;eau de rose. Avec le musc et la civette, elles sont devenues les reines des ar\u00f4mes de tout le Moyen \u00c2ge.<br \/><br \/>La d\u00e9couverte de l&#8217;alcool a conduit \u00e0 la cr\u00e9ation de l&#8217;Eau de la Reine de Hongrie, et la l\u00e9gende raconte qu&#8217;elle lui a \u00e9t\u00e9 donn\u00e9e au XIVe si\u00e8cle alors qu&#8217;elle \u00e9tait assez \u00e2g\u00e9e et infertile. Cela lui fit tellement de bien que le roi de Pologne lui proposa un mariage.<\/p><\/div>\n\t\t\t\t<\/div>\n\t\t\t\t\t\t\t<div class=\"elementor-toggle-item\">\n\t\t\t\t\t<div id=\"elementor-tab-title-2176\" class=\"elementor-tab-title\" data-tab=\"6\" role=\"button\" aria-controls=\"elementor-tab-content-2176\" aria-expanded=\"false\">\n\t\t\t\t\t\t\t\t\t\t\t\t<span class=\"elementor-toggle-icon elementor-toggle-icon-left\" aria-hidden=\"true\">\n\t\t\t\t\t\t\t\t\t\t\t\t\t\t\t<span class=\"elementor-toggle-icon-closed\"><i class=\"fas fa-caret-right\"><\/i><\/span>\n\t\t\t\t\t\t\t\t<span class=\"elementor-toggle-icon-opened\"><i class=\"elementor-toggle-icon-opened fas fa-caret-up\"><\/i><\/span>\n\t\t\t\t\t\t\t\t\t\t\t\t\t<\/span>\n\t\t\t\t\t\t\t\t\t\t\t\t<a class=\"elementor-toggle-title\" tabindex=\"0\">Renaissance<\/a>\n\t\t\t\t\t<\/div>\n\n\t\t\t\t\t<div id=\"elementor-tab-content-2176\" class=\"elementor-tab-content elementor-clearfix\" data-tab=\"6\" role=\"region\" aria-labelledby=\"elementor-tab-title-2176\"><p>A cette \u00e9poque Venise et Florence \u00e9taient les capitales des parfums. La figure la plus l\u00e9gendaire de l&#8217;\u00e9poque, Catherine de M\u00e9dicis, est partie en France pour \u00e9pouser le roi Henri II, emmenant avec elle son propre parfumeur, Ren\u00e9 le Florentin d&#8217;Italie. Ses appartements et son laboratoire \u00e9taient reli\u00e9s par un passage secret, afin qu&#8217;aucune formule ne puisse \u00eatre vol\u00e9e en chemin. Ren\u00e9 a ouvert une parfumerie \u00e0 Paris qui est devenue un grand succ\u00e8s. La l\u00e9gende dit qu&#8217;il \u00e9tait connu pour composer aussi bien des parfums que des poisons.<br \/><br \/>Publi\u00e9 \u00e0 Venise en 1555, le premier trait\u00e9 sur les parfums comportait 328 pr\u00e9parations parfum\u00e9es et constitua pendant plus de deux si\u00e8cles la base de la litt\u00e9rature en la mati\u00e8re.<\/p><\/div>\n\t\t\t\t<\/div>\n\t\t\t\t\t\t\t<div class=\"elementor-toggle-item\">\n\t\t\t\t\t<div id=\"elementor-tab-title-2177\" class=\"elementor-tab-title\" data-tab=\"7\" role=\"button\" aria-controls=\"elementor-tab-content-2177\" aria-expanded=\"false\">\n\t\t\t\t\t\t\t\t\t\t\t\t<span class=\"elementor-toggle-icon elementor-toggle-icon-left\" aria-hidden=\"true\">\n\t\t\t\t\t\t\t\t\t\t\t\t\t\t\t<span class=\"elementor-toggle-icon-closed\"><i class=\"fas fa-caret-right\"><\/i><\/span>\n\t\t\t\t\t\t\t\t<span class=\"elementor-toggle-icon-opened\"><i class=\"elementor-toggle-icon-opened fas fa-caret-up\"><\/i><\/span>\n\t\t\t\t\t\t\t\t\t\t\t\t\t<\/span>\n\t\t\t\t\t\t\t\t\t\t\t\t<a class=\"elementor-toggle-title\" tabindex=\"0\">De la Renaissance aux temps modernes <\/a>\n\t\t\t\t\t<\/div>\n\n\t\t\t\t\t<div id=\"elementor-tab-content-2177\" class=\"elementor-tab-content elementor-clearfix\" data-tab=\"7\" role=\"region\" aria-labelledby=\"elementor-tab-title-2177\"><p>Beaucoup de choses int\u00e9ressantes se sont produites depuis. Feminis, une Italienne vivant \u00e0 Cologne, a \u00e9t\u00e9 la premi\u00e8re \u00e0 commercialiser l&#8217;eau de Cologne sous le nom d&#8217;Aqua Mirabilis. Son neveu, Jean-Pierre Farina a port\u00e9 la cr\u00e9ation \u00e0 son apog\u00e9e, comptant Napol\u00e9on parmi ses plus grands fans.<\/p><p><u><b>1<\/b><b>9<\/b><b>00 : Le<\/b><b> <\/b><b>parfum comme art<\/b><\/u><br \/>Le d\u00e9but du 20\u00e8me si\u00e8cle est marqu\u00e9 par la conception du parfum comme objet d&#8217;art moderne, et en 1910 Paul Poiret lance Les Parfums de Rosine, qui marque la g\u00e9n\u00e9ration des couturiers-parfumeurs.<\/p><p><u><b>1920 -1960 : l&#8217;apog\u00e9e de la parfumerie fran\u00e7aise.<\/b><\/u><br \/>C&#8217;est la p\u00e9riode dor\u00e9e de la parfumerie fran\u00e7aise, o\u00f9 les parfums \u00e9taient une expression artistique et une c\u00e9l\u00e9bration esth\u00e9tique et olfactive. L&#8217;industrialisation et la commercialisation ont commenc\u00e9, avec une production de masse et des mat\u00e9riaux synth\u00e9tiques.<\/p><p><u><b>1960-1980 : Diversit\u00e9<\/b><\/u><br \/>Les ann\u00e9es 1960 jusqu&#8217;\u00e0 la fin des ann\u00e9es 1980 ont \u00e9t\u00e9 une p\u00e9riode r\u00e9volutionnaire. Une p\u00e9riode de red\u00e9finition des valeurs et de la soci\u00e9t\u00e9. Une p\u00e9riode de contraste et d&#8217;extr\u00eames. Les parfums de l&#8217;\u00e9poque cherchaient \u00e0 refl\u00e9ter cette nouvelle r\u00e9alit\u00e9, les troubles \u00e9conomiques et sociaux et l&#8217;influence de la rue.<\/p><p><b><u>Ann\u00e9es 90 : Mondialisation<\/u><\/b><br \/>Dans les ann\u00e9es 1990, l&#8217;industrie de la parfumerie se caract\u00e9rise par sa perte de sens artistique et la concentration du domaine entre les mains de plusieurs multinationales. Commercialisation \u00e0 grande \u00e9chelle, mati\u00e8res premi\u00e8res synth\u00e9tiques et solidit\u00e9 financi\u00e8re sont devenus des facteurs cl\u00e9s de succ\u00e8s, laissant derri\u00e8re eux le parfum lui-m\u00eame et son sens. L&#8217;acheteur est un consommateur et non un individu dont le go\u00fbt est \u00e0 comprendre et dont la personnalit\u00e9 est cultiv\u00e9e. La masse et le volume \u00e9taient la cl\u00e9.<\/p><p><u><b>Ann\u00e9es 2000 : Retour \u00e0 la sophistication<\/b><\/u><br \/>Aujourd&#8217;hui, le monde conna\u00eet de profonds changements. Suite au processus de mondialisation, nous avons connu ses aspects positifs et n\u00e9gatifs. Les gens recherchent d\u00e9sormais l&#8217;individualit\u00e9, la signature et l&#8217;unicit\u00e9, et les tendances de la parfumerie sont revenues \u00e0 leurs bases solides :<\/p><p>\u00a0\u00a0\u00a0 On revient \u00e0 la fragrance sophistiqu\u00e9e, originale et audacieuse<br \/>\u00a0\u00a0\u00a0 On revient aux parfums f\u00e9minins et masculins, et non aux produits unisexes<br \/>\u00a0\u00a0\u00a0 Nous recherchons les aspects \u00e9motionnels et artistiques de nos produits<\/p><\/div>\n\t\t\t\t<\/div>\n\t\t\t\t\t\t\t\t<\/div>\n\t\t\t\t\t\t<\/div>\n\t\t\t\t<\/div>\n\t\t\t\t\t<\/div>\r\n\t\t\t\t<\/div>\r\n\t\t\t\t\t<\/div>\r\n\t\t\t\t<\/section>\r\n\t\t\t\t<\/div>\n\t\t","protected":false},"excerpt":{"rendered":"<p>M\u00e9sopotamie La premi\u00e8re documentation \u00e9crite sur la parfumerie a \u00e9t\u00e9 trouv\u00e9e dans la civilisation m\u00e9sopotamienne. Les Sum\u00e9riens nous ont laiss\u00e9 de nombreuses prescriptions d&#8217;onguents et de parfums, et la reine Schubab qui v\u00e9cut en 3 500 ans AJ est la premi\u00e8re royaut\u00e9 connue enterr\u00e9e avec des cosm\u00e9tiques. La culture m\u00e9sopotamienne a influenc\u00e9 les \u00c9gyptiens. l&#8217;Egypte [&hellip;]<\/p>\n","protected":false},"author":2,"featured_media":0,"parent":4350,"menu_order":0,"comment_status":"closed","ping_status":"closed","template":"","meta":{"footnotes":""},"class_list":["post-4361","page","type-page","status-publish","hentry"],"_links":{"self":[{"href":"https:\/\/ipg-fragrances.com\/fr\/wp-json\/wp\/v2\/pages\/4361","targetHints":{"allow":["GET"]}}],"collection":[{"href":"https:\/\/ipg-fragrances.com\/fr\/wp-json\/wp\/v2\/pages"}],"about":[{"href":"https:\/\/ipg-fragrances.com\/fr\/wp-json\/wp\/v2\/types\/page"}],"author":[{"embeddable":true,"href":"https:\/\/ipg-fragrances.com\/fr\/wp-json\/wp\/v2\/users\/2"}],"replies":[{"embeddable":true,"href":"https:\/\/ipg-fragrances.com\/fr\/wp-json\/wp\/v2\/comments?post=4361"}],"version-history":[{"count":15,"href":"https:\/\/ipg-fragrances.com\/fr\/wp-json\/wp\/v2\/pages\/4361\/revisions"}],"predecessor-version":[{"id":4379,"href":"https:\/\/ipg-fragrances.com\/fr\/wp-json\/wp\/v2\/pages\/4361\/revisions\/4379"}],"up":[{"embeddable":true,"href":"https:\/\/ipg-fragrances.com\/fr\/wp-json\/wp\/v2\/pages\/4350"}],"wp:attachment":[{"href":"https:\/\/ipg-fragrances.com\/fr\/wp-json\/wp\/v2\/media?parent=4361"}],"curies":[{"name":"wp","href":"https:\/\/api.w.org\/{rel}","templated":true}]}}