{"id":4004,"date":"2022-01-18T01:43:48","date_gmt":"2022-01-18T00:43:48","guid":{"rendered":"https:\/\/ipg-fragrances.com\/?page_id=4004"},"modified":"2026-02-20T18:54:07","modified_gmt":"2026-02-20T17:54:07","slug":"parfumeur-createur-parfums-sur-mesure","status":"publish","type":"page","link":"https:\/\/ipg-fragrances.com\/fr\/parfumeur-createur-parfums-sur-mesure\/","title":{"rendered":"\u00c0 propos"},"content":{"rendered":"<div class=\"wpb-content-wrapper\"><p>[vc_row][vc_column][vc_custom_heading text=&#8221;\u00c0 propos&#8221; font_container=&#8221;tag:h1|text_align:center&#8221; use_theme_fonts=&#8221;yes&#8221; source=&#8221;post_title&#8221;][\/vc_column][\/vc_row][vc_row el_class=&#8221;p-t-xxl p-b-lg&#8221;][vc_column][vc_custom_heading text=&#8221;EN <strong>BREF<\/strong>&#8221; font_container=&#8221;tag:h3|text_align:left&#8221; use_theme_fonts=&#8221;yes&#8221; el_class=&#8221;about-titles&#8221;][\/vc_column][\/vc_row][vc_row][vc_column width=&#8221;1\/3&#8243;]<div class=\"porto-carousel owl-carousel has-ccols has-ccols-spacing ccols-xl-1 ccols-lg-1 ccols-md-1 ccols-sm-1 ccols-1 wpb_custom_e7ff2f73e399f108e428c717da9bcc45\" data-plugin-options=\"{&quot;themeConfig&quot;:true,&quot;stagePadding&quot;:0,&quot;margin&quot;:10,&quot;autoplay&quot;:&quot;yes&quot;,&quot;mouseDrag&quot;:true,&quot;touchDrag&quot;:true,&quot;autoplayTimeout&quot;:3000,&quot;autoplayHoverPause&quot;:false,&quot;items&quot;:1,&quot;xl&quot;:1,&quot;lg&quot;:1,&quot;md&quot;:1,&quot;sm&quot;:1,&quot;xs&quot;:1,&quot;nav&quot;:false,&quot;dots&quot;:&quot;yes&quot;,&quot;animateIn&quot;:&quot;&quot;,&quot;animateOut&quot;:&quot;fadeOut&quot;,&quot;loop&quot;:&quot;yes&quot;,&quot;center&quot;:false,&quot;video&quot;:false,&quot;lazyLoad&quot;:false,&quot;fullscreen&quot;:false}\">[vc_single_image image=&#8221;6351&#8243; img_size=&#8221;full&#8221; alignment=&#8221;center&#8221; style=&#8221;vc_box_outline&#8221; css=&#8221;&#8221; label=&#8221;&#8221;]<\/div>[\/vc_column][vc_column width=&#8221;2\/3&#8243;][vc_column_text css=&#8221;&#8221;]<span class=\"VIiyi\" lang=\"fr\"><span class=\"JLqJ4b\" data-language-for-alternatives=\"fr\" data-language-to-translate-into=\"en\" data-phrase-index=\"0\" data-number-of-phrases=\"1\"><strong>NOTRE HISTOIRE<\/strong> <\/span><\/span><\/p>\n<p><span class=\"VIiyi\" lang=\"fr\"><span class=\"JLqJ4b\" data-language-for-alternatives=\"fr\" data-language-to-translate-into=\"en\" data-phrase-index=\"0\" data-number-of-phrases=\"1\">Tout a commenc\u00e9 il y a environ 150 ans, lorsque les anc\u00eatres de Parfumeur Cr\u00e9ateur Isabelle Maillebiau, notre co-fondatrice et Chef Parfumeur, ont \u00e9tabli leur entreprise de parfumerie \u00e0 Grasse, en France. Il y a une quinzaine d&#8217;ann\u00e9es, Isabelle et Panayot se sont donn\u00e9 pour mission de perp\u00e9tuer cette longue tradition familiale et de perp\u00e9tuer l&#8217;art de la parfumerie. Nous sommes fiers de perp\u00e9tuer la tradition de cr\u00e9er des parfums sur mesure jusqu&#8217;\u00e0 cette date et esp\u00e9rons transmettre ce pr\u00e9cieux savoir-faire \u00e0 la prochaine g\u00e9n\u00e9ration. <\/span><\/span><\/p>\n<p><span class=\"VIiyi\" lang=\"fr\"><span class=\"JLqJ4b\" data-language-for-alternatives=\"fr\" data-language-to-translate-into=\"en\" data-phrase-index=\"0\" data-number-of-phrases=\"1\"><strong>NOTRE PARFUMEUR EN CHEF<\/strong><\/span><\/span><\/p>\n<p>Au cours des 25 derni\u00e8res ann\u00e9es, Isabelle Maillebiau a cr\u00e9\u00e9 comme&nbsp;&nbsp; Parfumeur cr\u00e9ateur un univers diversifi\u00e9 et passionn\u00e9 notamment dans le monde des produits d&#8217;ambiance. Au cours de sa carri\u00e8re, elle a sign\u00e9 des fragrances sur mesure pour Gucci, Christofle, Lancel, Manolo Blahnik, Dior, C\u00e9line, Boucheron, Patek Philippe, Lacroix, Sonia Rykiel, Sisley, Boucheron, \u2026 sans oublier des cr\u00e9ations d&#8217;ambiances olfactives pour certains des h\u00f4tels les plus renomm\u00e9s au monde : le Plaza Ath\u00e9n\u00e9e, le Meurice, le George V, Grand H\u00f4tel du Lac Suisse\u2026.<\/p>\n<p><span class=\"VIiyi\" lang=\"fr\"><span class=\"JLqJ4b\" data-language-for-alternatives=\"fr\" data-language-to-translate-into=\"en\" data-phrase-index=\"0\" data-number-of-phrases=\"1\"><strong>CERTIFICATIONS<\/strong><\/span><\/span><\/p>\n<p>Nous op\u00e9rons depuis la Suisse et la Bulgarie (respectivement pays non- membre et pays membre de l&#8217;UE). \u00c9tant CERTIFI\u00c9S <a href=\"https:\/\/ec.europa.eu\/growth\/single-market\/european-standards\/harmonised-standards\/cosmetic-products_en\" target=\"_blank\" rel=\"noopener\"><strong>EU GMP CERTIFIED<\/strong><\/a> (EUROPEAN UNION GMP) <span class=\"VIiyi\" lang=\"fr\"><span class=\"JLqJ4b\" data-language-for-alternatives=\"fr\" data-language-to-translate-into=\"en\" data-phrase-index=\"0\" data-number-of-phrases=\"1\">pour les produits de parfumerie et de cosm\u00e9tiques, nous produisons et mettons sur le march\u00e9 des produits dans toute la Suisse, l&#8217;Union europ\u00e9enne et au-del\u00e0. Licence n\u00b0 2219024393. <\/span><\/span><\/p>\n<p><span class=\"VIiyi\" lang=\"fr\"><span class=\"JLqJ4b\" data-language-for-alternatives=\"fr\" data-language-to-translate-into=\"en\" data-phrase-index=\"0\" data-number-of-phrases=\"1\"><strong>SOLUTIONS TOUT-EN-UN<\/strong> <\/span><\/span><\/p>\n<p><span class=\"VIiyi\" lang=\"fr\"><span class=\"JLqJ4b\" data-language-for-alternatives=\"fr\" data-language-to-translate-into=\"en\" data-phrase-index=\"0\" data-number-of-phrases=\"1\">De la conception \u00e0 la fabrication, en passant par les tests, le stockage et la l\u00e9gislation, nous nous occupons de tout. En tant que Parfumeur et Fabricant, nous vous assisterons dans la cr\u00e9ation et la production de vos parfums sur mesure, bougies, cosm\u00e9tiques, produits promotionnels&#8230; Nous pouvons \u00e9galement produire la documentation d&#8217;exportation et les certifications <\/span><\/span><strong><a href=\"https:\/\/www.tuv.com\/world\/en\/\" target=\"_blank\" rel=\"noopener\">TUV<\/a> \/ <a href=\"https:\/\/www.sgs.com\/\" target=\"_blank\" rel=\"noopener\">SGS<\/a> \/ <a href=\"https:\/\/www.intertek.com\/\" target=\"_blank\" rel=\"noopener\">Intertek<\/a><\/strong><span class=\"VIiyi\" lang=\"fr\"><span class=\"JLqJ4b\" data-language-for-alternatives=\"fr\" data-language-to-translate-into=\"en\" data-phrase-index=\"0\" data-number-of-phrases=\"1\"> si n\u00e9cessaire. Ces services sont soumis \u00e0 des frais suppl\u00e9mentaires.<\/span><\/span>[\/vc_column_text][\/vc_column][\/vc_row][vc_row el_class=&#8221;p-b-lg&#8221;][vc_column][vc_separator color=&#8221;custom&#8221; gap=&#8221;tall&#8221; accent_color=&#8221;#dbdbdb&#8221;][vc_row_inner][vc_column_inner width=&#8221;1\/2&#8243; animation_duration=&#8221;100000&#8243; offset=&#8221;vc_col-md-3&#8243;][vc_pie value=&#8221;1260&#8243; type=&#8221;default&#8221; title=&#8221;Projets&#8221; units=&#8221;1000&#8243;][\/vc_column_inner][vc_column_inner width=&#8221;1\/2&#8243; animation_duration=&#8221;10000&#8243; offset=&#8221;vc_col-md-3&#8243;][vc_pie value=&#8221;600&#8243; type=&#8221;default&#8221; title=&#8221;ProduIts&#8221; units=&#8221;685000&#8243;][\/vc_column_inner][vc_column_inner width=&#8221;1\/2&#8243; animation_duration=&#8221;100000000&#8243; animation_delay=&#8221;10000000&#8243; offset=&#8221;vc_col-md-3&#8243;][vc_pie value=&#8221;4&#8243; type=&#8221;default&#8221; title=&#8221;continents&#8221;][\/vc_column_inner][vc_column_inner width=&#8221;1\/2&#8243; animation_duration=&#8221;10000&#8243; offset=&#8221;vc_col-md-3&#8243;][vc_pie value=&#8221;16&#8243; type=&#8221;default&#8221; title=&#8221;Categories&#8221; units=&#8221;0&#8243;][\/vc_column_inner][\/vc_row_inner][vc_separator color=&#8221;custom&#8221; gap=&#8221;tall&#8221; accent_color=&#8221;#dbdbdb&#8221;][\/vc_column][\/vc_row][vc_row][vc_column][vc_custom_heading text=&#8221;NOTRE <strong>MISSION<\/strong>&#8221; font_container=&#8221;tag:h3|text_align:left&#8221; use_theme_fonts=&#8221;yes&#8221; el_class=&#8221;about-titles&#8221;][vc_column_text]Saisir l&#8217;imperceptible pour cultiver l&#8217;unique[\/vc_column_text][\/vc_column][\/vc_row][vc_row][vc_column][vc_custom_heading text=&#8221;NOTRE <strong>PASSION<\/strong>&#8221; font_container=&#8221;tag:h3|text_align:left&#8221; use_theme_fonts=&#8221;yes&#8221; el_class=&#8221;about-titles&#8221;][vc_column_text]<span class=\"VIiyi\" lang=\"fr\"><span class=\"JLqJ4b ChMk0b\" data-language-for-alternatives=\"fr\" data-language-to-translate-into=\"en\" data-phrase-index=\"0\" data-number-of-phrases=\"4\">La cr\u00e9ativit\u00e9.<\/span> <span class=\"JLqJ4b ChMk0b\" data-language-for-alternatives=\"fr\" data-language-to-translate-into=\"en\" data-phrase-index=\"1\" data-number-of-phrases=\"4\">Nous nous effor\u00e7ons d&#8217;\u00eatre uniques, combinant la plus haute qualit\u00e9 avec l&#8217;abordabilit\u00e9 et la flexibilit\u00e9.<\/span> <span class=\"JLqJ4b ChMk0b\" data-language-for-alternatives=\"fr\" data-language-to-translate-into=\"en\" data-phrase-index=\"2\" data-number-of-phrases=\"4\">Nos <strong><a href=\"https:\/\/ipg-fragrances.com\/fr\/galerie\/\">cr\u00e9ations<\/a><\/strong> parlent d&#8217;elles-m\u00eames.<\/span> <span class=\"JLqJ4b ChMk0b\" data-language-for-alternatives=\"fr\" data-language-to-translate-into=\"en\" data-phrase-index=\"3\" data-number-of-phrases=\"4\">En tant que parfumeur, nous vous assisterons dans la cr\u00e9ation de vos parfums sur mesure, bougies, cosm\u00e9tiques, produits promotionnels et bien plus encore.<\/span><\/span>[\/vc_column_text][\/vc_column][\/vc_row][vc_row][vc_column][vc_custom_heading text=&#8221;NOTRE <strong>PLANETE<\/strong>&#8221; font_container=&#8221;tag:h3|text_align:left&#8221; use_theme_fonts=&#8221;yes&#8221; el_class=&#8221;about-titles&#8221;][vc_column_text]<span class=\"VIiyi\" lang=\"fr\"><span class=\"JLqJ4b ChMk0b\" data-language-for-alternatives=\"fr\" data-language-to-translate-into=\"en\" data-phrase-index=\"0\" data-number-of-phrases=\"6\">La nature et sa diversit\u00e9 sont notre principale source d&#8217;inspiration.<\/span> <span class=\"JLqJ4b ChMk0b\" data-language-for-alternatives=\"fr\" data-language-to-translate-into=\"en\" data-phrase-index=\"1\" data-number-of-phrases=\"6\">Notre mission est de le pr\u00e9server et de minimiser l&#8217;impact environnemental de nos activit\u00e9s.<\/span> <\/span><\/p>\n<p>Nous utilisons dans la mesure du possible des solutions 100% recyclables telles que le verre, le m\u00e9tal et le papier recycl\u00e9 <span class=\"VIiyi\" lang=\"fr\"><span class=\"JLqJ4b ChMk0b\" data-language-for-alternatives=\"fr\" data-language-to-translate-into=\"en\" data-phrase-index=\"3\" data-number-of-phrases=\"6\">et recyclable et<\/span><\/span> participons dans des diverses associations gouvernementales de recyclage (Citeo, Ecopak..).<\/p>\n<p><span class=\"VIiyi\" lang=\"fr\"><span class=\"JLqJ4b ChMk0b\" data-language-for-alternatives=\"fr\" data-language-to-translate-into=\"en\" data-phrase-index=\"5\" data-number-of-phrases=\"6\">Proximit\u00e9 \u2013 nous essayons dans la mesure du possible de nous approvisionner le plus pr\u00e8s possible pour \u00e9viter le transport et la pollution.<\/span><\/span>[\/vc_column_text][\/vc_column][\/vc_row]<\/p>\n<\/div>","protected":false},"excerpt":{"rendered":"<p>[vc_row][vc_column][vc_custom_heading text=&#8221;\u00c0 propos&#8221; font_container=&#8221;tag:h1|text_align:center&#8221; use_theme_fonts=&#8221;yes&#8221; source=&#8221;post_title&#8221;][\/vc_column][\/vc_row][vc_row el_class=&#8221;p-t-xxl p-b-lg&#8221;][vc_column][vc_custom_heading text=&#8221;EN BREF&#8221; font_container=&#8221;tag:h3|text_align:left&#8221; use_theme_fonts=&#8221;yes&#8221; el_class=&#8221;about-titles&#8221;][\/vc_column][\/vc_row][vc_row][vc_column width=&#8221;1\/3&#8243;][\/vc_column][vc_column width=&#8221;2\/3&#8243;][vc_column_text css=&#8221;&#8221;]NOTRE HISTOIRE Tout a commenc\u00e9 il y a environ 150 ans, lorsque les anc\u00eatres de Parfumeur Cr\u00e9ateur Isabelle Maillebiau, notre co-fondatrice et Chef Parfumeur, ont \u00e9tabli leur entreprise de parfumerie \u00e0 Grasse, en France. Il y a une quinzaine d&#8217;ann\u00e9es, [&hellip;]<\/p>\n","protected":false},"author":1,"featured_media":0,"parent":0,"menu_order":0,"comment_status":"closed","ping_status":"closed","template":"","meta":{"footnotes":""},"class_list":["post-4004","page","type-page","status-publish","hentry"],"_links":{"self":[{"href":"https:\/\/ipg-fragrances.com\/fr\/wp-json\/wp\/v2\/pages\/4004","targetHints":{"allow":["GET"]}}],"collection":[{"href":"https:\/\/ipg-fragrances.com\/fr\/wp-json\/wp\/v2\/pages"}],"about":[{"href":"https:\/\/ipg-fragrances.com\/fr\/wp-json\/wp\/v2\/types\/page"}],"author":[{"embeddable":true,"href":"https:\/\/ipg-fragrances.com\/fr\/wp-json\/wp\/v2\/users\/1"}],"replies":[{"embeddable":true,"href":"https:\/\/ipg-fragrances.com\/fr\/wp-json\/wp\/v2\/comments?post=4004"}],"version-history":[{"count":17,"href":"https:\/\/ipg-fragrances.com\/fr\/wp-json\/wp\/v2\/pages\/4004\/revisions"}],"predecessor-version":[{"id":8439,"href":"https:\/\/ipg-fragrances.com\/fr\/wp-json\/wp\/v2\/pages\/4004\/revisions\/8439"}],"wp:attachment":[{"href":"https:\/\/ipg-fragrances.com\/fr\/wp-json\/wp\/v2\/media?parent=4004"}],"curies":[{"name":"wp","href":"https:\/\/api.w.org\/{rel}","templated":true}]}}