{"id":8104,"date":"2020-10-03T00:01:48","date_gmt":"2020-10-02T21:01:48","guid":{"rendered":"https:\/\/ipg-fragrances.com\/produkt\/s-tower-aroma-diffuser\/"},"modified":"2026-02-13T19:53:05","modified_gmt":"2026-02-13T18:53:05","slug":"s-tower-duftmaschine","status":"publish","type":"product","link":"https:\/\/ipg-fragrances.com\/de\/produkt\/s-tower-duftmaschine\/","title":{"rendered":"S Tower Duftmaschine"},"content":{"rendered":"<h3>S Tower Duftmaschine<\/h3>\n<p><strong><span class=\"HwtZe\" lang=\"de\"><span class=\"jCAhz ChMk0b\"><span class=\"ryNqvb\">Gr\u00f6\u00dfe<\/span><\/span><\/span><\/strong>\u00a0\u2248 W27 x H7 x D7 cm<br \/>\n<strong><span class=\"HwtZe\" lang=\"de\"><span class=\"jCAhz ChMk0b\"><span class=\"ryNqvb\">Lautst\u00e4rke<\/span><\/span><\/span>:<\/strong> &lt;25dba<br \/>\n<strong><span class=\"HwtZe\" lang=\"de\"><span class=\"jCAhz ChMk0b\"><span class=\"ryNqvb\">Fassungsverm\u00f6gen<\/span><\/span><\/span>:<\/strong>150ml<br \/>\n<strong><span class=\"HwtZe\" lang=\"de\"><span class=\"jCAhz ChMk0b\"><span class=\"ryNqvb\">Gewicht<\/span><\/span><\/span>:<\/strong>1Kg<br \/>\n<strong><span class=\"HwtZe\" lang=\"de\"><span class=\"jCAhz ChMk0b\"><span class=\"ryNqvb\">Farbe<\/span><\/span><\/span>:<\/strong> Silber\/titan<br \/>\n<strong>Material:<\/strong> Aluminium<br \/>\n<span class=\"HwtZe\" lang=\"de\"><span class=\"jCAhz ChMk0b\"><span class=\"ryNqvb\">Elektrisches Ger\u00e4t<\/span><\/span><\/span><br \/>\n<span class=\"HwtZe\" lang=\"de\"><span class=\"jCAhz ChMk0b\"><span class=\"ryNqvb\">Flasche <strong>wiederaufladbar<\/strong><br \/>\nZerst\u00e4ubung<br \/>\n<\/span><\/span><\/span><strong><span class=\"HwtZe\" lang=\"de\"><span class=\"jCAhz ChMk0b\"><span class=\"ryNqvb\">Programmierbar<\/span><\/span><\/span>:<\/strong> <span class=\"HwtZe\" lang=\"de\"><span class=\"jCAhz ChMk0b\"><span class=\"ryNqvb\">St\u00e4rke und Dauer der Zerst\u00e4ubung<\/span><\/span><\/span><br \/>\n<strong><span class=\"HwtZe\" lang=\"de\"><span class=\"jCAhz ChMk0b\"><span class=\"ryNqvb\">Garantie<\/span><\/span><\/span>:<\/strong> <span class=\"HwtZe\" lang=\"de\"><span class=\"jCAhz ChMk0b\"><span class=\"ryNqvb\">1 Jahr (nur g\u00fcltig bei Verwendung mit unseren Parf\u00fcm\u00f6len)<\/span><\/span><\/span><\/p>\n","protected":false},"excerpt":{"rendered":"<p><span class=\"HwtZe\" lang=\"de\"><span class=\"jCAhz ChMk0b\"><span class=\"ryNqvb\">R\u00e4ume von 100-200 m\u00b3.<\/span><\/span><\/span><\/p>\n","protected":false},"featured_media":4180,"template":"","meta":[],"product_brand":[],"product_cat":[232,403],"product_tag":[],"class_list":{"0":"post-8104","1":"product","2":"type-product","3":"status-publish","4":"has-post-thumbnail","6":"product_cat-loesungen-fuer-den-einzelhandel","7":"product_cat-nicht-kategorisiert","9":"first","10":"instock","11":"taxable","12":"shipping-taxable","13":"purchasable","14":"product-type-simple"},"_links":{"self":[{"href":"https:\/\/ipg-fragrances.com\/de\/wp-json\/wp\/v2\/product\/8104","targetHints":{"allow":["GET"]}}],"collection":[{"href":"https:\/\/ipg-fragrances.com\/de\/wp-json\/wp\/v2\/product"}],"about":[{"href":"https:\/\/ipg-fragrances.com\/de\/wp-json\/wp\/v2\/types\/product"}],"wp:featuredmedia":[{"embeddable":true,"href":"https:\/\/ipg-fragrances.com\/de\/wp-json\/wp\/v2\/media\/4180"}],"wp:attachment":[{"href":"https:\/\/ipg-fragrances.com\/de\/wp-json\/wp\/v2\/media?parent=8104"}],"wp:term":[{"taxonomy":"product_brand","embeddable":true,"href":"https:\/\/ipg-fragrances.com\/de\/wp-json\/wp\/v2\/product_brand?post=8104"},{"taxonomy":"product_cat","embeddable":true,"href":"https:\/\/ipg-fragrances.com\/de\/wp-json\/wp\/v2\/product_cat?post=8104"},{"taxonomy":"product_tag","embeddable":true,"href":"https:\/\/ipg-fragrances.com\/de\/wp-json\/wp\/v2\/product_tag?post=8104"}],"curies":[{"name":"wp","href":"https:\/\/api.w.org\/{rel}","templated":true}]}}