{"id":7675,"date":"2020-10-10T09:39:40","date_gmt":"2020-10-10T07:39:40","guid":{"rendered":"https:\/\/ipg-fragrances.com\/produkt\/perfumes-for-scent-diffusers\/"},"modified":"2026-02-07T16:17:45","modified_gmt":"2026-02-07T15:17:45","slug":"perfumes-for-scent-diffusers","status":"publish","type":"product","link":"https:\/\/ipg-fragrances.com\/de\/produkt\/perfumes-for-scent-diffusers\/","title":{"rendered":"Parf\u00fcms f\u00fcr Duftdiffusoren"},"content":{"rendered":"<p>Parf\u00fcm\u00f6lkonzentrat f\u00fcr unsere Duftdiffusoren (200 ml).<\/p>\n<p>Bis zu 3 Monate Verbrauch (mittlere Intensit\u00e4t, 8 Stunden pro Tag, 5 Tage pro Woche)<\/p>\n","protected":false},"excerpt":{"rendered":"<p>Parf\u00fcm\u00f6lkonzentrat f\u00fcr unsere Duftdiffusoren (200 ml). Bis zu 3 Monate Verbrauch (mittlere Intensit\u00e4t, 8 Stunden pro Tag, 5 Tage pro Woche)<\/p>\n","protected":false},"featured_media":4174,"template":"","meta":[],"product_brand":[],"product_cat":[235,232,233,231,234],"product_tag":[],"class_list":{"0":"post-7675","1":"product","2":"type-product","3":"status-publish","4":"has-post-thumbnail","6":"product_cat-buero-loesungen","7":"product_cat-loesungen-fuer-den-einzelhandel","8":"product_cat-hotel-spa-fitnessstudio-loesungen","9":"product_cat-loesungen-fuer-zu-hause","10":"product_cat-einkaufszentrum-gebaeudeloesungen","12":"first","13":"instock","14":"taxable","15":"shipping-taxable","16":"product-type-variable"},"_links":{"self":[{"href":"https:\/\/ipg-fragrances.com\/de\/wp-json\/wp\/v2\/product\/7675","targetHints":{"allow":["GET"]}}],"collection":[{"href":"https:\/\/ipg-fragrances.com\/de\/wp-json\/wp\/v2\/product"}],"about":[{"href":"https:\/\/ipg-fragrances.com\/de\/wp-json\/wp\/v2\/types\/product"}],"wp:featuredmedia":[{"embeddable":true,"href":"https:\/\/ipg-fragrances.com\/de\/wp-json\/wp\/v2\/media\/4174"}],"wp:attachment":[{"href":"https:\/\/ipg-fragrances.com\/de\/wp-json\/wp\/v2\/media?parent=7675"}],"wp:term":[{"taxonomy":"product_brand","embeddable":true,"href":"https:\/\/ipg-fragrances.com\/de\/wp-json\/wp\/v2\/product_brand?post=7675"},{"taxonomy":"product_cat","embeddable":true,"href":"https:\/\/ipg-fragrances.com\/de\/wp-json\/wp\/v2\/product_cat?post=7675"},{"taxonomy":"product_tag","embeddable":true,"href":"https:\/\/ipg-fragrances.com\/de\/wp-json\/wp\/v2\/product_tag?post=7675"}],"curies":[{"name":"wp","href":"https:\/\/api.w.org\/{rel}","templated":true}]}}