{"id":6341,"date":"2020-08-06T23:00:39","date_gmt":"2020-08-06T21:00:39","guid":{"rendered":"https:\/\/ipg-fragrances.com\/?page_id=6341"},"modified":"2026-02-14T12:05:01","modified_gmt":"2026-02-14T11:05:01","slug":"parfuem-familien","status":"publish","type":"page","link":"https:\/\/ipg-fragrances.com\/de\/fakten-ueber-parfums\/parfuem-familien\/","title":{"rendered":"Parf\u00fcm Familien"},"content":{"rendered":"\t\t<div data-elementor-type=\"wp-page\" data-elementor-id=\"6341\" class=\"elementor elementor-6341 elementor-1782\" data-elementor-post-type=\"page\">\n\t\t\t\t\t\t<section class=\"elementor-section elementor-top-section elementor-element elementor-element-5f73a01 elementor-section-boxed elementor-section-height-default elementor-section-height-default\" data-id=\"5f73a01\" data-element_type=\"section\" data-e-type=\"section\">\r\n\t\t\r\n\t\t\t\t\t\t\t<div class=\"elementor-container elementor-column-gap-default\">\r\n\t\t\t\t\t\t\t\t\t\t\t<div class=\"elementor-column elementor-col-100 elementor-top-column elementor-element elementor-element-ecb83a2\" data-id=\"ecb83a2\" data-element_type=\"column\" data-e-type=\"column\">\r\n\t\t\t\t\t<div class=\"elementor-widget-wrap elementor-element-populated\">\r\n\t\t\t\t\t\t\t\t<div class=\"elementor-element elementor-element-acfbbc3 elementor-widget elementor-widget-heading\" data-id=\"acfbbc3\" data-element_type=\"widget\" data-e-type=\"widget\" data-widget_type=\"heading.default\">\n\t\t\t\t<div class=\"elementor-widget-container\">\n\t\t\t\t\t<h1 class=\"elementor-heading-title elementor-size-default\">Parf\u00fcm Familien<\/h1>\t\t\t\t<\/div>\n\t\t\t\t<\/div>\n\t\t\t\t\t<\/div>\r\n\t\t\t\t<\/div>\r\n\t\t\t\t\t<\/div>\r\n\t\t\t\t<\/section>\r\n\t\t\t\t<section class=\"elementor-section elementor-top-section elementor-element elementor-element-645a664 elementor-section-boxed elementor-section-height-default elementor-section-height-default\" data-id=\"645a664\" data-element_type=\"section\" data-e-type=\"section\">\r\n\t\t\r\n\t\t\t\t\t\t\t<div class=\"elementor-container elementor-column-gap-default\">\r\n\t\t\t\t\t\t\t\t\t\t\t<div class=\"elementor-column elementor-col-100 elementor-top-column elementor-element elementor-element-8532829\" data-id=\"8532829\" data-element_type=\"column\" data-e-type=\"column\">\r\n\t\t\t\t\t<div class=\"elementor-widget-wrap elementor-element-populated\">\r\n\t\t\t\t\t\t\t\t<div class=\"elementor-element elementor-element-53cc696 elementor-widget elementor-widget-text-editor\" data-id=\"53cc696\" data-element_type=\"widget\" data-e-type=\"widget\" data-widget_type=\"text-editor.default\">\n\t\t\t\t<div class=\"elementor-widget-container\">\n\t\t\t\t\t\t\t\t\t<h4>Hesperidische<\/h4><p>Die Familie der Frische und Leichtigkeit, ein Hauch von Eau de Cologne, eine Erinnerung an das Mittelmeer. Es ist um Zitrusfr\u00fcchte und die \u00e4therischen \u00d6le von Zitrone, Orange, Grapefruit, Mandarine oder Bergamotte aufgebaut.<\/p><h4>Aromatische<\/h4><p>Die Familie der Garrigue, ein Bouquet der fr\u00fchlingshaften Landschaft mit ihren kr\u00e4ftigen gr\u00fcnen Kr\u00e4uternoten. Eine Erinnerung an den mit Lavendel parf\u00fcmierten Schrank in der franz\u00f6sischen Provence; an einen Aufguss auf einer Terrasse in Korsika. Aufgebaut auf Lavendel, Thymian oder Rosmarin. Ein viriler Charakter, der diese klassisch-maskuline Familie definiert.<\/p><h4>Gr\u00fcne<\/h4><p>Die Pflanzenfamilie mit ihrem spritzigen und knackigen Duft, der an frisch gem\u00e4htes Gras, Bitterkeit, Erinnerungen an starke Winde in der Pr\u00e4rie oder an eine Tasse gr\u00fcnen Tee erinnert. Es ist um das Blatt von Veilchen, Petitgrain oder Galbanum herum aufgebaut.<\/p><h4>Marine<\/h4><p>Die Familie des Wassers und der Luft, der transparenten und erfrischenden D\u00fcfte, eine Erinnerung an kalte Wasserf\u00e4lle, die auf die Kieselsteine fallen, oder an einen Spaziergang am Meer. Sie ist um die Ozon-Noten, die Gurke oder die Calone herum aufgebaut.<\/p><h4>Blumige<\/h4><p>Die gr\u00f6\u00dfte aller Familien, die die Solifleur-Parf\u00fcms (rund um eine einzigartige Blume) und die gro\u00dfen und \u00fcppigen Bouquets zusammenfasst. Es ist die Familie der Zartheit, der Romantik, der weiblichen Sensibilit\u00e4t, die um die Rose, das Veilchen, den Jasmin oder die Tuberose herum aufgebaut ist.<\/p><h4>Fruchtige<\/h4><p>Die Familie der Z\u00e4rtlichkeit &#8211; das Saftige, das S\u00fc\u00df-Saure, die Erinnerungen an eine Sommerfrucht, die am Kinn heruntertropft. Es ist um Melone, Pfirsich, Himbeere oder Apfel aufgebaut.<\/p><h4>Gourmand<\/h4><p>Die Familie der Kindheitserinnerungen &#8211; der Geschmack und Geruch von Zucker, Geb\u00e4ck, Zuckerwatte und hei\u00dfer Schokolade. Konstruiert um Kaffee, Kakao, Vanille oder Marzipan.<\/p><h4>W\u00fcrzige<\/h4><p>Die Familie der beunruhigenden und w\u00fcrzigen Sch\u00e4rfe, der reichen und intensiven Begeisterung, der Erinnerung an einen Spaziergang in einem Souk oder an ein indisches Curry. Es ist um Zimt, Kreuzk\u00fcmmel oder Muskatnuss herum aufgebaut.<\/p><h4>Orientalische<\/h4><p>Die Familie von Amber, W\u00e4rme, Sinnlichkeit, Erinnerungen an exotische Reisen. Es ist um Vanille, Bernstein, Edelh\u00f6lzer oder Moschus aufgebaut.<\/p><h4>Leder<\/h4><p>Eine der \u00e4ltesten Familien in der Parf\u00fcmerie, mit seinen holzigen, animalischen, ger\u00e4ucherten und suaven Noten und Teer. Er weckt die Erinnerung an einen Lapsang Souchong-Tee an Bord des Mekong, die Liebkosung einer Lederhaut oder einen Ausflug in eine englische Sattlerei. Konstruiert um die Noten von Moschus-Daim, Birke oder Styrax.<\/p><h4>Woody<\/h4><p>Die Familie der vibrierenden W\u00e4rme, elegant, gekleidet in einen opulenten oder trockeneren Charakter. Es ist eine Erinnerung an die feuchte Erde, an einen Spaziergang in einem Kiefernwald. Konstruiert um Patchouli, Vetyver, Sandelholz, Zedernholz.<\/p><h4>Chypre<\/h4><p>Eine feminine Familie, die aus dem 1917 von Coty kreierten Chypre-Parf\u00fcm hervorgegangen ist. Es ist eine Familie von Charakter, anspruchsvoll, geheimnisvoll und sch\u00f6n, um den klassischen Akkord von Bergamotte, Rose, Jasmin, Patchouli und Eichenmoos aufgebaut.<\/p><h4>Foug\u00e8re<\/h4><p>Die traditionelle maskuline Familie, die 1882 von Paul Parquet, dem Parf\u00fcmeur des Hauses Houbigant, kreiert wurde. Es ist die Familie der guten alten Rasierseife, aufgebaut um eine Mischung aus aromatischen Noten von Lavendel, Holz und Eichenmoos.<\/p>\t\t\t\t\t\t\t\t<\/div>\n\t\t\t\t<\/div>\n\t\t\t\t\t<\/div>\r\n\t\t\t\t<\/div>\r\n\t\t\t\t\t<\/div>\r\n\t\t\t\t<\/section>\r\n\t\t\t\t<\/div>\n\t\t","protected":false},"excerpt":{"rendered":"<p>Parf\u00fcm Familien Hesperidische Die Familie der Frische und Leichtigkeit, ein Hauch von Eau de Cologne, eine Erinnerung an das Mittelmeer. Es ist um Zitrusfr\u00fcchte und die \u00e4therischen \u00d6le von Zitrone, Orange, Grapefruit, Mandarine oder Bergamotte aufgebaut. Aromatische Die Familie der Garrigue, ein Bouquet der fr\u00fchlingshaften Landschaft mit ihren kr\u00e4ftigen gr\u00fcnen Kr\u00e4uternoten. Eine Erinnerung an den [&hellip;]<\/p>\n","protected":false},"author":2,"featured_media":0,"parent":4795,"menu_order":0,"comment_status":"closed","ping_status":"closed","template":"","meta":{"footnotes":""},"class_list":["post-6341","page","type-page","status-publish","hentry"],"_links":{"self":[{"href":"https:\/\/ipg-fragrances.com\/de\/wp-json\/wp\/v2\/pages\/6341","targetHints":{"allow":["GET"]}}],"collection":[{"href":"https:\/\/ipg-fragrances.com\/de\/wp-json\/wp\/v2\/pages"}],"about":[{"href":"https:\/\/ipg-fragrances.com\/de\/wp-json\/wp\/v2\/types\/page"}],"author":[{"embeddable":true,"href":"https:\/\/ipg-fragrances.com\/de\/wp-json\/wp\/v2\/users\/2"}],"replies":[{"embeddable":true,"href":"https:\/\/ipg-fragrances.com\/de\/wp-json\/wp\/v2\/comments?post=6341"}],"version-history":[{"count":9,"href":"https:\/\/ipg-fragrances.com\/de\/wp-json\/wp\/v2\/pages\/6341\/revisions"}],"predecessor-version":[{"id":6385,"href":"https:\/\/ipg-fragrances.com\/de\/wp-json\/wp\/v2\/pages\/6341\/revisions\/6385"}],"up":[{"embeddable":true,"href":"https:\/\/ipg-fragrances.com\/de\/wp-json\/wp\/v2\/pages\/4795"}],"wp:attachment":[{"href":"https:\/\/ipg-fragrances.com\/de\/wp-json\/wp\/v2\/media?parent=6341"}],"curies":[{"name":"wp","href":"https:\/\/api.w.org\/{rel}","templated":true}]}}