{"id":6337,"date":"2020-08-06T23:00:07","date_gmt":"2020-08-06T21:00:07","guid":{"rendered":"https:\/\/ipg-fragrances.com\/?page_id=6337"},"modified":"2022-02-26T09:00:19","modified_gmt":"2022-02-26T08:00:19","slug":"die-kunst-der-parfuemerie","status":"publish","type":"page","link":"https:\/\/ipg-fragrances.com\/de\/fakten-ueber-parfums\/die-kunst-der-parfuemerie\/","title":{"rendered":"Die Kunst der Parf\u00fcmerie"},"content":{"rendered":"\t\t<div data-elementor-type=\"wp-page\" data-elementor-id=\"6337\" class=\"elementor elementor-6337 elementor-1780\" data-elementor-post-type=\"page\">\n\t\t\t\t\t\t<section class=\"elementor-section elementor-top-section elementor-element elementor-element-729e1de elementor-section-boxed elementor-section-height-default elementor-section-height-default\" data-id=\"729e1de\" data-element_type=\"section\" data-e-type=\"section\">\r\n\t\t\r\n\t\t\t\t\t\t\t<div class=\"elementor-container elementor-column-gap-default\">\r\n\t\t\t\t\t\t\t\t\t\t\t<div class=\"elementor-column elementor-col-100 elementor-top-column elementor-element elementor-element-ae784c2\" data-id=\"ae784c2\" data-element_type=\"column\" data-e-type=\"column\">\r\n\t\t\t\t\t<div class=\"elementor-widget-wrap elementor-element-populated\">\r\n\t\t\t\t\t\t\t\t<div class=\"elementor-element elementor-element-0344a9b elementor-widget elementor-widget-heading\" data-id=\"0344a9b\" data-element_type=\"widget\" data-e-type=\"widget\" data-widget_type=\"heading.default\">\n\t\t\t\t<div class=\"elementor-widget-container\">\n\t\t\t\t\t<h1 class=\"elementor-heading-title elementor-size-default\">DIE KUNST DER PARF\u00dcMERIE<\/h1>\t\t\t\t<\/div>\n\t\t\t\t<\/div>\n\t\t\t\t\t<\/div>\r\n\t\t\t\t<\/div>\r\n\t\t\t\t\t<\/div>\r\n\t\t\t\t<\/section>\r\n\t\t\t\t<section class=\"elementor-section elementor-top-section elementor-element elementor-element-d57d6af elementor-section-boxed elementor-section-height-default elementor-section-height-default\" data-id=\"d57d6af\" data-element_type=\"section\" data-e-type=\"section\">\r\n\t\t\r\n\t\t\t\t\t\t\t<div class=\"elementor-container elementor-column-gap-default\">\r\n\t\t\t\t\t\t\t\t\t\t\t<div class=\"elementor-column elementor-col-100 elementor-top-column elementor-element elementor-element-68fe137\" data-id=\"68fe137\" data-element_type=\"column\" data-e-type=\"column\">\r\n\t\t\t\t\t<div class=\"elementor-widget-wrap elementor-element-populated\">\r\n\t\t\t\t\t\t\t\t<div class=\"elementor-element elementor-element-8724127 elementor-widget elementor-widget-text-editor\" data-id=\"8724127\" data-element_type=\"widget\" data-e-type=\"widget\" data-widget_type=\"text-editor.default\">\n\t\t\t\t<div class=\"elementor-widget-container\">\n\t\t\t\t\t\t\t\t\t<p>Das Parf\u00fcm ist ein sehr komplexes Zusammenspiel von Inhaltsstoffen mit ihren Reaktionen und ihrem unterschiedlichen Grad an Fl\u00fcchtigkeit. Es ist eine lebendige Kreation, die sich jeden Tag ver\u00e4ndert und weiterentwickelt. Die traditionelle Struktur des Parf\u00fcms kann als eine Pyramide beschrieben werden, die in 3 Stufen unterteilt ist, entsprechend den Noten, die wir entdecken:<\/p>\n<h2>Die Kopfnote<\/h2>\n<p>Die Kopfnote ist die fl\u00fcchtigste und kann direkt nach dem Auftragen des Parf\u00fcms gerochen werden. Sie ist der erste Eindruck, den wir bekommen, wenn wir eine Kreation riechen. Sie ist fl\u00fcchtig und verblasst daher recht schnell (5 bis 30 Minuten, nach 2 Stunden ist sie vollst\u00e4ndig verschwunden). Diese Note besteht typischerweise aus frischen, zitrischen und gr\u00fcnen D\u00fcften wie Lavendel, Zitrusfr\u00fcchten, Orangenbl\u00fcten und Eukalyptus.<\/p>\n<h2>Das Herz<\/h2>\n<p>Die Herznote kommt zum Vorschein, wenn die Kopfnoten zu verklingen beginnen. Die Herznote ist die Essenz des Parfums; sie ist die Note, die den Charakter und das vorherrschende Thema der Komposition offenbart, der Teil der Kreation, der ihre Zugeh\u00f6rigkeit zu einer bestimmten Familie definiert. Die Dauer der Herznote liegt zwischen 2 und 10 Stunden, sie verl\u00e4ngert die Frische der Kopfnoten und k\u00fcndigt die Ankunft der warmen Basisnoten an. Typische Beispiele f\u00fcr Herznoten k\u00f6nnen Rosen und Gew\u00fcrze sein.<\/p>\n<h2>Die Basisnote<\/h2>\n<p>Der dritte und letzte Teil der Parf\u00fcmkomposition ist die Basisnote, deren Aufgabe es ist, das Parf\u00fcm zu fixieren. Sie ist die Seele der Kreation und verleiht dem Duft eine Pers\u00f6nlichkeit, seine W\u00e4rme und Sinnlichkeit, die letzten Eindr\u00fccke. Die Basisnote ist die langlebigste Note und kann je nach Duftform 24 Stunden oder l\u00e4nger anhalten. Typische Beispiele sind Vanille, Holz. Moschus, Santal, Patchouli und Bernstein.<\/p>\n<h3>DROP BY DROP<\/h3>\n<p>D\u00fcfte werden je nach dem Gehalt an \u00e4therischen \u00d6len in verschiedene Kategorien eingeteilt. Es gibt keine festen Skalen, die wir in unserem Beruf verwenden, aber die folgenden k\u00f6nnen als ungef\u00e4hre Richtlinien dienen:<\/p>\n<ul>\n<li>Parfum ab 20% des Konzentrats<\/li>\n<li>Eau de parfum 15-20% des Konzentrats<\/li>\n<li>Eau de Toilette 8-15% des Konzentrats<\/li>\n<li>Eau de Cologne 3-8% des Konzentrats<\/li>\n<li>Eau Fraiche 0,5-3% des Konzentrat<\/li>\n<\/ul>\t\t\t\t\t\t\t\t<\/div>\n\t\t\t\t<\/div>\n\t\t\t\t\t<\/div>\r\n\t\t\t\t<\/div>\r\n\t\t\t\t\t<\/div>\r\n\t\t\t\t<\/section>\r\n\t\t\t\t<\/div>\n\t\t","protected":false},"excerpt":{"rendered":"<p>DIE KUNST DER PARF\u00dcMERIE Das Parf\u00fcm ist ein sehr komplexes Zusammenspiel von Inhaltsstoffen mit ihren Reaktionen und ihrem unterschiedlichen Grad an Fl\u00fcchtigkeit. Es ist eine lebendige Kreation, die sich jeden Tag ver\u00e4ndert und weiterentwickelt. Die traditionelle Struktur des Parf\u00fcms kann als eine Pyramide beschrieben werden, die in 3 Stufen unterteilt ist, entsprechend den Noten, die [&hellip;]<\/p>\n","protected":false},"author":2,"featured_media":0,"parent":4795,"menu_order":0,"comment_status":"closed","ping_status":"closed","template":"","meta":{"footnotes":""},"class_list":["post-6337","page","type-page","status-publish","hentry"],"_links":{"self":[{"href":"https:\/\/ipg-fragrances.com\/de\/wp-json\/wp\/v2\/pages\/6337","targetHints":{"allow":["GET"]}}],"collection":[{"href":"https:\/\/ipg-fragrances.com\/de\/wp-json\/wp\/v2\/pages"}],"about":[{"href":"https:\/\/ipg-fragrances.com\/de\/wp-json\/wp\/v2\/types\/page"}],"author":[{"embeddable":true,"href":"https:\/\/ipg-fragrances.com\/de\/wp-json\/wp\/v2\/users\/2"}],"replies":[{"embeddable":true,"href":"https:\/\/ipg-fragrances.com\/de\/wp-json\/wp\/v2\/comments?post=6337"}],"version-history":[{"count":7,"href":"https:\/\/ipg-fragrances.com\/de\/wp-json\/wp\/v2\/pages\/6337\/revisions"}],"predecessor-version":[{"id":6710,"href":"https:\/\/ipg-fragrances.com\/de\/wp-json\/wp\/v2\/pages\/6337\/revisions\/6710"}],"up":[{"embeddable":true,"href":"https:\/\/ipg-fragrances.com\/de\/wp-json\/wp\/v2\/pages\/4795"}],"wp:attachment":[{"href":"https:\/\/ipg-fragrances.com\/de\/wp-json\/wp\/v2\/media?parent=6337"}],"curies":[{"name":"wp","href":"https:\/\/api.w.org\/{rel}","templated":true}]}}