{"id":6321,"date":"2020-08-06T22:59:15","date_gmt":"2020-08-06T20:59:15","guid":{"rendered":"https:\/\/ipg-fragrances.com\/?page_id=6321"},"modified":"2022-02-22T18:56:08","modified_gmt":"2022-02-22T17:56:08","slug":"history","status":"publish","type":"page","link":"https:\/\/ipg-fragrances.com\/de\/fakten-ueber-parfums\/history\/","title":{"rendered":"History"},"content":{"rendered":"\t\t<div data-elementor-type=\"wp-page\" data-elementor-id=\"6321\" class=\"elementor elementor-6321 elementor-1778\" data-elementor-post-type=\"page\">\n\t\t\t\t\t\t<section class=\"elementor-section elementor-top-section elementor-element elementor-element-b5b8ce9 elementor-section-boxed elementor-section-height-default elementor-section-height-default\" data-id=\"b5b8ce9\" data-element_type=\"section\" data-e-type=\"section\">\r\n\t\t\r\n\t\t\t\t\t\t\t<div class=\"elementor-container elementor-column-gap-default\">\r\n\t\t\t\t\t\t\t\t\t\t\t<div class=\"elementor-column elementor-col-100 elementor-top-column elementor-element elementor-element-e3551a3\" data-id=\"e3551a3\" data-element_type=\"column\" data-e-type=\"column\">\r\n\t\t\t\t\t<div class=\"elementor-widget-wrap elementor-element-populated\">\r\n\t\t\t\t\t\t\t\t<div class=\"elementor-element elementor-element-cf3c2d3 elementor-widget elementor-widget-toggle\" data-id=\"cf3c2d3\" data-element_type=\"widget\" data-e-type=\"widget\" data-widget_type=\"toggle.default\">\n\t\t\t\t<div class=\"elementor-widget-container\">\n\t\t\t\t\t\t\t<div class=\"elementor-toggle\">\n\t\t\t\t\t\t\t<div class=\"elementor-toggle-item\">\n\t\t\t\t\t<div id=\"elementor-tab-title-2171\" class=\"elementor-tab-title\" data-tab=\"1\" role=\"button\" aria-controls=\"elementor-tab-content-2171\" aria-expanded=\"false\">\n\t\t\t\t\t\t\t\t\t\t\t\t<span class=\"elementor-toggle-icon elementor-toggle-icon-left\" aria-hidden=\"true\">\n\t\t\t\t\t\t\t\t\t\t\t\t\t\t\t<span class=\"elementor-toggle-icon-closed\"><i class=\"fas fa-caret-right\"><\/i><\/span>\n\t\t\t\t\t\t\t\t<span class=\"elementor-toggle-icon-opened\"><i class=\"elementor-toggle-icon-opened fas fa-caret-up\"><\/i><\/span>\n\t\t\t\t\t\t\t\t\t\t\t\t\t<\/span>\n\t\t\t\t\t\t\t\t\t\t\t\t<a class=\"elementor-toggle-title\" tabindex=\"0\">Messopotamien<\/a>\n\t\t\t\t\t<\/div>\n\n\t\t\t\t\t<div id=\"elementor-tab-content-2171\" class=\"elementor-tab-content elementor-clearfix\" data-tab=\"1\" role=\"region\" aria-labelledby=\"elementor-tab-title-2171\"><p>Die ersten schriftlichen Aufzeichnungen \u00fcber die Parf\u00fcmerie wurden in der messopotamischen Zivilisation gefunden. Die Sumerer haben uns viele Rezepte f\u00fcr Salben und Parf\u00fcms hinterlassen, und K\u00f6nigin Schubab, die 3.500 Jahre v. Chr. lebte, ist das erste bekannte K\u00f6nigshaus, das mit Kosmetika bestattet wurde. Die messopotamische Kultur beeinflusste die \u00c4gypter.<\/p><\/div>\n\t\t\t\t<\/div>\n\t\t\t\t\t\t\t<div class=\"elementor-toggle-item\">\n\t\t\t\t\t<div id=\"elementor-tab-title-2172\" class=\"elementor-tab-title\" data-tab=\"2\" role=\"button\" aria-controls=\"elementor-tab-content-2172\" aria-expanded=\"false\">\n\t\t\t\t\t\t\t\t\t\t\t\t<span class=\"elementor-toggle-icon elementor-toggle-icon-left\" aria-hidden=\"true\">\n\t\t\t\t\t\t\t\t\t\t\t\t\t\t\t<span class=\"elementor-toggle-icon-closed\"><i class=\"fas fa-caret-right\"><\/i><\/span>\n\t\t\t\t\t\t\t\t<span class=\"elementor-toggle-icon-opened\"><i class=\"elementor-toggle-icon-opened fas fa-caret-up\"><\/i><\/span>\n\t\t\t\t\t\t\t\t\t\t\t\t\t<\/span>\n\t\t\t\t\t\t\t\t\t\t\t\t<a class=\"elementor-toggle-title\" tabindex=\"0\">Altes \u00c4gypten<\/a>\n\t\t\t\t\t<\/div>\n\n\t\t\t\t\t<div id=\"elementor-tab-content-2172\" class=\"elementor-tab-content elementor-clearfix\" data-tab=\"2\" role=\"region\" aria-labelledby=\"elementor-tab-title-2172\"><p>Bis zum Beginn des Goldenen Zeitalters \u00c4gyptens wurden Parf\u00fcms nur bei Ritualen f\u00fcr G\u00f6tter verwendet. Die Pharaonen wurden von mehr als zweihundert Dienerinnen mit R\u00e4uchergef\u00e4\u00dfen begleitet, die ihren Weg parf\u00fcmierten. Kleopatra, bekannt mit ihrer Sch\u00f6nheit und Weiblichkeit, war auch f\u00fcr die Macht ihres Duftes legend\u00e4r. Als sie von Rom aus in \u00c4gypten eintraf, um K\u00f6nigin zu werden, k\u00fcndigten Parf\u00fcmwolken ihre Ankunft an, bevor ihre Barke zu sehen war. Sie begr\u00fc\u00dfte Markus Antonius auf einem Schiff mit parf\u00fcmierten Segeln.<\/p><p>Im Laufe der Zeit wurden Parf\u00fcms f\u00fcr die B\u00fcrger verf\u00fcgbar, die sich mindestens einmal pro Woche parf\u00fcmieren mussten. Die \u00c4gypter trugen Parf\u00fcm von der Geburt bis \u00fcber den Tod hinaus, um die Seele in die andere Welt zu begleiten. Sie waren sehr stolz auf die Gef\u00e4\u00dfe, in denen sie ihr Parf\u00fcm aufbewahrten, und als um 1500 v. Chr. Glas aufkam, war es teurer als Juwelen.<\/p><\/div>\n\t\t\t\t<\/div>\n\t\t\t\t\t\t\t<div class=\"elementor-toggle-item\">\n\t\t\t\t\t<div id=\"elementor-tab-title-2173\" class=\"elementor-tab-title\" data-tab=\"3\" role=\"button\" aria-controls=\"elementor-tab-content-2173\" aria-expanded=\"false\">\n\t\t\t\t\t\t\t\t\t\t\t\t<span class=\"elementor-toggle-icon elementor-toggle-icon-left\" aria-hidden=\"true\">\n\t\t\t\t\t\t\t\t\t\t\t\t\t\t\t<span class=\"elementor-toggle-icon-closed\"><i class=\"fas fa-caret-right\"><\/i><\/span>\n\t\t\t\t\t\t\t\t<span class=\"elementor-toggle-icon-opened\"><i class=\"elementor-toggle-icon-opened fas fa-caret-up\"><\/i><\/span>\n\t\t\t\t\t\t\t\t\t\t\t\t\t<\/span>\n\t\t\t\t\t\t\t\t\t\t\t\t<a class=\"elementor-toggle-title\" tabindex=\"0\">Das antike Griechenland und Ph\u00f6nizien<\/a>\n\t\t\t\t\t<\/div>\n\n\t\t\t\t\t<div id=\"elementor-tab-content-2173\" class=\"elementor-tab-content elementor-clearfix\" data-tab=\"3\" role=\"region\" aria-labelledby=\"elementor-tab-title-2173\"><p>Die alten Griechen betrachteten Sch\u00f6nheit, \u00e4sthetische Harmonie, Proportionen und Gleichgewicht als g\u00f6ttlich. In der Mythologie lehrten die griechischen G\u00f6tter die Sterblichen den Gebrauch von Parf\u00fcm. Venus nagelte einen Dorn in einen Rosenstrauch, und von diesem Tag an, sagt die Legende, ist die Rose rot und nicht mehr wei\u00df und tr\u00e4gt ihren Duft.<\/p><p>Die Griechen entwickelten die Parf\u00fcmerie auf Kreta, in Syrien und anderen St\u00e4dten. Die Produkte wurden so reichlich verwendet, dass Solon, einer der sieben Weisen, im 6. Jahrhundert die Einfuhr wegen der hohen Kosten verbot. Dieses Verbot hielt nicht lange an, denn die Griechen waren so vernarrt in D\u00fcfte, dass sie nichts aufhalten konnte.<\/p><p>Der wichtigste Beitrag der Griechen zur Parf\u00fcmerie liegt nicht in den D\u00fcften selbst, sondern in der Kunst, sie zu pr\u00e4sentieren. Die Griechen schufen T\u00f6pferwaren, die bis heute als un\u00fcbertroffen gelten. Sie schufen sieben Formen von Gef\u00e4\u00dfen und verzierten sie mit mythischen geometrischen Motiven, mythologischen Szenen und fantastischen Tieren.<\/p><p>W\u00e4hrend dieser Zeit spielten die Ph\u00f6nizier eine wichtige kommerzielle Rolle in der Industrie. Diese antike Kultur mit einer \u00fcber 7000 Jahre alten Geschichte hatte sich zwischen dem Meer und dem Libanongebirge angesiedelt. Als gro\u00dfe Seefahrer und H\u00e4ndler waren sie f\u00e4hige und intelligente Menschen, die durch den Handel mit Zedern und Murex schnell reich wurden. Ihre Vorliebe f\u00fcr Handel und Reisen machte sie zu den ersten Parf\u00fcmh\u00e4ndlern im Mittelmeerraum.<\/p><\/div>\n\t\t\t\t<\/div>\n\t\t\t\t\t\t\t<div class=\"elementor-toggle-item\">\n\t\t\t\t\t<div id=\"elementor-tab-title-2174\" class=\"elementor-tab-title\" data-tab=\"4\" role=\"button\" aria-controls=\"elementor-tab-content-2174\" aria-expanded=\"false\">\n\t\t\t\t\t\t\t\t\t\t\t\t<span class=\"elementor-toggle-icon elementor-toggle-icon-left\" aria-hidden=\"true\">\n\t\t\t\t\t\t\t\t\t\t\t\t\t\t\t<span class=\"elementor-toggle-icon-closed\"><i class=\"fas fa-caret-right\"><\/i><\/span>\n\t\t\t\t\t\t\t\t<span class=\"elementor-toggle-icon-opened\"><i class=\"elementor-toggle-icon-opened fas fa-caret-up\"><\/i><\/span>\n\t\t\t\t\t\t\t\t\t\t\t\t\t<\/span>\n\t\t\t\t\t\t\t\t\t\t\t\t<a class=\"elementor-toggle-title\" tabindex=\"0\">Rom<\/a>\n\t\t\t\t\t<\/div>\n\n\t\t\t\t\t<div id=\"elementor-tab-content-2174\" class=\"elementor-tab-content elementor-clearfix\" data-tab=\"4\" role=\"region\" aria-labelledby=\"elementor-tab-title-2174\"><p>Rom &#8211; eine prosaische und strenge Stadt &#8211; wurde durch den griechischen Einfluss, der die Liebe zu Parf\u00fcms im ganzen Reich verbreitete, tiefgreifend ver\u00e4ndert. Mit dem Ende der Republik und in den ersten Jahrhunderten des Kaiserreichs wurde Rom zu einer sehr reichen und wohlhabenden Stadt, in der Parf\u00fcms zu einem Teil der Kultur wurden. Sie wurden dreimal t\u00e4glich angewendet, nicht nur bei Menschen, sondern auch bei Hunden und Pferden. W\u00e4hrend der Festen wurden V\u00f6gel aus ihren K\u00e4figen befreit, um mit ihren Fl\u00fcgeln Parf\u00fcm zu verstr\u00f6men. Vorh\u00e4nge, Tische und alle Accessoires wurden parf\u00fcmiert, und die Bediensteten trugen Moschus, Majoran, Spikenard und andere Duftstoffe.<\/p><p>Die r\u00f6mischen Parf\u00fcmeure befanden sich im &#8220;Vicus unguentarium&#8221;, wo sie ihre Parf\u00fcms und Salben herstellten und verkauften und sich einen Namen machten. Mit dem Untergang der R\u00f6mer und dem Aufkommen des Christentums, das Sparsamkeit und M\u00e4\u00dfigung predigte, ging die Verwendung von Parf\u00fcm deutlich zur\u00fcck und blieb auf die K\u00f6nigsh\u00f6fe und den Adel beschr\u00e4nkt.<\/p><\/div>\n\t\t\t\t<\/div>\n\t\t\t\t\t\t\t<div class=\"elementor-toggle-item\">\n\t\t\t\t\t<div id=\"elementor-tab-title-2175\" class=\"elementor-tab-title\" data-tab=\"5\" role=\"button\" aria-controls=\"elementor-tab-content-2175\" aria-expanded=\"false\">\n\t\t\t\t\t\t\t\t\t\t\t\t<span class=\"elementor-toggle-icon elementor-toggle-icon-left\" aria-hidden=\"true\">\n\t\t\t\t\t\t\t\t\t\t\t\t\t\t\t<span class=\"elementor-toggle-icon-closed\"><i class=\"fas fa-caret-right\"><\/i><\/span>\n\t\t\t\t\t\t\t\t<span class=\"elementor-toggle-icon-opened\"><i class=\"elementor-toggle-icon-opened fas fa-caret-up\"><\/i><\/span>\n\t\t\t\t\t\t\t\t\t\t\t\t\t<\/span>\n\t\t\t\t\t\t\t\t\t\t\t\t<a class=\"elementor-toggle-title\" tabindex=\"0\">Byzantinisch und Arabien<\/a>\n\t\t\t\t\t<\/div>\n\n\t\t\t\t\t<div id=\"elementor-tab-content-2175\" class=\"elementor-tab-content elementor-clearfix\" data-tab=\"5\" role=\"region\" aria-labelledby=\"elementor-tab-title-2175\"><p>Das byzantinische Reich, Erbe Roms, setzte die Traditionen der Parf\u00fcmerie im Osten fort. Der S\u00fcden Arabiens, die heutige W\u00fcste, war damals eine mythisch sch\u00f6ne und gr\u00fcne Region. Im Laufe der Zeit \u00fcbernahm es die Traditionen der Welt und wurde zum Land der Parfums, in dem Essenzen in die ganze Welt gehandelt wurden. Als gro\u00dfe Experten \u00fcbernahmen und perfektionierten die Araber nicht nur das Wissen fr\u00fcherer Zivilisationen, sondern f\u00fchrten auch die Kunst der Destillation von Alkohol als Essenztr\u00e4ger ein und begannen mit der Herstellung von Parf\u00fcms. Avicenna, der arabische Arzt, der auch Chemiker war, experimentierte erstmals mit der Rose und schuf das Rosenwasser. Zusammen mit Moschus und Zibet wurden sie im gesamten Mittelalter zu den K\u00f6niginnen der D\u00fcfte.<\/p><p>Die Entdeckung des Alkohols f\u00fchrte zur Erfindung des Wassers der K\u00f6nigin von Ungarn, das ihr der Legende nach im XIV. Jahrhundert gegeben wurde, als sie sehr alt und unfruchtbar war. Es tat ihr so gut, dass der K\u00f6nig von Polen ihr einen Heiratsantrag machte.<\/p><\/div>\n\t\t\t\t<\/div>\n\t\t\t\t\t\t\t<div class=\"elementor-toggle-item\">\n\t\t\t\t\t<div id=\"elementor-tab-title-2176\" class=\"elementor-tab-title\" data-tab=\"6\" role=\"button\" aria-controls=\"elementor-tab-content-2176\" aria-expanded=\"false\">\n\t\t\t\t\t\t\t\t\t\t\t\t<span class=\"elementor-toggle-icon elementor-toggle-icon-left\" aria-hidden=\"true\">\n\t\t\t\t\t\t\t\t\t\t\t\t\t\t\t<span class=\"elementor-toggle-icon-closed\"><i class=\"fas fa-caret-right\"><\/i><\/span>\n\t\t\t\t\t\t\t\t<span class=\"elementor-toggle-icon-opened\"><i class=\"elementor-toggle-icon-opened fas fa-caret-up\"><\/i><\/span>\n\t\t\t\t\t\t\t\t\t\t\t\t\t<\/span>\n\t\t\t\t\t\t\t\t\t\t\t\t<a class=\"elementor-toggle-title\" tabindex=\"0\">Renaissance<\/a>\n\t\t\t\t\t<\/div>\n\n\t\t\t\t\t<div id=\"elementor-tab-content-2176\" class=\"elementor-tab-content elementor-clearfix\" data-tab=\"6\" role=\"region\" aria-labelledby=\"elementor-tab-title-2176\"><p>In dieser Zeit waren Venedig und Florenz die Hauptst\u00e4dte des Parfums. Die legend\u00e4rste Figur dieser Zeit, Katharina von Medici, reiste nach Frankreich, um K\u00f6nig Heinrich II. zu heiraten, und nahm ihren eigenen Parf\u00fcmeur, Rene le Florentin aus Italien, mit. Ihre Gem\u00e4cher und sein Laboratorium waren durch einen Geheimgang miteinander verbunden, so dass auf dem Weg dorthin keine Formeln gestohlen werden konnten. Rene er\u00f6ffnete ein Parf\u00fcmgesch\u00e4ft in Paris, das einen gro\u00dfen Erfolg hatte. Der Legende nach war er daf\u00fcr bekannt, dass er Parf\u00fcms und Gifte gleicherma\u00dfen gut komponieren konnte.<\/p><p>Der erste Parf\u00fcmvertrag, der 1555 in Venedig ver\u00f6ffentlicht wurde, enthielt 328 Parf\u00fcmpr\u00e4parate und bildete \u00fcber zwei Jahrhunderte lang die Grundlage der Literatur auf diesem Gebiet.<\/p><\/div>\n\t\t\t\t<\/div>\n\t\t\t\t\t\t\t<div class=\"elementor-toggle-item\">\n\t\t\t\t\t<div id=\"elementor-tab-title-2177\" class=\"elementor-tab-title\" data-tab=\"7\" role=\"button\" aria-controls=\"elementor-tab-content-2177\" aria-expanded=\"false\">\n\t\t\t\t\t\t\t\t\t\t\t\t<span class=\"elementor-toggle-icon elementor-toggle-icon-left\" aria-hidden=\"true\">\n\t\t\t\t\t\t\t\t\t\t\t\t\t\t\t<span class=\"elementor-toggle-icon-closed\"><i class=\"fas fa-caret-right\"><\/i><\/span>\n\t\t\t\t\t\t\t\t<span class=\"elementor-toggle-icon-opened\"><i class=\"elementor-toggle-icon-opened fas fa-caret-up\"><\/i><\/span>\n\t\t\t\t\t\t\t\t\t\t\t\t\t<\/span>\n\t\t\t\t\t\t\t\t\t\t\t\t<a class=\"elementor-toggle-title\" tabindex=\"0\">Von der Renaissance bis zur Neuzeit<\/a>\n\t\t\t\t\t<\/div>\n\n\t\t\t\t\t<div id=\"elementor-tab-content-2177\" class=\"elementor-tab-content elementor-clearfix\" data-tab=\"7\" role=\"region\" aria-labelledby=\"elementor-tab-title-2177\"><p>Seitdem sind viele interessante Dinge geschehen. Feminis, ein in K\u00f6ln lebender Italiener, war der erste, der das Eau de Cologne unter dem Namen Aqua Mirabilis auf den Markt brachte. Sein Neffe, Jean-Pierre Farina, brachte die Kreation zu ihrem H\u00f6hepunkt und z\u00e4hlte Napoleon zu seinen gr\u00f6\u00dften Fans.<\/p><p><u><b>1900: Das Parf\u00fcm als Kunst<\/b><\/u><br \/>Der Beginn des 20. Jahrhunderts ist gepr\u00e4gt von der Auffassung des Parfums als Objekt der modernen Kunst, und 1910 lanciert Paul Poiret Les Parfums de Rosine, und somit wird die Generation der Couturier-Parf\u00fcmeure dargestellt.<\/p><p><u><b>1920 -1960: die Bl\u00fctezeit der franz\u00f6sischen Parf\u00fcmerie.<\/b><\/u><br \/>Dies ist die goldene Periode der franz\u00f6sischen Parf\u00fcmerie, in der Parf\u00fcms ein k\u00fcnstlerischer Ausdruck und ein\u00a0\u00e4sthetisches und olfaktorische Feier sind. Die Industrialisierung und Kommerzialisierung beginnt mit der Massenproduktion und synthetischen Materialien.<\/p><p><b><u>1960-1980 : Vielfalt<\/u><\/b><br \/>Die 1960er Jahre bis Ende der 1980er Jahre sind eine revolution\u00e4re Zeit. Eine Zeit der Neudefinition von Werten und Gesellschaft. Eine Zeit der Kontraste und Extreme. Die Parfums dieser Zeit versuchen, diese neue Realit\u00e4t, die wirtschaftlichen und sozialen Unruhen und den Einfluss der Stra\u00dfe widerzuspiegeln.<\/p><p><u><b>1990er Jahre: Globalisierung<\/b><\/u><br \/>In den 1990er Jahren verliert die Parf\u00fcmindustrie ihr k\u00fcnstlerisches Gesp\u00fcr und konzentriert sich in den H\u00e4nden mehrerer multinationaler Konzerne. Gro\u00dfes Marketing, synthetische Rohstoffe und Finanzkraft wurden zu den wichtigsten Erfolgsfaktoren und lie\u00dfen das eigentliche Parf\u00fcm und seine Bedeutung hinter sich. Der K\u00e4ufer ist ein Konsument, und ist kein Individuum, dessen Geschmack es zu verstehen und dessen Pers\u00f6nlichkeit zu kultivieren gilt. Masse und Volumen waren der Schl\u00fcssel.<br \/><u><b><br \/>2000s: Zur\u00fcck zur Kultiviertheit<\/b><\/u><br \/>Heute befindet sich die Welt in einem tiefgreifenden Wandel. Im Zuge der Globalisierung haben wir sowohl ihre positiven als auch ihre negativen Aspekte erlebt. Die Menschen suchen heute nach Individualit\u00e4t, Signatur und Einzigartigkeit, und die Tendenzen in der Parf\u00fcmerie gehen zur\u00fcck zu ihren soliden Grundlagen:<\/p><ul><li>\u00a0\u00a0\u00a0 Wir kehren zur\u00fcck zum anspruchsvollen, originellen und gewagten Duft<\/li><li>\u00a0\u00a0\u00a0 Wir kehren zu femininen und maskulinen D\u00fcften zur\u00fcck und nicht zu Unisex-Produkten<\/li><li>\u00a0\u00a0\u00a0 Wir suchen die emotionalen und k\u00fcnstlerischen Aspekte unserer Produkte zur\u00fcck.<\/li><\/ul><\/div>\n\t\t\t\t<\/div>\n\t\t\t\t\t\t\t\t<\/div>\n\t\t\t\t\t\t<\/div>\n\t\t\t\t<\/div>\n\t\t\t\t\t<\/div>\r\n\t\t\t\t<\/div>\r\n\t\t\t\t\t<\/div>\r\n\t\t\t\t<\/section>\r\n\t\t\t\t<\/div>\n\t\t","protected":false},"excerpt":{"rendered":"<p>Messopotamien Die ersten schriftlichen Aufzeichnungen \u00fcber die Parf\u00fcmerie wurden in der messopotamischen Zivilisation gefunden. Die Sumerer haben uns viele Rezepte f\u00fcr Salben und Parf\u00fcms hinterlassen, und K\u00f6nigin Schubab, die 3.500 Jahre v. Chr. lebte, ist das erste bekannte K\u00f6nigshaus, das mit Kosmetika bestattet wurde. Die messopotamische Kultur beeinflusste die \u00c4gypter. Altes \u00c4gypten Bis zum Beginn [&hellip;]<\/p>\n","protected":false},"author":2,"featured_media":0,"parent":4795,"menu_order":0,"comment_status":"closed","ping_status":"closed","template":"","meta":{"footnotes":""},"class_list":["post-6321","page","type-page","status-publish","hentry"],"_links":{"self":[{"href":"https:\/\/ipg-fragrances.com\/de\/wp-json\/wp\/v2\/pages\/6321","targetHints":{"allow":["GET"]}}],"collection":[{"href":"https:\/\/ipg-fragrances.com\/de\/wp-json\/wp\/v2\/pages"}],"about":[{"href":"https:\/\/ipg-fragrances.com\/de\/wp-json\/wp\/v2\/types\/page"}],"author":[{"embeddable":true,"href":"https:\/\/ipg-fragrances.com\/de\/wp-json\/wp\/v2\/users\/2"}],"replies":[{"embeddable":true,"href":"https:\/\/ipg-fragrances.com\/de\/wp-json\/wp\/v2\/comments?post=6321"}],"version-history":[{"count":31,"href":"https:\/\/ipg-fragrances.com\/de\/wp-json\/wp\/v2\/pages\/6321\/revisions"}],"predecessor-version":[{"id":6707,"href":"https:\/\/ipg-fragrances.com\/de\/wp-json\/wp\/v2\/pages\/6321\/revisions\/6707"}],"up":[{"embeddable":true,"href":"https:\/\/ipg-fragrances.com\/de\/wp-json\/wp\/v2\/pages\/4795"}],"wp:attachment":[{"href":"https:\/\/ipg-fragrances.com\/de\/wp-json\/wp\/v2\/media?parent=6321"}],"curies":[{"name":"wp","href":"https:\/\/api.w.org\/{rel}","templated":true}]}}