{"id":4643,"date":"2022-01-19T11:26:27","date_gmt":"2022-01-19T10:26:27","guid":{"rendered":"https:\/\/ipg-fragrances.com\/?page_id=4643"},"modified":"2026-02-08T07:20:02","modified_gmt":"2026-02-08T06:20:02","slug":"duftmaschinen-duftsystemen","status":"publish","type":"page","link":"https:\/\/ipg-fragrances.com\/de\/duftmaschinen-duftsystemen\/","title":{"rendered":"Duftmaschinen &#038; Duftsystemen"},"content":{"rendered":"<div class=\"wpb-content-wrapper\"><p>[vc_row][vc_column][vc_custom_heading text=&#8221;Duftmaschinen&#8221; font_container=&#8221;tag:h1|text_align:center&#8221; use_theme_fonts=&#8221;yes&#8221; source=&#8221;post_title&#8221;][vc_empty_space]<div id=\"porto-product-categories-e418b69131bd5a76d88af55ba27ec4bd\" class=\"porto-products wpb_content_element perfume-cats porto-product-category-widget wpb_custom_5cf8e7d16682a249ba3c18656f03a7c6 hide-count\"><div class=\"woocommerce columns-5\"><ul class=\"products products-container grid category-pos-outside category-text-center show-nav-middle pcols-lg-5 pcols-md-4 pcols-xs-3 pcols-ls-2 pwidth-lg-5 pwidth-md-4 pwidth-xs-2 pwidth-ls-1 is-shortcode\"\r\n\t data-product_layout=\"product-outimage_aq_onimage\">\r\n\r\n<li class=\"product-category product-col\">\r\n\t\t<a href=\"https:\/\/ipg-fragrances.com\/de\/cat\/nicht-kategorisiert\/\" aria-label=\"category\">\r\n\t\t<div class=\"thumb-info  align-center\">\r\n\t\t\t\t\t\t\t\t\t<div class=\"thumb-info-wrapper tf-none\">\r\n\t\t\t\t\t<img fetchpriority=\"high\" decoding=\"async\" src=\"https:\/\/ipg-fragrances.com\/wp-content\/uploads\/woocommerce-placeholder.png\" alt=\"Nicht kategorisiert\" width=\"300\" height=\"300\" \/>\t\t\t\t<\/div>\r\n\t\t\t\t\t\t\t\t\t\t\t\t\t<div class=\"thumb-info-wrap\">\r\n\t\t\t\t\t<div class=\"thumb-info-title\">\r\n\t\t\t\t\t\t\t\t\t\t\t\t\t\t\t\t<h3 class=\"sub-title thumb-info-inner\">Nicht kategorisiert<\/h3>\r\n\t\t\t\t\t\t\t\t\t\t\t\t\t\t\t\t\t\t<span class=\"thumb-info-type\">\r\n\t\t\t\t\t\t\t\t\t\t\t\t\t\t\t\t <mark class=\"count\">1<\/mark> Produkt\t\t\t\t\t\t\t<\/span>\r\n\t\t\t\t\t\t\t\t\t\t\t\t\t\t\t\t\t\t\t<\/div>\r\n\t\t\t\t<\/div>\r\n\t\t\t\t\t<\/div>\r\n\t<\/a>\r\n\r\n\t\r\n\t<\/li>\r\n\r\n<li class=\"product-category product-col\">\r\n\t\t<a href=\"https:\/\/ipg-fragrances.com\/de\/cat\/loesungen-fuer-den-einzelhandel\/\" aria-label=\"category\">\r\n\t\t<div class=\"thumb-info  align-center\">\r\n\t\t\t\t\t\t\t\t\t<div class=\"thumb-info-wrapper tf-none\">\r\n\t\t\t\t\t<img decoding=\"async\" src=\"https:\/\/ipg-fragrances.com\/wp-content\/uploads\/2020\/10\/iStock-590250054-Copy-1-300x300.jpg\" alt=\"L\u00f6sungen f\u00fcr den Einzelhandel\" width=\"300\" height=\"300\" \/>\t\t\t\t<\/div>\r\n\t\t\t\t\t\t\t\t\t\t\t\t\t<div class=\"thumb-info-wrap\">\r\n\t\t\t\t\t<div class=\"thumb-info-title\">\r\n\t\t\t\t\t\t\t\t\t\t\t\t\t\t\t\t<h3 class=\"sub-title thumb-info-inner\">L\u00f6sungen f\u00fcr den Einzelhandel<\/h3>\r\n\t\t\t\t\t\t\t\t\t\t\t\t\t\t\t\t\t\t<span class=\"thumb-info-type\">\r\n\t\t\t\t\t\t\t\t\t\t\t\t\t\t\t\t <mark class=\"count\">3<\/mark> Produkte\t\t\t\t\t\t\t<\/span>\r\n\t\t\t\t\t\t\t\t\t\t\t\t\t\t\t\t\t\t\t<\/div>\r\n\t\t\t\t<\/div>\r\n\t\t\t\t\t<\/div>\r\n\t<\/a>\r\n\r\n\t\r\n\t<\/li>\r\n\r\n<li class=\"product-category product-col\">\r\n\t\t<a href=\"https:\/\/ipg-fragrances.com\/de\/cat\/hotel-spa-fitnessstudio-loesungen\/\" aria-label=\"category\">\r\n\t\t<div class=\"thumb-info  align-center\">\r\n\t\t\t\t\t\t\t\t\t<div class=\"thumb-info-wrapper tf-none\">\r\n\t\t\t\t\t<img decoding=\"async\" src=\"https:\/\/ipg-fragrances.com\/wp-content\/uploads\/2020\/10\/iStock-1130969569-Copy-300x300.jpg\" alt=\"L\u00f6sungen f\u00fcr Hotel\/Spa\/ Fitnessstudio\" width=\"300\" height=\"300\" \/>\t\t\t\t<\/div>\r\n\t\t\t\t\t\t\t\t\t\t\t\t\t<div class=\"thumb-info-wrap\">\r\n\t\t\t\t\t<div class=\"thumb-info-title\">\r\n\t\t\t\t\t\t\t\t\t\t\t\t\t\t\t\t<h3 class=\"sub-title thumb-info-inner\">L\u00f6sungen f\u00fcr Hotel\/Spa\/ Fitnessstudio<\/h3>\r\n\t\t\t\t\t\t\t\t\t\t\t\t\t\t\t\t\t\t<span class=\"thumb-info-type\">\r\n\t\t\t\t\t\t\t\t\t\t\t\t\t\t\t\t <mark class=\"count\">1<\/mark> Produkt\t\t\t\t\t\t\t<\/span>\r\n\t\t\t\t\t\t\t\t\t\t\t\t\t\t\t\t\t\t\t<\/div>\r\n\t\t\t\t<\/div>\r\n\t\t\t\t\t<\/div>\r\n\t<\/a>\r\n\r\n\t\r\n\t<\/li>\r\n\r\n<li class=\"product-category product-col\">\r\n\t\t<a href=\"https:\/\/ipg-fragrances.com\/de\/cat\/einkaufszentrum-gebaeudeloesungen\/\" aria-label=\"category\">\r\n\t\t<div class=\"thumb-info  align-center\">\r\n\t\t\t\t\t\t\t\t\t<div class=\"thumb-info-wrapper tf-none\">\r\n\t\t\t\t\t<img loading=\"lazy\" decoding=\"async\" src=\"https:\/\/ipg-fragrances.com\/wp-content\/uploads\/2020\/10\/iStock-681569548-Copy-300x300.jpg\" alt=\"Shoppingcenter \/ Geb\u00e4ude L\u00f6sungen\" width=\"300\" height=\"300\" \/>\t\t\t\t<\/div>\r\n\t\t\t\t\t\t\t\t\t\t\t\t\t<div class=\"thumb-info-wrap\">\r\n\t\t\t\t\t<div class=\"thumb-info-title\">\r\n\t\t\t\t\t\t\t\t\t\t\t\t\t\t\t\t<h3 class=\"sub-title thumb-info-inner\">Shoppingcenter \/ Geb\u00e4ude L\u00f6sungen<\/h3>\r\n\t\t\t\t\t\t\t\t\t\t\t\t\t\t\t\t\t\t<span class=\"thumb-info-type\">\r\n\t\t\t\t\t\t\t\t\t\t\t\t\t\t\t\t <mark class=\"count\">1<\/mark> Produkt\t\t\t\t\t\t\t<\/span>\r\n\t\t\t\t\t\t\t\t\t\t\t\t\t\t\t\t\t\t\t<\/div>\r\n\t\t\t\t<\/div>\r\n\t\t\t\t\t<\/div>\r\n\t<\/a>\r\n\r\n\t\r\n\t<\/li>\r\n\r\n<li class=\"product-category product-col\">\r\n\t\t<a href=\"https:\/\/ipg-fragrances.com\/de\/cat\/buero-loesungen\/\" aria-label=\"category\">\r\n\t\t<div class=\"thumb-info  align-center\">\r\n\t\t\t\t\t\t\t\t\t<div class=\"thumb-info-wrapper tf-none\">\r\n\t\t\t\t\t<img loading=\"lazy\" decoding=\"async\" src=\"https:\/\/ipg-fragrances.com\/wp-content\/uploads\/2020\/10\/dreamstime_xs_20366326-300x300.jpg\" alt=\"B\u00fcro-L\u00f6sungen\" width=\"300\" height=\"300\" \/>\t\t\t\t<\/div>\r\n\t\t\t\t\t\t\t\t\t\t\t\t\t<div class=\"thumb-info-wrap\">\r\n\t\t\t\t\t<div class=\"thumb-info-title\">\r\n\t\t\t\t\t\t\t\t\t\t\t\t\t\t\t\t<h3 class=\"sub-title thumb-info-inner\">B\u00fcro-L\u00f6sungen<\/h3>\r\n\t\t\t\t\t\t\t\t\t\t\t\t\t\t\t\t\t\t<span class=\"thumb-info-type\">\r\n\t\t\t\t\t\t\t\t\t\t\t\t\t\t\t\t <mark class=\"count\">2<\/mark> Produkte\t\t\t\t\t\t\t<\/span>\r\n\t\t\t\t\t\t\t\t\t\t\t\t\t\t\t\t\t\t\t<\/div>\r\n\t\t\t\t<\/div>\r\n\t\t\t\t\t<\/div>\r\n\t<\/a>\r\n\r\n\t\r\n\t<\/li>\r\n<\/ul>\r\n<\/div><\/div>[\/vc_column][\/vc_row][vc_row][vc_column][vc_custom_heading text=&#8221;Die Vorteile&#8221; font_container=&#8221;tag:h1|text_align:center&#8221; use_theme_fonts=&#8221;yes&#8221;][vc_empty_space][vc_empty_space][\/vc_column][\/vc_row][vc_row el_class=&#8221;advantages&#8221;][vc_column width=&#8221;1\/5&#8243; el_class=&#8221;advantage&#8221;][vc_icon icon_fontawesome=&#8221;fas fa-arrows-alt&#8221; color=&#8221;custom&#8221; background_style=&#8221;rounded-outline&#8221; size=&#8221;lg&#8221; align=&#8221;center&#8221; custom_color=&#8221;#948765&#8243;][vc_column_text]<\/p>\n<p style=\"text-align: center;\"><strong>Effiziente<\/strong><br \/>\n<strong><small>Starke Diffusion. Lang anhaltend. Das Parf\u00fcm bleibt bestehen (Mikroverkapselung)<\/small><\/strong><\/p>\n<p>[\/vc_column_text][vc_column_text][\/vc_column_text][\/vc_column][vc_column width=&#8221;1\/5&#8243; el_class=&#8221;advantage&#8221;][vc_icon icon_fontawesome=&#8221;fas fa-money-bill-wave-alt&#8221; color=&#8221;custom&#8221; background_style=&#8221;rounded-outline&#8221; size=&#8221;lg&#8221; align=&#8221;center&#8221; custom_color=&#8221;#948765&#8243;][vc_column_text]<\/p>\n<p style=\"text-align: center;\"><strong>Wirtschaftlich<\/strong><br \/>\n<strong><small>Verbrauch ab 1 \u20ac \/ Tag. Kleine Investition und wenig Wartung.<\/small><\/strong><\/p>\n<p>[\/vc_column_text][\/vc_column][vc_column width=&#8221;1\/5&#8243; el_class=&#8221;advantage&#8221;][vc_icon icon_fontawesome=&#8221;fas fa-dragon&#8221; color=&#8221;custom&#8221; background_style=&#8221;rounded-outline&#8221; size=&#8221;lg&#8221; align=&#8221;center&#8221; custom_color=&#8221;#948765&#8243;][vc_column_text]<\/p>\n<p style=\"text-align: center;\"><strong>Einfach &amp; flexibel<\/strong><br \/>\n<strong><small>Keine <span class=\"VIiyi\" lang=\"de\"><span class=\"JLqJ4b ChMk0b\" data-language-for-alternatives=\"de\" data-language-to-translate-into=\"en\" data-phrase-index=\"0\" data-number-of-phrases=\"1\">Nachf\u00fcllkartusche<\/span><\/span>. Keine Verpflichtungen.<br \/>\nNachf\u00fcllen nach Belieben. Einfach zu warten.<br \/>\n<\/small><\/strong><\/p>\n<p>[\/vc_column_text][\/vc_column][vc_column width=&#8221;1\/5&#8243; el_class=&#8221;advantage&#8221;][vc_icon icon_fontawesome=&#8221;far fa-calendar-alt&#8221; color=&#8221;custom&#8221; background_style=&#8221;rounded-outline&#8221; size=&#8221;lg&#8221; align=&#8221;center&#8221; custom_color=&#8221;#948765&#8243;][vc_column_text]<\/p>\n<p style=\"text-align: center;\"><strong>Programmierbar.<\/strong><br \/>\n<strong><small>\u00c4ndern Sie die Intensit\u00e4t, den Wochenkalender, die Dauer und die Arbeitsstunden.<\/small><\/strong><\/p>\n<p>[\/vc_column_text][\/vc_column][vc_column width=&#8221;1\/5&#8243;][vc_icon icon_fontawesome=&#8221;fas fa-tint-slash&#8221; color=&#8221;custom&#8221; background_style=&#8221;rounded-outline&#8221; size=&#8221;lg&#8221; align=&#8221;center&#8221; custom_color=&#8221;#948765&#8243;][vc_column_text]<\/p>\n<p style=\"text-align: center;\"><strong>Keine Parf\u00fcm R\u00fcckst\u00e4nde<\/strong><br \/>\n<strong><small>Diffusion durch Mikroverkapselung. Keine Sch\u00e4den an den Oberfl\u00e4chen oder Flecken auf den Teppichen.<\/small><\/strong><\/p>\n<p>[\/vc_column_text][\/vc_column][\/vc_row]<\/p>\n<\/div>","protected":false},"excerpt":{"rendered":"<p>[vc_row][vc_column][vc_custom_heading text=&#8221;Duftmaschinen&#8221; font_container=&#8221;tag:h1|text_align:center&#8221; use_theme_fonts=&#8221;yes&#8221; source=&#8221;post_title&#8221;][vc_empty_space][\/vc_column][\/vc_row][vc_row][vc_column][vc_custom_heading text=&#8221;Die Vorteile&#8221; font_container=&#8221;tag:h1|text_align:center&#8221; use_theme_fonts=&#8221;yes&#8221;][vc_empty_space][vc_empty_space][\/vc_column][\/vc_row][vc_row el_class=&#8221;advantages&#8221;][vc_column width=&#8221;1\/5&#8243; el_class=&#8221;advantage&#8221;][vc_icon icon_fontawesome=&#8221;fas fa-arrows-alt&#8221; color=&#8221;custom&#8221; background_style=&#8221;rounded-outline&#8221; size=&#8221;lg&#8221; align=&#8221;center&#8221; custom_color=&#8221;#948765&#8243;][vc_column_text] Effiziente Starke Diffusion. Lang anhaltend. Das Parf\u00fcm bleibt bestehen (Mikroverkapselung) [\/vc_column_text][vc_column_text][\/vc_column_text][\/vc_column][vc_column width=&#8221;1\/5&#8243; el_class=&#8221;advantage&#8221;][vc_icon icon_fontawesome=&#8221;fas fa-money-bill-wave-alt&#8221; color=&#8221;custom&#8221; background_style=&#8221;rounded-outline&#8221; size=&#8221;lg&#8221; align=&#8221;center&#8221; custom_color=&#8221;#948765&#8243;][vc_column_text] Wirtschaftlich Verbrauch ab 1 \u20ac \/ Tag. Kleine Investition und wenig Wartung. [\/vc_column_text][\/vc_column][vc_column width=&#8221;1\/5&#8243; el_class=&#8221;advantage&#8221;][vc_icon icon_fontawesome=&#8221;fas [&hellip;]<\/p>\n","protected":false},"author":2,"featured_media":0,"parent":0,"menu_order":0,"comment_status":"closed","ping_status":"closed","template":"","meta":{"footnotes":""},"class_list":["post-4643","page","type-page","status-publish","hentry"],"_links":{"self":[{"href":"https:\/\/ipg-fragrances.com\/de\/wp-json\/wp\/v2\/pages\/4643","targetHints":{"allow":["GET"]}}],"collection":[{"href":"https:\/\/ipg-fragrances.com\/de\/wp-json\/wp\/v2\/pages"}],"about":[{"href":"https:\/\/ipg-fragrances.com\/de\/wp-json\/wp\/v2\/types\/page"}],"author":[{"embeddable":true,"href":"https:\/\/ipg-fragrances.com\/de\/wp-json\/wp\/v2\/users\/2"}],"replies":[{"embeddable":true,"href":"https:\/\/ipg-fragrances.com\/de\/wp-json\/wp\/v2\/comments?post=4643"}],"version-history":[{"count":10,"href":"https:\/\/ipg-fragrances.com\/de\/wp-json\/wp\/v2\/pages\/4643\/revisions"}],"predecessor-version":[{"id":7634,"href":"https:\/\/ipg-fragrances.com\/de\/wp-json\/wp\/v2\/pages\/4643\/revisions\/7634"}],"wp:attachment":[{"href":"https:\/\/ipg-fragrances.com\/de\/wp-json\/wp\/v2\/media?parent=4643"}],"curies":[{"name":"wp","href":"https:\/\/api.w.org\/{rel}","templated":true}]}}