{"id":4612,"date":"2022-01-18T01:43:48","date_gmt":"2022-01-18T00:43:48","guid":{"rendered":"https:\/\/ipg-fragrances.com\/?page_id=4612"},"modified":"2026-02-20T18:57:04","modified_gmt":"2026-02-20T17:57:04","slug":"ueber-uns-massgeschneiderte-parfuems","status":"publish","type":"page","link":"https:\/\/ipg-fragrances.com\/de\/ueber-uns-massgeschneiderte-parfuems\/","title":{"rendered":"\u00dcber uns"},"content":{"rendered":"<div class=\"wpb-content-wrapper\"><p>[vc_row][vc_column][vc_custom_heading text=&#8221;\u00dcber uns&#8221; font_container=&#8221;tag:h1|text_align:center&#8221; use_theme_fonts=&#8221;yes&#8221; source=&#8221;post_title&#8221;][\/vc_column][\/vc_row][vc_row el_class=&#8221;p-t-xxl p-b-lg&#8221;][vc_column][vc_custom_heading text=&#8221;IN <strong>K\u00dcRZE<\/strong>&#8221; font_container=&#8221;tag:h3|text_align:left&#8221; use_theme_fonts=&#8221;yes&#8221; el_class=&#8221;about-titles&#8221;][\/vc_column][\/vc_row][vc_row][vc_column width=&#8221;1\/3&#8243;]<div class=\"porto-carousel owl-carousel has-ccols has-ccols-spacing ccols-xl-1 ccols-lg-1 ccols-md-1 ccols-sm-1 ccols-1 wpb_custom_e7ff2f73e399f108e428c717da9bcc45\" data-plugin-options=\"{&quot;themeConfig&quot;:true,&quot;stagePadding&quot;:0,&quot;margin&quot;:10,&quot;autoplay&quot;:&quot;yes&quot;,&quot;mouseDrag&quot;:true,&quot;touchDrag&quot;:true,&quot;autoplayTimeout&quot;:3000,&quot;autoplayHoverPause&quot;:false,&quot;items&quot;:1,&quot;xl&quot;:1,&quot;lg&quot;:1,&quot;md&quot;:1,&quot;sm&quot;:1,&quot;xs&quot;:1,&quot;nav&quot;:false,&quot;dots&quot;:&quot;yes&quot;,&quot;animateIn&quot;:&quot;&quot;,&quot;animateOut&quot;:&quot;fadeOut&quot;,&quot;loop&quot;:&quot;yes&quot;,&quot;center&quot;:false,&quot;video&quot;:false,&quot;lazyLoad&quot;:false,&quot;fullscreen&quot;:false}\">[vc_single_image image=&#8221;6349&#8243; img_size=&#8221;full&#8221; alignment=&#8221;center&#8221; style=&#8221;vc_box_outline&#8221;]<\/div>[\/vc_column][vc_column width=&#8221;2\/3&#8243;][vc_column_text]<strong>UNSERE GESCHICHTE<\/strong><\/p>\n<p>Alles begann vor etwa 150 Jahren, als die Vorfahren von Isabelle Maillebiau, unserer Mitbegr\u00fcnderin und Chefparf\u00fcmeurin, ihr Parf\u00fcmgesch\u00e4ft in Grasse, Frankreich, gr\u00fcndeten. Vor etwa 15 Jahren \u00fcbernahmen Isabelle und Panayot die Aufgabe, diese lange Familientradition fortzusetzen und die hohe Kunst der Parf\u00fcmerie zu bewahren. Wir sind stolz darauf, diese Tradition bis heute fortzuf\u00fchren und hoffen, dieses wertvolle Know-how an die n\u00e4chste Generation weitergeben zu k\u00f6nnen.<\/p>\n<p><strong>UNSER CHEFPARF\u00dcMEUR<\/strong><\/p>\n<p>In den letzten 25 Jahren hat Isabelle Maillebiau ein vielf\u00e4ltiges und leidenschaftliches Universum geschaffen, insbesondere in der Welt der Ambiente-Produkte. Im Laufe ihrer Karriere hat sie f\u00fcr Gucci, Christofle, Lancel, Manolo Blahnik, Dior, C\u00e9line, Boucheron, Patek Philippe, Lacroix, Sonia Rykiel, Sisley, Boucheron, &#8230; unterschrieben, nicht zu vergessen die Kreationen von Duftambiente f\u00fcr einige der ber\u00fchmtesten Hotels der Welt: le Plaza Ath\u00e9n\u00e9e, le Meurice, le George V, Grand H\u00f4tel du Lac Schweiz&#8230;.<\/p>\n<p><strong>ZERTIFIZIERUNGEN<\/strong><\/p>\n<p>Wir arbeiten von der Schweiz und Bulgarien aus (Nicht-EU- bzw. EU-Mitgliedstaaten). Wir sind <a href=\"https:\/\/ec.europa.eu\/growth\/single-market\/european-standards\/harmonised-standards\/cosmetic-products_en\" target=\"_blank\" rel=\"noopener\">EU-GMP-zertifiziert<\/a> (EUROPEAN UNION GMP) f\u00fcr Parf\u00fcmerie- und Kosmetikprodukte und produzieren und vermarkten Produkte in der ganzen Schweiz, in der Europ\u00e4ischen Union und dar\u00fcber hinaus. Lizenz Nr. 2219024393.<\/p>\n<p><strong><br \/>\nALL-IN-ONE-L\u00d6SUNGEN<\/strong><\/p>\n<p>Von der Konzeption bis zur Herstellung, Pr\u00fcfung, Lagerung und Gesetzgebung, wir k\u00fcmmern uns um alles. Als Ihr Parf\u00fcmeur und Hersteller unterst\u00fctzen wir Sie bei der Kreation und Produktion Ihrer massgeschneiderten Parf\u00fcms, Kerzen, Kosmetika, Werbeartikel&#8230;. Wenn n\u00f6tig, k\u00f6nnen wir auch die Exportdokumentation und <strong><a href=\"https:\/\/www.tuv.com\/world\/en\/\" target=\"_blank\" rel=\"noopener\">UV<\/a> \/ <a href=\"https:\/\/www.sgs.com\/\" target=\"_blank\" rel=\"noopener\">SGS<\/a> \/ <a href=\"https:\/\/www.intertek.com\/\" target=\"_blank\" rel=\"noopener\">Intertek<\/a><\/strong> &#8211; Zertifizierungen erstellen. F\u00fcr diese Dienstleistungen fallen zus\u00e4tzliche Geb\u00fchren an.[\/vc_column_text][\/vc_column][\/vc_row][vc_row el_class=&#8221;p-b-lg&#8221;][vc_column][vc_separator color=&#8221;custom&#8221; gap=&#8221;tall&#8221; accent_color=&#8221;#dbdbdb&#8221;][vc_row_inner][vc_column_inner width=&#8221;1\/2&#8243; animation_duration=&#8221;100000&#8243; offset=&#8221;vc_col-md-3&#8243;][vc_pie value=&#8221;1260&#8243; type=&#8221;default&#8221; title=&#8221;Projekte&#8221; units=&#8221;1000&#8243;][\/vc_column_inner][vc_column_inner width=&#8221;1\/2&#8243; animation_duration=&#8221;10000&#8243; offset=&#8221;vc_col-md-3&#8243;][vc_pie value=&#8221;600&#8243; type=&#8221;default&#8221; title=&#8221;Produkte&#8221; units=&#8221;685000&#8243;][\/vc_column_inner][vc_column_inner width=&#8221;1\/2&#8243; animation_duration=&#8221;100000000&#8243; animation_delay=&#8221;10000000&#8243; offset=&#8221;vc_col-md-3&#8243;][vc_pie value=&#8221;4&#8243; type=&#8221;default&#8221; title=&#8221;auf Kontinenten&#8221;][\/vc_column_inner][vc_column_inner width=&#8221;1\/2&#8243; animation_duration=&#8221;10000&#8243; offset=&#8221;vc_col-md-3&#8243;][vc_pie value=&#8221;16&#8243; type=&#8221;default&#8221; title=&#8221;Kategorien&#8221; units=&#8221;0&#8243;][\/vc_column_inner][\/vc_row_inner][vc_separator color=&#8221;custom&#8221; gap=&#8221;tall&#8221; accent_color=&#8221;#dbdbdb&#8221;][\/vc_column][\/vc_row][vc_row][vc_column][vc_custom_heading text=&#8221;UNSERE <strong>MISSION<\/strong>&#8221; font_container=&#8221;tag:h3|text_align:left&#8221; use_theme_fonts=&#8221;yes&#8221; el_class=&#8221;about-titles&#8221;][vc_column_text]Das Unwahrnehmbare erfassen, um das Einzigartige zu kultivieren[\/vc_column_text][\/vc_column][\/vc_row][vc_row][vc_column][vc_custom_heading text=&#8221;UNSERE <strong>LEIDENSCHAFT<\/strong>&#8221; font_container=&#8221;tag:h3|text_align:left&#8221; use_theme_fonts=&#8221;yes&#8221; el_class=&#8221;about-titles&#8221;][vc_column_text]Kreativit\u00e4t. Wir streben nach Einzigartigkeit und kombinieren h\u00f6chste Qualit\u00e4t mit Erschwinglichkeit und Flexibilit\u00e4t. Unsere <strong><a href=\"https:\/\/ipg-fragrances.com\/gallery\/\">Kreationen<\/a><\/strong> sprechen f\u00fcr sich selbst. Als unser Parf\u00fcmeur unterst\u00fctzen wir Sie bei der Kreation Ihrer ma\u00dfgeschneiderten Parf\u00fcms, Kerzen, Kosmetika, Werbeartikel und vielem mehr.[\/vc_column_text][\/vc_column][\/vc_row][vc_row][vc_column][vc_custom_heading text=&#8221;UNSER <strong>PLANET<\/strong>&#8221; font_container=&#8221;tag:h3|text_align:left&#8221; use_theme_fonts=&#8221;yes&#8221; el_class=&#8221;about-titles&#8221;][vc_column_text]Die Natur und ihre Vielfalt sind unsere wichtigste Inspirationsquelle. Unser Ziel ist es, sie zu erhalten und die Umweltauswirkungen unserer Aktivit\u00e4ten zu minimieren.<\/p>\n<p>Wir verwenden so weit wie m\u00f6glich 100 % recycelbare L\u00f6sungen wie Glas, Metall und Recyclingpapier. Wir beteiligen uns an verschiedenen staatlichen Recyclingverb\u00e4nden (Citeo, Ecopak&#8230;)<\/p>\n<p>N\u00e4he &#8211; wir versuchen, wo immer m\u00f6glich, unsere Produkte so nah wie m\u00f6glich zu beziehen, um Transportkosten und Umweltverschmutzung zu vermeiden.[\/vc_column_text][\/vc_column][\/vc_row]<\/p>\n<\/div>","protected":false},"excerpt":{"rendered":"<p>[vc_row][vc_column][vc_custom_heading text=&#8221;\u00dcber uns&#8221; font_container=&#8221;tag:h1|text_align:center&#8221; use_theme_fonts=&#8221;yes&#8221; source=&#8221;post_title&#8221;][\/vc_column][\/vc_row][vc_row el_class=&#8221;p-t-xxl p-b-lg&#8221;][vc_column][vc_custom_heading text=&#8221;IN K\u00dcRZE&#8221; font_container=&#8221;tag:h3|text_align:left&#8221; use_theme_fonts=&#8221;yes&#8221; el_class=&#8221;about-titles&#8221;][\/vc_column][\/vc_row][vc_row][vc_column width=&#8221;1\/3&#8243;][\/vc_column][vc_column width=&#8221;2\/3&#8243;][vc_column_text]UNSERE GESCHICHTE Alles begann vor etwa 150 Jahren, als die Vorfahren von Isabelle Maillebiau, unserer Mitbegr\u00fcnderin und Chefparf\u00fcmeurin, ihr Parf\u00fcmgesch\u00e4ft in Grasse, Frankreich, gr\u00fcndeten. Vor etwa 15 Jahren \u00fcbernahmen Isabelle und Panayot die Aufgabe, diese lange Familientradition fortzusetzen und die hohe [&hellip;]<\/p>\n","protected":false},"author":2,"featured_media":0,"parent":0,"menu_order":0,"comment_status":"closed","ping_status":"closed","template":"","meta":{"footnotes":""},"class_list":["post-4612","page","type-page","status-publish","hentry"],"_links":{"self":[{"href":"https:\/\/ipg-fragrances.com\/de\/wp-json\/wp\/v2\/pages\/4612","targetHints":{"allow":["GET"]}}],"collection":[{"href":"https:\/\/ipg-fragrances.com\/de\/wp-json\/wp\/v2\/pages"}],"about":[{"href":"https:\/\/ipg-fragrances.com\/de\/wp-json\/wp\/v2\/types\/page"}],"author":[{"embeddable":true,"href":"https:\/\/ipg-fragrances.com\/de\/wp-json\/wp\/v2\/users\/2"}],"replies":[{"embeddable":true,"href":"https:\/\/ipg-fragrances.com\/de\/wp-json\/wp\/v2\/comments?post=4612"}],"version-history":[{"count":10,"href":"https:\/\/ipg-fragrances.com\/de\/wp-json\/wp\/v2\/pages\/4612\/revisions"}],"predecessor-version":[{"id":6925,"href":"https:\/\/ipg-fragrances.com\/de\/wp-json\/wp\/v2\/pages\/4612\/revisions\/6925"}],"wp:attachment":[{"href":"https:\/\/ipg-fragrances.com\/de\/wp-json\/wp\/v2\/media?parent=4612"}],"curies":[{"name":"wp","href":"https:\/\/api.w.org\/{rel}","templated":true}]}}